{"id":29946,"date":"2024-11-07T15:45:52","date_gmt":"2024-11-07T08:45:52","guid":{"rendered":"https:\/\/handan.com.vn\/?post_type=product&#038;p=29946"},"modified":"2026-01-05T15:29:10","modified_gmt":"2026-01-05T08:29:10","slug":"bong-loc-bui-so-cap-air-inlet-cotton-weaving","status":"publish","type":"product","link":"http:\/\/handan.com.vn\/en\/product\/bong-loc-bui-so-cap-air-inlet-cotton-weaving\/","title":{"rendered":"B\u00f4ng l\u1ecdc b\u1ee5i s\u01a1 c\u1ea5p  (Air  inlet  cotton  weaving)"},"content":{"rendered":"<p><strong><span style=\"font-size: 130%;\">B\u00f4ng l\u1ecdc b\u1ee5i s\u01a1 c\u1ea5p:<\/span><\/strong><span style=\"font-size: 130%;\"> \u0110\u1ed1i t\u01b0\u1ee3ng l\u1ecdc ch\u00ednh: \u22655\u03bcm, l\u1ecdc b\u1ee5i th\u00f4, \u0111\u1eb7c bi\u1ec7t th\u00edch h\u1ee3p cho \u0111i\u1ec1u h\u00f2a kh\u00f4ng kh\u00ed, t\u00e0u h\u1ecfa, t\u00e0u \u0111i\u1ec7n ng\u1ea7m,th\u00f4ng gi\u00f3 c\u1eeba s\u1ed5, l\u1ecdc th\u00f4 cho h\u1ec7 th\u1ed1ng phun s\u01a1n v\u00e0 h\u1ec7 th\u1ed1ng l\u1ecdc tr\u01b0\u1edbc kh\u00f4ng kh\u00ed kh\u00e1c<\/span><\/p>\n<p>Kh\u1ea3 n\u0103ng l\u00e0m s\u1ea1ch m\u1ea1nh m\u1ebd<br \/>\nKh\u1ea3 n\u0103ng ch\u1ed1ng ch\u00e1y t\u1ed1t<br \/>\nC\u00f3 t\u00ednh \u0111\u00e0n h\u1ed3i<br \/>\nTi\u1ebft ki\u1ec7m v\u00e0 hi\u1ec7u qu\u1ea3<\/p>\n<p><strong><a href=\"https:\/\/lockhicongnghiep.com\/san-pham\/bong-loc-bui\">B\u00f4ng l\u1ecdc b\u1ee5i<\/a><\/strong>\u00a0\u0111\u01b0\u1ee3c t\u00ednh v\u00e0 quy \u01b0\u1edbc nh\u01b0 sau: b\u00f4ng l\u1ecdc b\u1ee5i 5mm hay c\u00f2n g\u1ecdi l\u00e0\u00a0<a href=\"https:\/\/lockhicongnghiep.com\/san-pham\/bong-loc-bui-g1\"><strong>b\u00f4ng l\u1ecdc b\u1ee5i G1<\/strong><\/a>\u00a0c\u00f3 hi\u1ec7u su\u1ea5t l\u1ecdc 65%, b\u00f4ng l\u1ecdc b\u1ee5i 10mm c\u00f3 ti\u00eau chu\u1ea9n G2-EN779 hi\u1ec7u su\u1ea5t l\u1ecdc b\u1ee5i l\u00e0 75%, b\u00f4ng l\u1ecdc b\u1ee5i 15mm hay c\u00f2n g\u1ecdi l\u00e0 b\u00f4ng l\u1ecdc b\u1ee5i G3 c\u00f3 hi\u1ec7u su\u1ea5t l\u1ecdc l\u00e0 80%, b\u00f4ng l\u1ecdc b\u1ee5i G4 hay c\u00f2n g\u1ecdi l\u00e0 b\u00f4ng 20mm c\u00f3 hi\u1ec7u su\u1ea5t l\u1ecdc cao nh\u1ea5t l\u00e0 95%.<\/p>","protected":false},"excerpt":{"rendered":"<p><em><strong>K\u00edch th\u01b0\u1edbc:<\/strong><\/em>\u00a02m x 20m<br \/>\n<em><strong>\u0110\u1ed9 d\u00e0y:<\/strong><\/em>\u00a0G1 (5mm &#8211; 8mm), G2 (10mm) G3, G4 (20mm)<br \/>\n<em><strong>Hi\u1ec7u su\u1ea5t l\u1ecdc:\u00a0<\/strong><\/em>G1, G2, G3, G4<br \/>\n<strong><em>V\u1eadt li\u1ec7u:<\/em><\/strong><em>\u00a0<\/em>S\u1ee3i t\u1ed5ng h\u1ee3p<br \/>\n<em><strong>\u0110\u1ed9 ch\u00eanh \u00e1p t\u1ed1i \u0111a:<\/strong><\/em> 100-200 Pa<\/p>","protected":false},"featured_media":29898,"template":"","meta":[],"_links":{"self":[{"href":"http:\/\/handan.com.vn\/en\/wp-json\/wp\/v2\/product\/29946"}],"collection":[{"href":"http:\/\/handan.com.vn\/en\/wp-json\/wp\/v2\/product"}],"about":[{"href":"http:\/\/handan.com.vn\/en\/wp-json\/wp\/v2\/types\/product"}],"wp:featuredmedia":[{"embeddable":true,"href":"http:\/\/handan.com.vn\/en\/wp-json\/wp\/v2\/media\/29898"}],"wp:attachment":[{"href":"http:\/\/handan.com.vn\/en\/wp-json\/wp\/v2\/media?parent=29946"}],"curies":[{"name":"wp","href":"https:\/\/api.w.org\/{rel}","templated":true}]}}