{"id":29944,"date":"2024-11-07T14:55:25","date_gmt":"2024-11-07T07:55:25","guid":{"rendered":"https:\/\/handan.com.vn\/?post_type=product&#038;p=29944"},"modified":"2026-01-05T15:29:10","modified_gmt":"2026-01-05T08:29:10","slug":"bo-loc-tui-tong-hop-synthetic-fiber-pocket-filter","status":"publish","type":"product","link":"http:\/\/handan.com.vn\/en\/product\/bo-loc-tui-tong-hop-synthetic-fiber-pocket-filter\/","title":{"rendered":"B\u1ed9 l\u1ecdc t\u00fai t\u1ed5ng h\u1ee3p( Synthetic fiber pocket filter)"},"content":{"rendered":"<p><span style=\"font-size: 140%;\"><strong>B\u1ed9 l\u1ecdc t\u00fai t\u1ed5ng h\u1ee3p: <\/strong><\/span><span style=\"font-size: 110%;\">L\u1ecdc c\u00e1c h\u1ea1t nh\u1ecf trong h\u1ec7 th\u1ed1ng l\u1ecdc kh\u00f4ng kh\u00ed; l\u1ecdc s\u01a1 b\u1ed9 cho c\u00e1c b\u1ed9 l\u1ecdc hi\u1ec7u su\u1ea5t cao<\/span><\/p>\n<p>L\u01b0\u1ee3ng kh\u00ed th\u1ed5i l\u1edbn<\/p>\n<p>Kh\u00e1ng l\u1ef1c th\u1ea5p<\/p>\n<p>L\u01b0u l\u01b0\u1ee3ng ch\u1ee9a b\u1ee5i cao<\/p>\n<p>C\u1ea5u tr\u00fac ch\u1eafc ch\u1eafn<\/p>\n<p>&nbsp;<\/p>\n<p>B\u1ea3ng th\u00f4ng s\u1ed1 k\u0129 thu\u1eadt:<\/p>\n<table width=\"679\">\n<tbody>\n<tr>\n<td rowspan=\"2\" width=\"56\">\u00a0Type<\/td>\n<td colspan=\"3\" width=\"129\">\n<p style=\"text-align: center;\">\u00a0Dimension(mm)<\/p>\n<\/td>\n<td rowspan=\"2\" width=\"92\">\n<p style=\"text-align: center;\">Di\u1ec7n t\u00edch l\u1ecdc<\/p>\n<p style=\"text-align: center;\">(m<sup>2<\/sup>)<\/p>\n<\/td>\n<td colspan=\"5\" width=\"187\">\n<p style=\"text-align: center;\">L\u01b0u l\u01b0\u1ee3ng kh\u00ed \u0111\u1ecbnh m\u1ee9c<\/p>\n<p style=\"text-align: center;\">(m^3\/h<strong>)<\/strong><\/p>\n<\/td>\n<td colspan=\"5\" width=\"214\">\n<p style=\"text-align: center;\">\u00c1p su\u1ea5t ng\u01b0\u1ee1ng<\/p>\n<p style=\"text-align: center;\">(Pa)<\/p>\n<\/td>\n<\/tr>\n<tr>\n<td width=\"43\">\n<p style=\"text-align: center;\">R\u1ed9ng<\/p>\n<\/td>\n<td style=\"text-align: center;\" width=\"43\">D\u00e0i<\/td>\n<td style=\"text-align: center;\" width=\"43\">S\u00e2u<\/td>\n<td width=\"37\">\n<p style=\"text-align: center;\">G4<\/p>\n<\/td>\n<td style=\"text-align: center;\" width=\"37\">F5<\/td>\n<td style=\"text-align: center;\" width=\"37\">F6<\/td>\n<td style=\"text-align: center;\" width=\"39\">F7<\/td>\n<td style=\"text-align: center;\" width=\"37\">F8<\/td>\n<td style=\"text-align: center;\" width=\"43\">G4<\/td>\n<td style=\"text-align: center;\" width=\"43\">F5<\/td>\n<td style=\"text-align: center;\" width=\"44\">F6<\/td>\n<td style=\"text-align: center;\" width=\"42\">F7<\/td>\n<td width=\"43\">\n<p style=\"text-align: center;\">F8<\/p>\n<\/td>\n<\/tr>\n<tr>\n<td rowspan=\"9\" width=\"56\">&nbsp;<\/p>\n<p>&nbsp;<\/p>\n<p>B\u1ed9 l\u1ecdc t\u00fai s\u1ee3i t\u1ed5ng h\u1ee3p 6 t\u00fai<\/p>\n<p>&nbsp;<\/td>\n<td width=\"43\">\n<p style=\"text-align: center;\">287<\/p>\n<\/td>\n<td style=\"text-align: center;\" width=\"43\">592<\/td>\n<td style=\"text-align: center;\" width=\"43\">360<\/td>\n<td style=\"text-align: center;\" width=\"92\">1.25<\/td>\n<td style=\"text-align: center;\" width=\"37\">1350<\/td>\n<td style=\"text-align: center;\" width=\"37\">1300<\/td>\n<td style=\"text-align: center;\" width=\"37\">1250<\/td>\n<td style=\"text-align: center;\" width=\"39\">1200<\/td>\n<td style=\"text-align: center;\" width=\"37\">1150<\/td>\n<td style=\"text-align: center;\" width=\"43\">45<\/td>\n<td style=\"text-align: center;\" width=\"43\">53<\/td>\n<td style=\"text-align: center;\" width=\"44\">60<\/td>\n<td style=\"text-align: center;\" width=\"42\">108<\/td>\n<td style=\"text-align: center;\" width=\"43\">\n<p style=\"text-align: center;\">126<\/p>\n<\/td>\n<\/tr>\n<tr>\n<td style=\"text-align: center;\" width=\"43\">490<\/td>\n<td style=\"text-align: center;\" width=\"43\">592<\/td>\n<td style=\"text-align: center;\" width=\"43\">360<\/td>\n<td style=\"text-align: center;\" width=\"92\">2.16<\/td>\n<td style=\"text-align: center;\" width=\"37\">2250<\/td>\n<td style=\"text-align: center;\" width=\"37\">2200<\/td>\n<td style=\"text-align: center;\" width=\"37\">2150<\/td>\n<td style=\"text-align: center;\" width=\"39\">2100<\/td>\n<td style=\"text-align: center;\" width=\"37\">2050<\/td>\n<td style=\"text-align: center;\" width=\"43\">45<\/td>\n<td style=\"text-align: center;\" width=\"43\">53<\/td>\n<td style=\"text-align: center;\" width=\"44\">60<\/td>\n<td style=\"text-align: center;\" width=\"42\">108<\/td>\n<td width=\"43\">\n<p style=\"text-align: center;\">126<\/p>\n<\/td>\n<\/tr>\n<tr>\n<td width=\"43\">\n<p style=\"text-align: center;\">592<\/p>\n<\/td>\n<td style=\"text-align: center;\" width=\"43\">592<\/td>\n<td style=\"text-align: center;\" width=\"43\">360<\/td>\n<td style=\"text-align: center;\" width=\"92\">2.60<\/td>\n<td style=\"text-align: center;\" width=\"37\">2650<\/td>\n<td style=\"text-align: center;\" width=\"37\">2600<\/td>\n<td style=\"text-align: center;\" width=\"37\">2550<\/td>\n<td style=\"text-align: center;\" width=\"39\">2500<\/td>\n<td style=\"text-align: center;\" width=\"37\">2450<\/td>\n<td style=\"text-align: center;\" width=\"43\">45<\/td>\n<td style=\"text-align: center;\" width=\"43\">53<\/td>\n<td style=\"text-align: center;\" width=\"44\">60<\/td>\n<td style=\"text-align: center;\" width=\"42\">108<\/td>\n<td style=\"text-align: center;\" width=\"43\">126<\/td>\n<\/tr>\n<tr>\n<td style=\"text-align: center;\" width=\"43\">287<\/td>\n<td style=\"text-align: center;\" width=\"43\">592<\/td>\n<td style=\"text-align: center;\" width=\"43\">530<\/td>\n<td style=\"text-align: center;\" width=\"92\">1.86<\/td>\n<td style=\"text-align: center;\" width=\"37\">1700<\/td>\n<td style=\"text-align: center;\" width=\"37\">1650<\/td>\n<td style=\"text-align: center;\" width=\"37\">1600<\/td>\n<td style=\"text-align: center;\" width=\"39\">1550<\/td>\n<td style=\"text-align: center;\" width=\"37\">1500<\/td>\n<td style=\"text-align: center;\" width=\"43\">45<\/td>\n<td style=\"text-align: center;\" width=\"43\">53<\/td>\n<td style=\"text-align: center;\" width=\"44\">60<\/td>\n<td style=\"text-align: center;\" width=\"42\">108<\/td>\n<td width=\"43\">\n<p style=\"text-align: center;\">126<\/p>\n<\/td>\n<\/tr>\n<tr>\n<td width=\"43\">\n<p style=\"text-align: center;\">490<\/p>\n<\/td>\n<td style=\"text-align: center;\" width=\"43\">592<\/td>\n<td style=\"text-align: center;\" width=\"43\">530<\/td>\n<td style=\"text-align: center;\" width=\"92\">3.12<\/td>\n<td style=\"text-align: center;\" width=\"37\">2800<\/td>\n<td style=\"text-align: center;\" width=\"37\">2750<\/td>\n<td style=\"text-align: center;\" width=\"37\">2700<\/td>\n<td style=\"text-align: center;\" width=\"39\">2650<\/td>\n<td style=\"text-align: center;\" width=\"37\">2600<\/td>\n<td style=\"text-align: center;\" width=\"43\">45<\/td>\n<td style=\"text-align: center;\" width=\"43\">53<\/td>\n<td style=\"text-align: center;\" width=\"44\">60<\/td>\n<td style=\"text-align: center;\" width=\"42\">108<\/td>\n<td style=\"text-align: center;\" width=\"43\">126<\/td>\n<\/tr>\n<tr>\n<td style=\"text-align: center;\" width=\"43\">592<\/td>\n<td style=\"text-align: center;\" width=\"43\">592<\/td>\n<td style=\"text-align: center;\" width=\"43\">530<\/td>\n<td style=\"text-align: center;\" width=\"92\">3.78<\/td>\n<td style=\"text-align: center;\" width=\"37\">3400<\/td>\n<td style=\"text-align: center;\" width=\"37\">3350<\/td>\n<td style=\"text-align: center;\" width=\"37\">3300<\/td>\n<td style=\"text-align: center;\" width=\"39\">3250<\/td>\n<td style=\"text-align: center;\" width=\"37\">3200<\/td>\n<td style=\"text-align: center;\" width=\"43\">45<\/td>\n<td style=\"text-align: center;\" width=\"43\">53<\/td>\n<td style=\"text-align: center;\" width=\"44\">60<\/td>\n<td style=\"text-align: center;\" width=\"42\">108<\/td>\n<td width=\"43\">\n<p style=\"text-align: center;\">126<\/p>\n<\/td>\n<\/tr>\n<tr>\n<td width=\"43\">\n<p style=\"text-align: center;\">287<\/p>\n<\/td>\n<td style=\"text-align: center;\" width=\"43\">592<\/td>\n<td style=\"text-align: center;\" width=\"43\">610<\/td>\n<td style=\"text-align: center;\" width=\"92\">2.12<\/td>\n<td style=\"text-align: center;\" width=\"37\">2250<\/td>\n<td style=\"text-align: center;\" width=\"37\">2200<\/td>\n<td style=\"text-align: center;\" width=\"37\">2150<\/td>\n<td style=\"text-align: center;\" width=\"39\">2100<\/td>\n<td style=\"text-align: center;\" width=\"37\">2050<\/td>\n<td style=\"text-align: center;\" width=\"43\">45<\/td>\n<td style=\"text-align: center;\" width=\"43\">53<\/td>\n<td style=\"text-align: center;\" width=\"44\"><strong>60<\/strong><\/td>\n<td style=\"text-align: center;\" width=\"42\">108<\/td>\n<td style=\"text-align: center;\" width=\"43\">126<\/td>\n<\/tr>\n<tr>\n<td width=\"43\">\n<p style=\"text-align: center;\">490<\/p>\n<\/td>\n<td style=\"text-align: center;\" width=\"43\">592<\/td>\n<td style=\"text-align: center;\" width=\"43\">610<\/td>\n<td style=\"text-align: center;\" width=\"92\">3.66<\/td>\n<td style=\"text-align: center;\" width=\"37\">3600<\/td>\n<td style=\"text-align: center;\" width=\"37\">3600<\/td>\n<td style=\"text-align: center;\" width=\"37\">3500<\/td>\n<td style=\"text-align: center;\" width=\"39\">3500<\/td>\n<td style=\"text-align: center;\" width=\"37\">3450<\/td>\n<td style=\"text-align: center;\" width=\"43\"><strong>45<\/strong><\/td>\n<td style=\"text-align: center;\" width=\"43\">53<\/td>\n<td style=\"text-align: center;\" width=\"44\">60<\/td>\n<td style=\"text-align: center;\" width=\"42\">108<\/td>\n<td width=\"43\">\n<p style=\"text-align: center;\">126<\/p>\n<\/td>\n<\/tr>\n<tr>\n<td style=\"text-align: center;\" width=\"43\">592<\/td>\n<td style=\"text-align: center;\" width=\"43\">592<\/td>\n<td style=\"text-align: center;\" width=\"43\">610<\/td>\n<td style=\"text-align: center;\" width=\"92\">4.40<\/td>\n<td style=\"text-align: center;\" width=\"37\">4250<\/td>\n<td style=\"text-align: center;\" width=\"37\">4200<\/td>\n<td style=\"text-align: center;\" width=\"37\">4150<\/td>\n<td style=\"text-align: center;\" width=\"39\">4100<\/td>\n<td style=\"text-align: center;\" width=\"37\">4050<\/td>\n<td style=\"text-align: center;\" width=\"43\"><strong>45<\/strong><\/td>\n<td style=\"text-align: center;\" width=\"43\">53<\/td>\n<td style=\"text-align: center;\" width=\"44\">60<\/td>\n<td style=\"text-align: center;\" width=\"42\"><strong>108<\/strong><\/td>\n<td width=\"43\">\n<p style=\"text-align: center;\">126<\/p>\n<\/td>\n<\/tr>\n<\/tbody>\n<\/table>\n<p>&nbsp;<\/p>\n<p><strong>B\u1ea3n ph\u00e2n lo\u1ea1i theo m\u00e0u s\u1eafc:<\/strong><\/p>\n<table width=\"316\">\n<tbody>\n<tr>\n<td width=\"48\">\n<p style=\"text-align: center;\">Hi\u1ec7u su\u1ea5t<\/p>\n<\/td>\n<td style=\"text-align: center;\" width=\"58\">M\u00e0u s\u1eafc v\u1eadt li\u1ec7u<\/td>\n<td style=\"text-align: center;\" width=\"210\">L\u0129nh v\u1ef1c<\/td>\n<\/tr>\n<tr>\n<td style=\"text-align: center;\" width=\"48\">95% F8<\/td>\n<td style=\"text-align: center;\" width=\"58\">M\u00e0u v\u00e0ng<\/td>\n<td width=\"210\">\n<p style=\"text-align: center;\">C\u00f4ng nghi\u1ec7p \u0111i\u1ec7n t\u1eed ch\u00ednh x\u00e1c, nh\u00e0 m\u00e1y qu\u1ed1c ph\u00f2ng, ph\u00f2ng kh\u00f4ng b\u1ee5i, nh\u00e0 m\u00e1y kh\u00f4ng vi khu\u1ea9n<\/p>\n<\/td>\n<\/tr>\n<tr>\n<td width=\"48\">\n<p style=\"text-align: center;\">85%<\/p>\n<p style=\"text-align: center;\">F7<\/p>\n<\/td>\n<td style=\"text-align: center;\" width=\"58\">M\u00e0u h\u1ed3ng nh\u1ea1t<\/td>\n<td style=\"text-align: center;\" width=\"210\">Nh\u00e0 m\u00e1y kh\u00ed h\u00f3a, nh\u00e0 m\u00e1y nh\u1ef1a, nh\u00e0 m\u00e1y s\u1ea3n xu\u1ea5t th\u1ef1c ph\u1ea9m, nh\u00e0 m\u00e1y s\u01a1n ph\u1ee7, nh\u00e0 m\u00e1y \u0111i\u1ec7n t\u1eed<\/td>\n<\/tr>\n<tr>\n<td style=\"text-align: center;\" width=\"48\">65%<\/p>\n<p>F6<\/td>\n<td style=\"text-align: center;\" width=\"58\">M\u00e0u xanh l\u00e1 c\u00e2y<\/td>\n<td width=\"210\">\n<p style=\"text-align: center;\">Ph\u00f2ng s\u01a1n phun, tr\u01b0\u1eddng h\u1ecdc, ph\u00f2ng m\u00e1y t\u00ednh<\/p>\n<\/td>\n<\/tr>\n<tr>\n<td width=\"48\">\n<p style=\"text-align: center;\">45%<\/p>\n<p style=\"text-align: center;\">F5<\/p>\n<\/td>\n<td style=\"text-align: center;\" width=\"58\">M\u00e0u cam<\/td>\n<td style=\"text-align: center;\" width=\"210\">T\u00f2a nh\u00e0 th\u01b0\u01a1ng m\u1ea1i, r\u1ea1p chi\u1ebfu phim, ga \u0111\u01b0\u1eddng s\u1eaft s\u00e2n bay<\/td>\n<\/tr>\n<tr>\n<td style=\"text-align: center;\" width=\"48\">35%<\/p>\n<p>G4<\/td>\n<td style=\"text-align: center;\" width=\"58\">M\u00e0u tr\u1eafng<\/td>\n<td width=\"210\">\n<p style=\"text-align: center;\">B\u1ed9 l\u1ecdc tr\u01b0\u1edbc b\u1ed9 l\u1ecdc th\u1ee9 c\u1ea5p<\/p>\n<\/td>\n<\/tr>\n<\/tbody>\n<\/table>\n<p>&nbsp;<\/p>\n<p><em><strong>C\u00f4ng ty ch\u1ea5p nh\u1eadn \u0111\u01a1n \u0111\u1eb7t h\u00e0ng cho c\u00e1c s\u1ea3n ph\u1ea9m l\u1ecdc kh\u00f4ng c\u00f3 trong b\u1ea3ng \u0111\u1eb7t h\u00e0ng v\u00e0 l\u00e0m theo k\u00edch th\u01b0\u1edbc c\u1ee7a kh\u00e1ch h\u00e0ng<\/strong><\/em><\/p>\n<p>&nbsp;<\/p>\n<p>&nbsp;<\/p>","protected":false},"excerpt":{"rendered":"<p><strong><em>V\u1eadt li\u1ec7u l\u1ecdc:<\/em><\/strong> S\u1ee3i t\u1ed5ng h\u1ee3p c\u00f3 m\u1eadt \u0111\u1ed9 gia t\u0103ng theo t\u1eebng c\u1ea5p \u0111\u1ed9, \u0111\u01b0\u1ee3c bi\u00ean nhi\u1ec7t k\u1ebft d\u00ednh<\/p>\n<p><strong><em>V\u1eadt li\u1ec7u khung:<\/em><\/strong> Nh\u00f4m ho\u1eb7c s\u1eaft m\u00e3 k\u1ebdm<\/p>\n<p><strong><em>Ti\u00eau chu\u1ea9n:<\/em><\/strong> EN799: G2, G3, G4, F5, F6, F7, F8.<\/p>\n<p><strong><em>Ti\u00eau chu\u1ea9n ch\u1ed1ng ch\u00e1y: F1<\/em><\/strong><\/p>\n<p><em><strong>\u00c1p su\u1ea5t ng\u01b0\u1ee1ng<\/strong><\/em>: (khuy\u1ebfn ngh\u1ecb) 200Pa \u2013 (t\u1ed1i \u0111a) 450Pa<\/p>\n<p><em><strong>Ch\u1ecbu nhi\u1ec7t \u0111\u1ed9<\/strong><\/em>: 100 \u00b0C<\/p>","protected":false},"featured_media":29989,"template":"","meta":[],"_links":{"self":[{"href":"http:\/\/handan.com.vn\/en\/wp-json\/wp\/v2\/product\/29944"}],"collection":[{"href":"http:\/\/handan.com.vn\/en\/wp-json\/wp\/v2\/product"}],"about":[{"href":"http:\/\/handan.com.vn\/en\/wp-json\/wp\/v2\/types\/product"}],"wp:featuredmedia":[{"embeddable":true,"href":"http:\/\/handan.com.vn\/en\/wp-json\/wp\/v2\/media\/29989"}],"wp:attachment":[{"href":"http:\/\/handan.com.vn\/en\/wp-json\/wp\/v2\/media?parent=29944"}],"curies":[{"name":"wp","href":"https:\/\/api.w.org\/{rel}","templated":true}]}}