{"id":29940,"date":"2024-11-07T09:18:39","date_gmt":"2024-11-07T02:18:39","guid":{"rendered":"https:\/\/handan.com.vn\/?post_type=product&#038;p=29940"},"modified":"2026-01-05T15:29:11","modified_gmt":"2026-01-05T08:29:11","slug":"khung-loc-tui-than-hoat-tinh-air-inlet-cotton-weaving","status":"publish","type":"product","link":"http:\/\/handan.com.vn\/en\/product\/khung-loc-tui-than-hoat-tinh-air-inlet-cotton-weaving\/","title":{"rendered":"Khung l\u1ecdc t\u00fai than ho\u1ea1t t\u00ednh (Air inlet cotton weaving)"},"content":{"rendered":"<p><strong><span style=\"font-size: 130%;\">Khung l\u1ecdc t\u00fai than ho\u1ea1t t\u00ednh:\u00a0<\/span><\/strong><\/p>\n<p>Th\u00edch h\u1ee3p cho c\u00e1c h\u1ec7 th\u1ed1ng th\u00f4ng gi\u00f3 v\u00e0 \u0111i\u1ec1u h\u00f2a kh\u00f4ng kh\u00ed \u0111a d\u1ea1ng.Trong h\u1ec7 th\u1ed1ng \u0111i\u1ec1u h\u00f2a kh\u00f4ng kh\u00ed trung t\u00e2m, hi\u1ec7u qu\u1ea3 trong vi\u1ec7c lo\u1ea1i b\u1ecf m\u00f9ih\u00f4i v\u00e0 \u00f4 nhi\u1ec5m kh\u00f4ng kh\u00ed \u0111\u1eb7c bi\u1ec7t cao, c\u00f3 kh\u1ea3 n\u0103ng l\u00e0m s\u1ea1ch kh\u00f4ng kh\u00ed hi\u1ec7u qu\u1ea3.<br \/>\nB\u1ed9 l\u1ecdc n\u00e0y \u0111\u01b0\u1ee3c l\u00e0m t\u1eeb s\u1ee3i than ho\u1ea1t t\u00ednh h\u1ea5p ph\u1ee5 hi\u1ec7u qu\u1ea3 k\u1ebft h\u1ee3p v\u1edbi v\u1ea3i l\u1ecdc, c\u00f3 kh\u1ea3 n\u0103ng h\u1ea5p ph\u1ee5 m\u1ea1nh m\u1ebd tr\u00ean b\u1ec1 m\u1eb7t, gi\u00fap ki\u1ec3m so\u00e1t c\u00e1c \u00f4 nhi\u1ec5m h\u1eefu c\u01a1 v\u00e0 m\u00f9i h\u00f4i trong kh\u00f4ng kh\u00ed, gi\u1ea3i quy\u1ebft v\u1ea5n \u0111\u1ec1 l\u1ecdc kh\u00f4ng kh\u00ed trong c\u00e1c m\u00f4i tr\u01b0\u1eddng th\u00f4ng gi\u00f3 v\u00e0 \u0111i\u1ec1u h\u00f2a th\u00f4ng th\u01b0\u1eddng<\/p>\n<p>B\u1ea3ng th\u00f4ng s\u1ed1 k\u0129 thu\u1eadt:<\/p>\n<table width=\"679\">\n<tbody>\n<tr>\n<td rowspan=\"2\" width=\"81\">&nbsp;<\/p>\n<p style=\"text-align: center;\">M\u1ee9c<\/p>\n<\/td>\n<td colspan=\"3\" width=\"216\">\n<p style=\"text-align: center;\">K\u00edch th\u01b0\u1edbc(mm)<\/p>\n<\/td>\n<td style=\"text-align: center;\" rowspan=\"2\" width=\"61\">&nbsp;<\/p>\n<p>&nbsp;<\/p>\n<p>S\u1ed1 l\u01b0\u1ee3ng t\u00fai<\/td>\n<td style=\"text-align: center;\" rowspan=\"2\" width=\"107\">&nbsp;<\/p>\n<p>&nbsp;<\/p>\n<p>Di\u1ec7n t\u00edch l\u1ecdc (m<sup>2<\/sup>)<\/td>\n<td style=\"text-align: center;\" rowspan=\"2\" width=\"107\">&nbsp;<\/p>\n<p>&nbsp;<\/p>\n<p>L\u01b0u l\u01b0\u1ee3ng kh\u00ed \u0111\u1ecbnh m\u1ee9c (m\u00b3\/h<strong>)<\/strong><\/td>\n<td style=\"text-align: center;\" rowspan=\"2\" width=\"108\">&nbsp;<\/p>\n<p>&nbsp;<\/p>\n<p>\u00c1p su\u1ea5t ng\u01b0\u1ee1ng (Pa)<\/td>\n<\/tr>\n<tr>\n<td style=\"text-align: center;\" width=\"71\">Chi\u1ec1u r\u1ed9ng<\/td>\n<td style=\"text-align: center;\" width=\"71\">Chi\u1ec1u d\u00e0i<\/td>\n<td width=\"73\">\n<p style=\"text-align: center;\">\u0110\u1ed9 s\u00e2u<\/p>\n<\/td>\n<\/tr>\n<tr>\n<td rowspan=\"3\" width=\"81\">&nbsp;<\/p>\n<p>&nbsp;<\/p>\n<p>&nbsp;<\/p>\n<p style=\"text-align: center;\">G3<\/p>\n<\/td>\n<td width=\"71\">\n<p style=\"text-align: center;\">287<\/p>\n<\/td>\n<td style=\"text-align: center;\" width=\"71\">592<\/td>\n<td style=\"text-align: center;\" width=\"73\">550<\/td>\n<td style=\"text-align: center;\" width=\"61\">3<\/td>\n<td style=\"text-align: center;\" width=\"107\">1.86<\/td>\n<td style=\"text-align: center;\" width=\"107\">1700<\/td>\n<td width=\"108\">\n<p style=\"text-align: center;\">15<\/p>\n<\/td>\n<\/tr>\n<tr>\n<td width=\"71\">\n<p style=\"text-align: center;\">490<\/p>\n<\/td>\n<td style=\"text-align: center;\" width=\"71\">592<\/td>\n<td style=\"text-align: center;\" width=\"73\">550<\/td>\n<td style=\"text-align: center;\" width=\"61\">5<\/td>\n<td style=\"text-align: center;\" width=\"107\">3.12<\/td>\n<td style=\"text-align: center;\" width=\"107\">2800<\/td>\n<td style=\"text-align: center;\" width=\"108\">15<\/td>\n<\/tr>\n<tr>\n<td style=\"text-align: center;\" width=\"71\">592<\/td>\n<td style=\"text-align: center;\" width=\"71\">592<\/td>\n<td style=\"text-align: center;\" width=\"73\">550<\/td>\n<td style=\"text-align: center;\" width=\"61\">6<\/td>\n<td style=\"text-align: center;\" width=\"107\">3.78<\/td>\n<td style=\"text-align: center;\" width=\"107\">3400<\/td>\n<td width=\"108\">\n<p style=\"text-align: center;\">15<\/p>\n<\/td>\n<\/tr>\n<tr>\n<td rowspan=\"3\" width=\"81\">&nbsp;<\/p>\n<p>&nbsp;<\/p>\n<p style=\"text-align: center;\">G4<\/p>\n<\/td>\n<td width=\"71\">\n<p style=\"text-align: center;\">287<\/p>\n<\/td>\n<td style=\"text-align: center;\" width=\"71\">592<\/td>\n<td style=\"text-align: center;\" width=\"73\">600<\/td>\n<td style=\"text-align: center;\" width=\"61\">3<\/td>\n<td style=\"text-align: center;\" width=\"107\">2.12<\/td>\n<td style=\"text-align: center;\" width=\"107\">2250<\/td>\n<td style=\"text-align: center;\" width=\"108\">45<\/td>\n<\/tr>\n<tr>\n<td width=\"71\">\n<p style=\"text-align: center;\">490<\/p>\n<\/td>\n<td style=\"text-align: center;\" width=\"71\">592<\/td>\n<td style=\"text-align: center;\" width=\"73\">600<\/td>\n<td style=\"text-align: center;\" width=\"61\">5<\/td>\n<td style=\"text-align: center;\" width=\"107\">3.66<\/td>\n<td style=\"text-align: center;\" width=\"107\">3650<\/td>\n<td width=\"108\">\n<p style=\"text-align: center;\">45<\/p>\n<\/td>\n<\/tr>\n<tr>\n<td style=\"text-align: center;\" width=\"71\">592<\/td>\n<td style=\"text-align: center;\" width=\"71\">592<\/td>\n<td style=\"text-align: center;\" width=\"73\">600<\/td>\n<td style=\"text-align: center;\" width=\"61\">6<\/td>\n<td style=\"text-align: center;\" width=\"107\">4.40<\/td>\n<td style=\"text-align: center;\" width=\"107\">4250<\/td>\n<td width=\"108\">\n<p style=\"text-align: center;\">45<\/p>\n<\/td>\n<\/tr>\n<tr>\n<td rowspan=\"3\" width=\"81\">&nbsp;<\/p>\n<p>&nbsp;<\/p>\n<p>&nbsp;<\/p>\n<p style=\"text-align: center;\">G5<\/p>\n<\/td>\n<td width=\"71\">\n<p style=\"text-align: center;\">287<\/p>\n<\/td>\n<td style=\"text-align: center;\" width=\"71\">592<\/td>\n<td style=\"text-align: center;\" width=\"73\">600<\/td>\n<td style=\"text-align: center;\" width=\"61\">3<\/td>\n<td style=\"text-align: center;\" width=\"107\">2.12<\/td>\n<td style=\"text-align: center;\" width=\"107\">1750<\/td>\n<td style=\"text-align: center;\" width=\"108\">60<\/td>\n<\/tr>\n<tr>\n<td style=\"text-align: center;\" width=\"71\">&nbsp;<\/p>\n<p>490<\/td>\n<td style=\"text-align: center;\" width=\"71\">&nbsp;<\/p>\n<p>592<\/td>\n<td style=\"text-align: center;\" width=\"73\">&nbsp;<\/p>\n<p>600<\/td>\n<td style=\"text-align: center;\" width=\"61\">&nbsp;<\/p>\n<p>5<\/td>\n<td style=\"text-align: center;\" width=\"107\">&nbsp;<\/p>\n<p>3.66<\/td>\n<td style=\"text-align: center;\" width=\"107\">&nbsp;<\/p>\n<p>2850<\/td>\n<td width=\"108\">\n<p style=\"text-align: center;\">60<\/p>\n<\/td>\n<\/tr>\n<tr>\n<td width=\"71\">\n<p style=\"text-align: center;\">592<\/p>\n<\/td>\n<td style=\"text-align: center;\" width=\"71\">592<\/td>\n<td style=\"text-align: center;\" width=\"73\">600<\/td>\n<td style=\"text-align: center;\" width=\"61\">6<\/td>\n<td style=\"text-align: center;\" width=\"107\">4.40<\/td>\n<td style=\"text-align: center;\" width=\"107\">3400<\/td>\n<td width=\"108\">\n<p style=\"text-align: center;\">60<\/p>\n<\/td>\n<\/tr>\n<\/tbody>\n<\/table>\n<p>&nbsp;<\/p>\n<p><em><strong>C\u00f4ng ty ch\u1ea5p nh\u1eadn \u0111\u01a1n \u0111\u1eb7t h\u00e0ng cho c\u00e1c s\u1ea3n ph\u1ea9m l\u1ecdc kh\u00f4ng c\u00f3 trong b\u1ea3ng \u0111\u1eb7t h\u00e0ng v\u00e0 l\u00e0m theo k\u00edch th\u01b0\u1edbc c\u1ee7a kh\u00e1ch h\u00e0ng<\/strong><\/em><\/p>","protected":false},"excerpt":{"rendered":"<p><strong><em>V\u1eadt li\u1ec7u l\u1ecdc:<\/em><\/strong> S\u1ee3i t\u1ed5ng h\u1ee3p c\u00f3 t\u1eabm carnbon than ho\u1ea1t t\u00ednh<\/p>\n<p><strong><em>V\u1eadt li\u1ec7u khung:<\/em><\/strong> H\u1ee3p kim nh\u00f4m, th\u00e9p m\u00e3 k\u1ebdm<\/p>\n<p>&nbsp;<\/p>","protected":false},"featured_media":29917,"template":"","meta":[],"_links":{"self":[{"href":"http:\/\/handan.com.vn\/en\/wp-json\/wp\/v2\/product\/29940"}],"collection":[{"href":"http:\/\/handan.com.vn\/en\/wp-json\/wp\/v2\/product"}],"about":[{"href":"http:\/\/handan.com.vn\/en\/wp-json\/wp\/v2\/types\/product"}],"wp:featuredmedia":[{"embeddable":true,"href":"http:\/\/handan.com.vn\/en\/wp-json\/wp\/v2\/media\/29917"}],"wp:attachment":[{"href":"http:\/\/handan.com.vn\/en\/wp-json\/wp\/v2\/media?parent=29940"}],"curies":[{"name":"wp","href":"https:\/\/api.w.org\/{rel}","templated":true}]}}