{"id":29936,"date":"2024-11-06T16:05:39","date_gmt":"2024-11-06T09:05:39","guid":{"rendered":"https:\/\/handan.com.vn\/?post_type=product&#038;p=29936"},"modified":"2026-01-05T15:29:11","modified_gmt":"2026-01-05T08:29:11","slug":"tam-loc-than-hoat-activated-carbon-filter","status":"publish","type":"product","link":"http:\/\/handan.com.vn\/en\/product\/tam-loc-than-hoat-activated-carbon-filter\/","title":{"rendered":"T\u1ea5m l\u1ecdc than ho\u1ea1t (Activated carbon filter)"},"content":{"rendered":"<p><strong><span style=\"font-size: 130%;\">T\u1ea5m l\u1ecdc than ho\u1ea1t t\u00ednh:\u00a0<\/span><\/strong><\/p>\n<p>Kh\u1ea3 n\u0103ng h\u1ea5p ph\u1ee5 m\u1ea1nh m\u1ebd, t\u00ednh th\u00f4ng d\u1ee5ng cao, \u0111\u01b0\u1ee3c s\u1eed d\u1ee5ng r\u1ed9ng r\u00e3i trong c\u00e1c h\u1ec7 th\u1ed1ng th\u00f4ng gi\u00f3 v\u00e0 \u0111i\u1ec1u h\u00f2a kh\u00f4ng kh\u00ed<\/p>\n<p>Khung b\u00ean ngo\u00e0i ch\u1eafc ch\u1eafn v\u00e0 c\u00f3 th\u1ec3 th\u00e1o r\u1eddi, mang l\u1ea1i k\u1ebft qu\u1ea3 v\u1eefng ch\u1eafc v\u00e0 \u1ed5n \u0111\u1ecbnh, thu\u1eadn ti\u1ec7n cho vi\u1ec7c thay th\u1ebf v\u1eadt li\u1ec7u l\u1ecdc v\u00e0 t\u00e1i s\u1eed d\u1ee5ng khung<\/p>\n<p>V\u1eadt li\u1ec7u khung l\u00e0 h\u1ee3p kim nh\u00f4m, c\u00f3 \u0111\u1ed9 d\u00e0y 1 inch (20, 25mm), 2 inch (46mm), v\u00e0 4 inch (96mm) \u0111\u1ec3 l\u1ef1a ch\u1ecdn, v\u1edbi c\u1ea5u tr\u00fac ph\u1eb3ng cho khung 1 inch v\u00e0 c\u1ea5u tr\u00fac g\u1ea5p cho khung 2 inch v\u00e0 4 inch<\/p>\n<p>&nbsp;<\/p>\n<p>&nbsp;<\/p>\n<p>B\u1ea3ng th\u00f4ng s\u1ed1 k\u0129 thu\u1eadt:<\/p>\n<table width=\"679\">\n<tbody>\n<tr>\n<td width=\"227\">\n<p style=\"text-align: center;\">K\u00edch th\u01b0\u1edbc (mm)<\/p>\n<p style=\"text-align: center;\">\u00a0R\u1ed9ng x Cao x S\u00e2u<\/p>\n<\/td>\n<td width=\"226\">&nbsp;<\/p>\n<p style=\"text-align: center;\">\u00a0 \u00a0L\u01b0u l\u01b0\u1ee3ng gi\u00f3 \u0111\u1ecbnh m\u1ee9c<\/p>\n<p style=\"text-align: center;\">\u00a0 (m\u00b3\/h)<\/p>\n<\/td>\n<td width=\"226\">&nbsp;<\/p>\n<p style=\"text-align: center;\">\u00c1p su\u1ea5t ph\u1ea3n kh\u00e1ng<\/p>\n<p style=\"text-align: center;\">(Pa)<\/p>\n<\/td>\n<\/tr>\n<tr>\n<td width=\"227\">\n<p style=\"text-align: center;\">595x595x46<\/p>\n<\/td>\n<td style=\"text-align: center;\" width=\"226\">3600<\/td>\n<td style=\"text-align: center;\" width=\"226\">70<\/td>\n<\/tr>\n<tr>\n<td width=\"227\">\n<p style=\"text-align: center;\">290x595x46<\/p>\n<\/td>\n<td style=\"text-align: center;\" width=\"226\">1800<\/td>\n<td style=\"text-align: center;\" width=\"226\">70<\/td>\n<\/tr>\n<tr>\n<td style=\"text-align: center;\" width=\"227\">595x595x96<\/td>\n<td style=\"text-align: center;\" width=\"226\">5000<\/td>\n<td width=\"226\">\n<p style=\"text-align: center;\">45<\/p>\n<\/td>\n<\/tr>\n<tr>\n<td width=\"227\">\n<p style=\"text-align: center;\">290x595x96<\/p>\n<\/td>\n<td style=\"text-align: center;\" width=\"226\">2500<\/td>\n<td style=\"text-align: center;\" width=\"226\">45<\/td>\n<\/tr>\n<tr>\n<td width=\"227\">\n<p style=\"text-align: center;\">493x595x46<\/p>\n<\/td>\n<td style=\"text-align: center;\" width=\"226\">3000<\/td>\n<td width=\"226\">\n<p style=\"text-align: center;\">70<\/p>\n<\/td>\n<\/tr>\n<tr>\n<td style=\"text-align: center;\" width=\"227\">493x493x46<\/td>\n<td style=\"text-align: center;\" width=\"226\">2500<\/td>\n<td width=\"226\">\n<p style=\"text-align: center;\">70<\/p>\n<\/td>\n<\/tr>\n<tr>\n<td width=\"227\">\n<p style=\"text-align: center;\">290x493x46<\/p>\n<\/td>\n<td style=\"text-align: center;\" width=\"226\">1500<\/td>\n<td style=\"text-align: center;\" width=\"226\">70<\/td>\n<\/tr>\n<tr>\n<td style=\"text-align: center;\" width=\"227\">493x593x96<\/td>\n<td style=\"text-align: center;\" width=\"226\">3600<\/td>\n<td width=\"226\">\n<p style=\"text-align: center;\">45<\/p>\n<\/td>\n<\/tr>\n<tr>\n<td width=\"227\">\n<p style=\"text-align: center;\">493x493x96<\/p>\n<\/td>\n<td style=\"text-align: center;\" width=\"226\">3000<\/td>\n<td width=\"226\">\n<p style=\"text-align: center;\">45<\/p>\n<\/td>\n<\/tr>\n<tr>\n<td style=\"text-align: center;\" width=\"227\">290x493x96<\/td>\n<td style=\"text-align: center;\" width=\"226\">1500<\/td>\n<td width=\"226\">\n<p style=\"text-align: center;\">45<\/p>\n<\/td>\n<\/tr>\n<\/tbody>\n<\/table>\n<p>&nbsp;<\/p>\n<p>&nbsp;<\/p>\n<p><em><strong>C\u00f4ng ty ch\u1ea5p nh\u1eadn \u0111\u01a1n \u0111\u1eb7t h\u00e0ng cho c\u00e1c s\u1ea3n ph\u1ea9m l\u1ecdc kh\u00f4ng c\u00f3 trong b\u1ea3ng \u0111\u1eb7t h\u00e0ng v\u00e0 l\u00e0m theo k\u00edch th\u01b0\u1edbc c\u1ee7a kh\u00e1ch h\u00e0ng<\/strong><\/em><\/p>","protected":false},"excerpt":{"rendered":"<p><strong><em>V\u1eadt li\u1ec7u l\u1ecdc:<\/em><\/strong> X\u1ed1p carbon<\/p>\n<p><strong><em>V\u1eadt li\u1ec7u khung:<\/em><\/strong> H\u1ee3p kim nh\u00f4m<\/p>\n<p><b><i>\u0110\u1ed9 d\u00e0y : 1&#8243;, 2&#8243;, 4&#8242;<\/i><\/b><\/p>\n<p><strong><em>C\u1ea5u tr\u00fac<\/em>:<\/strong> Ph\u1eb3ng cho khung 1&#8243; v\u00e0 c\u1ea5u tr\u00fac g\u1ea5p cho khung 2&#8243; v\u00e0 4&#8243;<\/p>","protected":false},"featured_media":29915,"template":"","meta":[],"_links":{"self":[{"href":"http:\/\/handan.com.vn\/en\/wp-json\/wp\/v2\/product\/29936"}],"collection":[{"href":"http:\/\/handan.com.vn\/en\/wp-json\/wp\/v2\/product"}],"about":[{"href":"http:\/\/handan.com.vn\/en\/wp-json\/wp\/v2\/types\/product"}],"wp:featuredmedia":[{"embeddable":true,"href":"http:\/\/handan.com.vn\/en\/wp-json\/wp\/v2\/media\/29915"}],"wp:attachment":[{"href":"http:\/\/handan.com.vn\/en\/wp-json\/wp\/v2\/media?parent=29936"}],"curies":[{"name":"wp","href":"https:\/\/api.w.org\/{rel}","templated":true}]}}