{"id":29933,"date":"2024-11-06T15:46:32","date_gmt":"2024-11-06T08:46:32","guid":{"rendered":"https:\/\/handan.com.vn\/?post_type=product&#038;p=29933"},"modified":"2026-01-05T15:29:11","modified_gmt":"2026-01-05T08:29:11","slug":"bo-loc-so-cap-co-the-giat-rua-washable-pre-fiter","status":"publish","type":"product","link":"http:\/\/handan.com.vn\/en\/product\/bo-loc-so-cap-co-the-giat-rua-washable-pre-fiter\/","title":{"rendered":"T\u1ea5m l\u1ecdc s\u01a1 c\u1ea5p c\u00f3 th\u1ec3 gi\u1eb7t r\u1eeda (Washable pre-fiter )"},"content":{"rendered":"<p><strong><span style=\"font-size: 130%;\">T\u1ea5m l\u1ecdc s\u01a1 c\u1ea5p c\u00f3 th\u1ec3 gi\u1eb7t r\u1eeda:<\/span><\/strong><\/p>\n<p>L\u1ecdc b\u1ee5i th\u00f4, l\u1ecdc tr\u01b0\u1edbc h\u1ec7 th\u1ed1ng l\u1ecdc kh\u00f4ng kh\u00ed, c\u00f3 th\u1ec3 th\u00e1o ra v\u1ec7 sinh gi\u1eb7t \u0111\u01b0\u1ee3c<\/p>\n<p>B\u1ea3ng th\u00f4ng s\u1ed1 k\u0129 thu\u1eadt:<\/p>\n<table width=\"679\">\n<tbody>\n<tr>\n<td style=\"text-align: center;\" rowspan=\"2\" width=\"95\">Model<\/td>\n<td style=\"text-align: center;\" colspan=\"3\" width=\"284\">\u00a0K\u00edch th\u01b0\u1edbc (mm)<\/td>\n<td style=\"text-align: center;\" rowspan=\"2\" width=\"95\">L\u01b0u l\u01b0\u1ee3ng gi\u00f3 \u0111\u1ecbnh m\u1ee9c<\/p>\n<p>(m\u00b3h)<\/td>\n<td style=\"text-align: center;\" rowspan=\"2\" width=\"121\">\u00c1p su\u1ea5t ng\u01b0\u1ee1ng<\/p>\n<p>(Pa)<\/td>\n<td style=\"text-align: center;\" rowspan=\"2\" width=\"85\">Ti\u00eau Chu\u1ea9n<\/p>\n<p>EN779<\/td>\n<\/tr>\n<tr>\n<td width=\"95\">D\u00e0i<\/td>\n<td width=\"95\">R\u1ed9ng<\/td>\n<td width=\"95\">\n<p style=\"text-align: center;\">S\u00e2u<\/p>\n<\/td>\n<\/tr>\n<tr>\n<td width=\"95\">\n<p style=\"text-align: center;\">JFB-KXQ-1<\/p>\n<\/td>\n<td style=\"text-align: center;\" width=\"95\">595<\/td>\n<td style=\"text-align: center;\" width=\"95\">595<\/td>\n<td width=\"95\">\n<p style=\"text-align: center;\">46<\/p>\n<\/td>\n<td width=\"95\">\n<p style=\"text-align: center;\">850\/1700<\/p>\n<\/td>\n<td rowspan=\"2\" width=\"121\">\n<p style=\"text-align: center;\">30\/70<\/p>\n<\/td>\n<td rowspan=\"2\" width=\"85\">\n<p style=\"text-align: center;\">G3<\/p>\n<\/td>\n<\/tr>\n<tr>\n<td width=\"95\">\n<p style=\"text-align: center;\">JFB-KXQ-2<\/p>\n<\/td>\n<td width=\"95\">\n<p style=\"text-align: center;\">595<\/p>\n<\/td>\n<td width=\"95\">\n<p style=\"text-align: center;\">295<\/p>\n<\/td>\n<td width=\"95\">\n<p style=\"text-align: center;\">46<\/p>\n<\/td>\n<td width=\"95\">\n<p style=\"text-align: center;\">1700\/3400<\/p>\n<\/td>\n<\/tr>\n<tr>\n<td width=\"95\">\n<p style=\"text-align: center;\">JFB-KXQ-3<\/p>\n<\/td>\n<td width=\"95\">\n<p style=\"text-align: center;\">595<\/p>\n<\/td>\n<td width=\"95\">\n<p style=\"text-align: center;\">595<\/p>\n<\/td>\n<td width=\"95\">\n<p style=\"text-align: center;\">46<\/p>\n<\/td>\n<td width=\"95\">\n<p style=\"text-align: center;\">850\/1700<\/p>\n<\/td>\n<td rowspan=\"2\" width=\"121\">\n<p style=\"text-align: center;\">40\/80<\/p>\n<\/td>\n<td rowspan=\"2\" width=\"85\">\n<p style=\"text-align: center;\">G4<\/p>\n<\/td>\n<\/tr>\n<tr>\n<td style=\"text-align: center;\" width=\"95\">JFB-KXQ-4<\/td>\n<td style=\"text-align: center;\" width=\"95\">595<\/td>\n<td style=\"text-align: center;\" width=\"95\">295<\/td>\n<td style=\"text-align: center;\" width=\"95\">46<\/td>\n<td width=\"95\">\n<p style=\"text-align: center;\">1700\/3400<\/p>\n<\/td>\n<\/tr>\n<\/tbody>\n<\/table>\n<p><em><strong>C\u00f4ng ty ch\u1ea5p nh\u1eadn \u0111\u01a1n \u0111\u1eb7t h\u00e0ng cho c\u00e1c s\u1ea3n ph\u1ea9m l\u1ecdc kh\u00f4ng c\u00f3 trong b\u1ea3ng \u0111\u1eb7t h\u00e0ng v\u00e0 l\u00e0m theo k\u00edc<\/strong><\/em><\/p>\n<p><em><strong>h th\u01b0\u1edbc c\u1ee7a kh\u00e1ch h\u00e0ng<\/strong><\/em><\/p>\n<p>&nbsp;<\/p>","protected":false},"excerpt":{"rendered":"<p><strong><em>V\u1eadt li\u1ec7u l\u1ecdc:<\/em><\/strong> S\u1ee3i t\u1ed5ng h\u1ee3p c\u00f3 th\u1ec3 gi\u1eb7t \u0111\u01b0\u1ee3c, c\u00f3 th\u1ec3 gi\u1eb7t 6-8 l\u1ea7n<\/p>\n<p><strong><em>V\u1eadt li\u1ec7u khung:<\/em><\/strong> Khung nh\u00f4m ho\u1eb7c m\u1ea1 k\u1ebdm, thi\u1ebft k\u1ebf khung c\u00f3 th\u1ec3 th\u00e1o r\u1eddi<\/p>\n<p><strong><em>Ti\u00eau chu\u1ea9n:<\/em><\/strong> EN799: G2, G3, G4, F1<\/p>\n<p><em><strong>\u00c1p su\u1ea5t ng\u01b0\u1ee1ng<\/strong><\/em>: (khuy\u1ebfn ngh\u1ecb) 200Pa \u2013 (t\u1ed1i \u0111a) 250Pa<\/p>\n<p><em><strong>Ch\u1ecbu nhi\u1ec7t \u0111\u1ed9<\/strong><\/em>: \u2264100 \u00b0C<\/p>","protected":false},"featured_media":29992,"template":"","meta":[],"_links":{"self":[{"href":"http:\/\/handan.com.vn\/en\/wp-json\/wp\/v2\/product\/29933"}],"collection":[{"href":"http:\/\/handan.com.vn\/en\/wp-json\/wp\/v2\/product"}],"about":[{"href":"http:\/\/handan.com.vn\/en\/wp-json\/wp\/v2\/types\/product"}],"wp:featuredmedia":[{"embeddable":true,"href":"http:\/\/handan.com.vn\/en\/wp-json\/wp\/v2\/media\/29992"}],"wp:attachment":[{"href":"http:\/\/handan.com.vn\/en\/wp-json\/wp\/v2\/media?parent=29933"}],"curies":[{"name":"wp","href":"https:\/\/api.w.org\/{rel}","templated":true}]}}