{"id":29932,"date":"2024-11-06T14:37:21","date_gmt":"2024-11-06T07:37:21","guid":{"rendered":"https:\/\/handan.com.vn\/?post_type=product&#038;p=29932"},"modified":"2026-01-05T15:29:11","modified_gmt":"2026-01-05T08:29:11","slug":"bo-loc-so-bo-luoi-nylon","status":"publish","type":"product","link":"http:\/\/handan.com.vn\/en\/product\/bo-loc-so-bo-luoi-nylon\/","title":{"rendered":"T\u1ea5m l\u1ecdc s\u01a1 b\u1ed9 l\u01b0\u1edbi Nylon"},"content":{"rendered":"<p><strong><span style=\"font-size: 130%;\">T\u1ea5m l\u1ecdc s\u01a1 b\u1ed9 l\u01b0\u1edbi Nylon:<\/span><\/strong><\/p>\n<p><span style=\"font-size: 100%;\">Ch\u1ee7 y\u1ebfu d\u00f9ng \u0111\u1ec3 l\u1ecdc b\u1ee5i th\u00f4, th\u01b0\u1eddng \u0111\u01b0\u1ee3c l\u1eafp \u0111\u1eb7t tr\u00ean c\u00e1c thi\u1ebft b\u1ecb m\u00e1y l\u1ecdc kh\u00f4ng kh\u00ed m\u1edbi, \u1ed1ng th\u00f4ng v\u00e0 c\u00e1c v\u1ecb tr\u00ed ti\u1ebfp x\u00fac v\u1edbi kh\u00f4ng kh\u00ed b\u00ean ngo\u00e0i. C\u0169ng ph\u00f9 h\u1ee3p cho c\u00e1c thi\u1ebft b\u1ecb x\u1eed l\u00fd kh\u00f4ng kh\u00ed trong nh\u00e0 c\u1ea7n l\u01b0\u1ee3ng gi\u00f3 l\u1edbn v\u00e0 y\u00eau c\u1ea7u l\u1ecdc trong c\u00e1c \u0111i\u1ec1u ki\u1ec7n \u0111\u1eb7c bi\u1ec7t nh\u01b0 ch\u1ecbu axit, ki\u1ec1m ho\u1eb7c nhi\u1ec7t \u0111\u1ed9 cao. S\u1eed d\u1ee5ng trong h\u1ec7 th\u1ed1ng \u0111i\u1ec1u h\u00f2a kh\u00f4ng kh\u00ed gia \u0111\u00ecnh v\u00e0 trung t\u00e2m<\/span><\/p>\n<p>Kh\u1ea3 n\u0103ng gi\u1eb7t s\u1ea1ch t\u1ed1t<\/p>\n<p>Ch\u1ecbu nhi\u1ec7t cao, ch\u1ed1ng \u1ea9m<\/p>\n<p>L\u01b0u th\u00f4ng kh\u00f4ng kh\u00ed l\u1edbn, kh\u00e1ng l\u1ef1c th\u1ea5p<\/p>\n<p>Ch\u1ecbu axit v\u00e0 ki\u1ec1m<\/p>\n<p>&nbsp;<\/p>\n<p><strong>B\u1ea3ng th\u00f4ng s\u1ed1 k\u00edch th\u01b0\u1edbc B\u1ed9 l\u1ecdc s\u01a1 b\u1ed9 l\u01b0\u1edbi Nyon :<\/strong><\/p>\n<table width=\"679\">\n<tbody>\n<tr>\n<td style=\"text-align: center;\" rowspan=\"2\" width=\"98\">\u00a0Model<\/td>\n<td colspan=\"3\" width=\"291\">\n<p style=\"text-align: center;\">K\u00edch th\u01b0\u1edbc (mm)<\/p>\n<\/td>\n<td rowspan=\"2\" width=\"97\">\n<p style=\"text-align: center;\">L\u01b0u l\u01b0\u1ee3ng gi\u00f3<\/p>\n<p style=\"text-align: center;\">(m3\/h)<\/p>\n<\/td>\n<td rowspan=\"2\" width=\"70\">\n<p style=\"text-align: center;\">\u00a0C\u1ea5p<\/p>\n<\/td>\n<td rowspan=\"2\" width=\"124\">\n<p style=\"text-align: center;\">\u00c1p su\u1ea5t ng\u01b0\u1ee1ng<\/p>\n<p style=\"text-align: center;\">(Pa)<\/p>\n<\/td>\n<\/tr>\n<tr>\n<td width=\"97\">\n<p style=\"text-align: center;\">D\u00e0i<\/p>\n<\/td>\n<td style=\"text-align: center;\" width=\"96\">R\u1ed9ng<\/td>\n<td width=\"98\">\n<p style=\"text-align: center;\">S\u00e2u<\/p>\n<\/td>\n<\/tr>\n<tr>\n<td width=\"98\">JFB-CN-1<\/td>\n<td width=\"97\">595<\/td>\n<td width=\"96\">595<\/td>\n<td width=\"98\">10<\/td>\n<td width=\"97\">4000<\/td>\n<td width=\"70\">1-2<\/td>\n<td rowspan=\"2\" width=\"124\">\u226425<\/td>\n<\/tr>\n<tr>\n<td width=\"98\">JFB-CN-2<\/td>\n<td width=\"97\">595<\/td>\n<td width=\"96\">295<\/td>\n<td width=\"98\">10<\/td>\n<td width=\"97\">2000<\/td>\n<td width=\"70\">1-2<\/td>\n<\/tr>\n<tr>\n<td width=\"98\">JFB-CN-3<\/td>\n<td width=\"97\">595<\/td>\n<td width=\"96\">595<\/td>\n<td width=\"98\">21<\/td>\n<td width=\"97\">4000<\/td>\n<td width=\"70\">1-2<\/td>\n<td rowspan=\"2\" width=\"124\">\u226430<\/td>\n<\/tr>\n<tr>\n<td width=\"98\">JFB-CN-4<\/td>\n<td width=\"97\">595<\/td>\n<td width=\"96\">295<\/td>\n<td width=\"98\">21<\/td>\n<td width=\"97\">2000<\/td>\n<td width=\"70\">1-2<\/td>\n<\/tr>\n<tr>\n<td width=\"98\"><strong>JFB-CN-5<\/strong><\/td>\n<td width=\"97\">595<\/td>\n<td width=\"96\">595<\/td>\n<td width=\"98\">46<\/td>\n<td width=\"97\">5000<\/td>\n<td width=\"70\">2-4<\/td>\n<td width=\"124\">\u226435<\/td>\n<\/tr>\n<\/tbody>\n<\/table>\n<p>&nbsp;<\/p>\n<p><em><strong>C\u00f4ng ty ch\u1ea5p nh\u1eadn \u0111\u01a1n \u0111\u1eb7t h\u00e0ng cho c\u00e1c s\u1ea3n ph\u1ea9m l\u1ecdc kh\u00f4ng c\u00f3 trong b\u1ea3ng \u0111\u1eb7t h\u00e0ng v\u00e0 l\u00e0m theo k\u00edch th\u01b0\u1edbc c\u1ee7a kh\u00e1ch h\u00e0ng<\/strong><\/em><\/p>\n<p>&nbsp;<\/p>\n<p>&nbsp;<\/p>","protected":false},"excerpt":{"rendered":"<p><strong><em>V\u1eadt li\u1ec7u l\u1ecdc:<\/em><\/strong> L\u01b0\u1edbi nylon d\u1ec7t b\u1eb1ng PP, PA, PE v\u00e0 c\u00e1c s\u1ee3i \u0111\u01a1n kh\u00e1c<\/p>\n<p><strong><em>V\u1eadt li\u1ec7u khung:<\/em><\/strong> d\u00e2y s\u1eaft m\u1ea1 k\u1ebdm ho\u1eb7c d\u00e2y th\u00e9p kh\u00f4ng g\u1ec9<\/p>\n<p><strong><em>Ti\u00eau chu\u1ea9n:<\/em><\/strong> EN799 (G1, G2)<\/p>\n<p>&nbsp;<\/p>","protected":false},"featured_media":29905,"template":"","meta":[],"_links":{"self":[{"href":"http:\/\/handan.com.vn\/en\/wp-json\/wp\/v2\/product\/29932"}],"collection":[{"href":"http:\/\/handan.com.vn\/en\/wp-json\/wp\/v2\/product"}],"about":[{"href":"http:\/\/handan.com.vn\/en\/wp-json\/wp\/v2\/types\/product"}],"wp:featuredmedia":[{"embeddable":true,"href":"http:\/\/handan.com.vn\/en\/wp-json\/wp\/v2\/media\/29905"}],"wp:attachment":[{"href":"http:\/\/handan.com.vn\/en\/wp-json\/wp\/v2\/media?parent=29932"}],"curies":[{"name":"wp","href":"https:\/\/api.w.org\/{rel}","templated":true}]}}