{"id":29930,"date":"2024-11-06T14:09:16","date_gmt":"2024-11-06T07:09:16","guid":{"rendered":"https:\/\/handan.com.vn\/?post_type=product&#038;p=29930"},"modified":"2026-01-05T15:29:12","modified_gmt":"2026-01-05T08:29:12","slug":"bo-loc-tho-tam-luoi-kim-loai","status":"publish","type":"product","link":"http:\/\/handan.com.vn\/en\/product\/bo-loc-tho-tam-luoi-kim-loai\/","title":{"rendered":"T\u1ea5m l\u1ecdc th\u00f4 t\u1ea5m l\u01b0\u1edbi kim lo\u1ea1i"},"content":{"rendered":"<p><strong><span style=\"font-size: 130%;\">T\u1ea5m l\u1ecdc th\u00f4 t\u1ea5m l\u01b0\u1edbi kim lo\u1ea1i:<\/span><\/strong><\/p>\n<p>Ch\u1ecbu \u0111\u01b0\u1ee3c axit v\u00e0 ki\u1ec1m<\/p>\n<p>Kh\u1ea3 n\u0103ng c\u1ea3n tr\u1edf th\u1ea5p khi b\u1eaft \u0111\u1ea7u<\/p>\n<p>C\u1ea5u tr\u00fac ch\u1eafc ch\u1eafn<\/p>\n<p>D\u1ec5 gi\u1eb7t s\u1ea1ch<\/p>\n<p style=\"text-align: left;\"><span style=\"font-size: 100%;\">C\u00f4ng d\u1ee5ng:<\/span> Ch\u1ecbu nhi\u1ec7t \u0111\u1ed9 cao, l\u1ecdc b\u1ee5i th\u00f4, c\u00f3 th\u1ec3 s\u1eed d\u1ee5ng trong m\u00f4i tr\u01b0\u1eddng nhi\u1ec7t \u0111\u1ed9 cao, l\u1ecdc tr\u01b0\u1edbc h\u1ec7 th\u1ed1ng l\u1ecdc kh\u00f4ng kh\u00ed<\/p>\n<p>Ki\u1ec3u: L\u01b0\u1edbi kim lo\u1ea1i ph\u1eb3ng<\/p>\n<p>Khung l\u1ecdc: Khung m\u1ea1 k\u1ebdm, th\u00e9p kh\u00f4ng g\u1ec9, h\u1ee3p kim nh\u00f4m<\/p>\n<p>V\u1eadt li\u1ec7u l\u1ecdc: B\u1ed9 l\u1ecdc \u0111\u01b0\u1ee3c l\u00e0m t\u1eeb l\u01b0\u1edbi nh\u00f4m ho\u1eb7c l\u01b0\u1edbi th\u00e9p kh\u00f4ng g\u1ec9 h\u00ecnh s\u00f3ng \u0111an xen nhi\u1ec1u l\u1edbp, c\u1ea5u tr\u00fac \u0111a t\u1ea7ng gi\u00fap t\u0103ng di\u1ec7n t\u00edch l\u1ecdc; 18 l\u1edbp m\u00e0ng nh\u00f4m c\u00f3 c\u00e1c l\u1ed7 h\u00ecnh kh\u00e1c nhau \u0111\u01b0\u1ee3c b\u1ed1 tr\u00ed ph\u1eb3ng, c\u00f3 th\u1ec3 gi\u1eb7t s\u1ea1ch v\u00e0 c\u00f3 hi\u1ec7u qu\u1ea3 l\u1ecdc t\u1ed1t<\/p>\n<p>L\u01b0\u1edbi b\u1ea3o v\u1ec7: l\u01b0\u1edbi nh\u00f4m ho\u1eb7c l\u01b0\u1edbi th\u00e9p kh\u00f4ng g\u1ec9<\/p>\n<p>Ti\u00eau chu\u1ea9n EN799: G2<\/p>\n<p>Hi\u1ec7u su\u1ea5t tr\u1ecdng l\u01b0\u1ee3ng trung b\u00ecnh: 65% -70% (ASHRE52.1-1992)<\/p>\n<p>Ti\u00eau chu\u1ea9n: EUROVENT4\/5<\/p>\n<p>Ti\u00eau chu\u1ea9n ch\u1ed1ng ch\u00e1y: F1<\/p>\n<p>\u00c1p su\u1ea5t ng\u01b0\u1ee1ng: (khuy\u1ebfn ngh\u1ecb) 100Pa- (t\u1ed1i \u0111a) 200Pa<\/p>\n<p>Th\u1ec3 t\u00edch kh\u00f4ng kh\u00ed t\u1ed1i \u0111a: 125% th\u1ec3 t\u00edch kh\u00f4ng kh\u00ed \u0111\u1ecbnh m\u1ee9c<\/p>\n<p>Kh\u1ea3 n\u0103ng ch\u1ecbu nhi\u1ec7t \u0111\u1ed9: 300 \u00b0C<\/p>\n<p>&nbsp;<\/p>\n<p><strong>B\u1ea3ng th\u00f4ng s\u1ed1 k\u0129 thu\u1eadt:<\/strong><\/p>\n<table style=\"height: 478px;\" width=\"715\">\n<tbody>\n<tr>\n<td style=\"text-align: center;\" rowspan=\"2\" width=\"113\">\u00a0Model<\/td>\n<td style=\"text-align: center;\" colspan=\"3\" width=\"340\">\n<p style=\"text-align: center;\"><strong>\u00a0K\u00edch th\u01b0\u1edbc (mm)<\/strong><\/p>\n<\/td>\n<td style=\"text-align: center;\" rowspan=\"2\" width=\"113\">L\u01b0u l\u01b0\u1ee3ng kh\u00ed(m3\/h)<\/td>\n<td style=\"text-align: center;\" rowspan=\"2\" width=\"114\">\u00c1p su\u1ea5t ng\u01b0\u1ee1ng<\/p>\n<p><strong>(Pa)<\/strong><\/td>\n<\/tr>\n<tr>\n<td width=\"114\">\n<p style=\"text-align: center;\">D\u00e0i<\/p>\n<\/td>\n<td style=\"text-align: center;\" width=\"113\">R\u1ed9ng<\/td>\n<td style=\"text-align: center;\" width=\"114\">S\u00e2u<\/td>\n<\/tr>\n<tr>\n<td width=\"113\">\n<p style=\"text-align: center;\">JFB-JS-1<\/p>\n<\/td>\n<td width=\"114\">\n<p style=\"text-align: center;\">595<\/p>\n<\/td>\n<td style=\"text-align: center;\" width=\"113\">595<\/td>\n<td style=\"text-align: center;\" width=\"114\">21<\/td>\n<td style=\"text-align: center;\" width=\"113\">3600<\/td>\n<td style=\"text-align: center;\" rowspan=\"2\" width=\"114\">\u226425<\/td>\n<\/tr>\n<tr>\n<td width=\"113\">\n<p style=\"text-align: center;\">JFB-JS-2<\/p>\n<\/td>\n<td width=\"114\">\n<p style=\"text-align: center;\">595<\/p>\n<\/td>\n<td style=\"text-align: center;\" width=\"113\">290<\/td>\n<td width=\"114\">\n<p style=\"text-align: center;\">21<\/p>\n<\/td>\n<td width=\"113\">\n<p style=\"text-align: center;\">1800<\/p>\n<\/td>\n<\/tr>\n<tr>\n<td width=\"113\">\n<p style=\"text-align: center;\">JFB-JS-3<\/p>\n<\/td>\n<td width=\"114\">\n<p style=\"text-align: center;\">595<\/p>\n<\/td>\n<td style=\"text-align: center;\" width=\"113\">595<\/td>\n<td style=\"text-align: center;\" width=\"114\">25<\/td>\n<td style=\"text-align: center;\" width=\"113\">3800<\/td>\n<td style=\"text-align: center;\" rowspan=\"2\" width=\"114\">\n<p style=\"text-align: center;\">\u226430<\/p>\n<\/td>\n<\/tr>\n<tr>\n<td width=\"113\">\n<p style=\"text-align: center;\">JFB-JS-4<\/p>\n<\/td>\n<td width=\"114\">\n<p style=\"text-align: center;\">595<\/p>\n<\/td>\n<td width=\"113\">\n<p style=\"text-align: center;\">290<\/p>\n<\/td>\n<td width=\"114\">\n<p style=\"text-align: center;\">25<\/p>\n<\/td>\n<td width=\"113\">\n<p style=\"text-align: center;\">1900<\/p>\n<\/td>\n<\/tr>\n<tr>\n<td style=\"text-align: center;\" width=\"113\">JFB-JS-5<\/td>\n<td style=\"text-align: center;\" width=\"114\">595<\/td>\n<td style=\"text-align: center;\" width=\"113\">595<\/td>\n<td style=\"text-align: center;\" width=\"114\">46<\/td>\n<td style=\"text-align: center;\" width=\"113\">4000<\/td>\n<td rowspan=\"2\" width=\"114\">\n<p style=\"text-align: center;\">\u226435<\/p>\n<\/td>\n<\/tr>\n<tr>\n<td style=\"text-align: center;\" width=\"113\">JFB-JS-6<\/td>\n<td style=\"text-align: center;\" width=\"114\">\n<p style=\"text-align: center;\">595<\/p>\n<\/td>\n<td style=\"text-align: center;\" width=\"113\">290<\/td>\n<td width=\"114\">\n<p style=\"text-align: center;\">46<\/p>\n<\/td>\n<td width=\"113\">\n<p style=\"text-align: center;\">2000<\/p>\n<\/td>\n<\/tr>\n<tr>\n<td colspan=\"6\" width=\"679\"><\/td>\n<\/tr>\n<\/tbody>\n<\/table>\n<p>&nbsp;<\/p>\n<p><em><strong>C\u00f4ng ty ch\u1ea5p nh\u1eadn \u0111\u01a1n \u0111\u1eb7t h\u00e0ng cho c\u00e1c s\u1ea3n ph\u1ea9m l\u1ecdc kh\u00f4ng c\u00f3 trong b\u1ea3ng \u0111\u1eb7t h\u00e0ng v\u00e0 l\u00e0m theo k\u00edch th\u01b0\u1edbc c\u1ee7a kh\u00e1ch h\u00e0ng<\/strong><\/em><\/p>","protected":false},"excerpt":{"rendered":"<p><strong><em>V\u1eadt li\u1ec7u l\u1ecdc:<\/em><\/strong>\u00a0 Nh\u00f4m, l\u01b0\u1edbi th\u00e9p kh\u00f4ng r\u1ec9<\/p>\n<p><strong><em>V\u1eadt li\u1ec7u khung:<\/em><\/strong> Khung m\u1ea1 k\u1ebdm, th\u00e9p kh\u00f4ng g\u1ec9, h\u1ee3p kim nh\u00f4m<\/p>\n<p><em><strong>L\u01b0\u1edbi b\u1ea3o v\u1ec7:<\/strong><\/em> L\u01b0\u1edbi nh\u00f4m ho\u1eb7c l\u01b0\u1edbi th\u00e9p kh\u00f4ng g\u1ec9<\/p>\n<p><strong><em>Ti\u00eau chu\u1ea9n:<\/em><\/strong> EN799: G2; EUROVENT4\/5 ; F1<\/p>\n<p><em><strong>\u00c1p su\u1ea5t ng\u01b0\u1ee1ng<\/strong><\/em>: \u00a0(khuy\u1ebfn ngh\u1ecb) 100Pa- (t\u1ed1i \u0111a) 200Pa<\/p>\n<p><em><strong>Ch\u1ecbu nhi\u1ec7t \u0111\u1ed9<\/strong><\/em>: 300 \u00b0C<\/p>","protected":false},"featured_media":29906,"template":"","meta":[],"_links":{"self":[{"href":"http:\/\/handan.com.vn\/en\/wp-json\/wp\/v2\/product\/29930"}],"collection":[{"href":"http:\/\/handan.com.vn\/en\/wp-json\/wp\/v2\/product"}],"about":[{"href":"http:\/\/handan.com.vn\/en\/wp-json\/wp\/v2\/types\/product"}],"wp:featuredmedia":[{"embeddable":true,"href":"http:\/\/handan.com.vn\/en\/wp-json\/wp\/v2\/media\/29906"}],"wp:attachment":[{"href":"http:\/\/handan.com.vn\/en\/wp-json\/wp\/v2\/media?parent=29930"}],"curies":[{"name":"wp","href":"https:\/\/api.w.org\/{rel}","templated":true}]}}