{"id":29787,"date":"2024-11-06T12:33:34","date_gmt":"2024-11-06T05:33:34","guid":{"rendered":"https:\/\/handan.com.vn\/?post_type=product&#038;p=29787"},"modified":"2026-01-05T15:29:12","modified_gmt":"2026-01-05T08:29:12","slug":"tam-loc-bui-so-bo","status":"publish","type":"product","link":"http:\/\/handan.com.vn\/en\/product\/tam-loc-bui-so-bo\/","title":{"rendered":"T\u1ea5m l\u1ecdc b\u1ee5i s\u01a1 b\u1ed9"},"content":{"rendered":"<p><span style=\"font-weight: 400;\"><strong>\u00a0T\u1ea4M L\u1eccC B\u1ee4I S\u01a0 B\u1ed8:\u00a0 <\/strong><\/span><\/p>\n<p><span style=\"font-weight: 400;\">\u0110a d\u1ea1ng v\u1ec1 ch\u1ea5t li\u1ec7u nh\u01b0 gi\u1ea5y, nh\u00f4m ho\u1eb7c GI t\u1ea1o ra nhi\u1ec1u s\u1ef1 l\u1ef1a ch\u1ecdn cho t\u1ea5m l\u1ecdc b\u1ee5i s\u01a1 b\u1ed9 t\u00f9y thu\u1ed9c v\u00e0o m\u1ee5c \u0111\u00edch s\u1eed d\u1ee5ng<\/span><\/p>\n<p>T\u1ea5m l\u1ecdc b\u1ee5i s\u01a1 b\u1ed9 l\u00e0 s\u1ea3n ph\u1ea9m chuy\u00ean d\u00f9ng l\u1ecdc b\u1ee5i s\u01a1 b\u1ed9 trong c\u00e1c h\u1ec7 th\u1ed1ng c\u1ea5p kh\u00ed t\u01b0\u01a1i, h\u1ec7 th\u1ed1ng l\u1ecdc b\u1ee5i s\u01a1n, l\u1ecdc b\u1ee5i c\u00f4ng nghi\u1ec7p<\/p>\n<p>\u0110\u01b0\u1ee3c s\u1eed d\u1ee5ng l\u1ecdc b\u1ee5i th\u00f4, l\u1ecdc tr\u01b0\u1edbc h\u1ec7 th\u1ed1ng l\u1ecdc kh\u00f4ng kh\u00ed<\/p>\n<p>&nbsp;<\/p>\n<p style=\"text-align: center;\"><strong>\u00a0 \u00a0 \u00a0 \u00a0 \u00a0 \u00a0 \u00a0 \u00a0 \u00a0 \u00a0 \u00a0 \u00a0 \u00a0 \u00a0 \u00a0 \u00a0 \u00a0 \u00a0 \u00a0 \u00a0 \u00a0 \u00a0 \u00a0 \u00a0 \u00a0 \u00a0 <\/strong><\/p>\n<p>&nbsp;<\/p>\n<p><strong>B\u1ea3ng th\u00f4ng s\u1ed1 k\u00edch th\u01b0\u1edbc t\u1ea5m l\u1ecdc b\u1ee5i s\u01a1 b\u1ed9:<\/strong><\/p>\n<p>&nbsp;<\/p>\n<table width=\"677\">\n<tbody>\n<tr>\n<td rowspan=\"5\" width=\"56\">\n<p style=\"text-align: center;\">\n<\/td>\n<td style=\"text-align: center;\" rowspan=\"3\" width=\"57\">&nbsp;<\/p>\n<p>MEDIA<\/p>\n<p>SLLZE<\/td>\n<td style=\"text-align: center;\" colspan=\"3\" width=\"170\">K\u00edch th\u01b0\u1edbc<\/td>\n<td style=\"text-align: center;\" colspan=\"3\" width=\"170\">\u0110\u01a1n v\u1ecb<\/td>\n<td style=\"text-align: center;\" colspan=\"3\" width=\"170\">C\u00f4ng su\u1ea5t t\u1ed1i \u0111a<\/td>\n<td style=\"text-align: center;\" rowspan=\"3\" width=\"56\"><\/td>\n<\/tr>\n<tr>\n<td colspan=\"3\" width=\"170\">\n<p style=\"text-align: center;\">inches<\/p>\n<\/td>\n<td colspan=\"3\" width=\"170\">\n<p style=\"text-align: center;\">CFM<\/p>\n<\/td>\n<td style=\"text-align: center;\" colspan=\"3\" width=\"170\">InchesW.G<\/td>\n<\/tr>\n<tr>\n<td style=\"text-align: center;\" colspan=\"3\" width=\"170\">Mm<\/td>\n<td style=\"text-align: center;\" colspan=\"3\" width=\"170\">M3\/H<\/td>\n<td colspan=\"3\" width=\"170\">\n<p style=\"text-align: center;\">Kpa<\/p>\n<\/td>\n<\/tr>\n<tr>\n<td width=\"57\">inches<\/td>\n<td width=\"55\">R\u1ed9ng<\/td>\n<td width=\"57\">Cao<\/td>\n<td width=\"57\">S\u00e2u<\/td>\n<td width=\"55\">300Fpm<\/td>\n<td width=\"57\">500Fpm<\/td>\n<td width=\"57\">625Fpm<\/td>\n<td width=\"55\">300Fpm<\/td>\n<td width=\"57\">500Fpm<\/td>\n<td width=\"57\">625Fpm<\/td>\n<td width=\"56\">\u00a0ft\u00b2<\/td>\n<\/tr>\n<tr>\n<td width=\"57\">Mm<\/td>\n<td width=\"55\">WIDTH<\/td>\n<td width=\"57\">HEIGHT<\/td>\n<td width=\"57\">DEPTH<\/td>\n<td width=\"55\">1.5m\/s<\/td>\n<td width=\"57\">2.5m\/s<\/td>\n<td width=\"57\">3m\/s<\/td>\n<td width=\"55\">15m\/s<\/td>\n<td width=\"57\">2.5m\/s<\/td>\n<td width=\"57\">3m\/s<\/td>\n<td width=\"56\">m<\/td>\n<\/tr>\n<tr>\n<td rowspan=\"14\" width=\"56\">&nbsp;<\/p>\n<p>&nbsp;<\/p>\n<p>&nbsp;<\/p>\n<p>&nbsp;<\/p>\n<p>&nbsp;<\/p>\n<p>&nbsp;<\/p>\n<p>&nbsp;<\/p>\n<p>&nbsp;<\/p>\n<p>&nbsp;<\/p>\n<p>1&#8243;<\/td>\n<td width=\"57\">12&#215;24<\/td>\n<td width=\"55\">11.38<\/td>\n<td width=\"57\">23.37<\/td>\n<td width=\"57\">0.88<\/td>\n<td width=\"55\">600<\/td>\n<td width=\"57\">1000<\/td>\n<td width=\"57\">1250<\/td>\n<td width=\"55\">0.14<\/td>\n<td width=\"57\">0.32<\/td>\n<td width=\"57\">0.42<\/td>\n<td width=\"56\">4.35<\/td>\n<\/tr>\n<tr>\n<td width=\"57\">305&#215;610<\/td>\n<td width=\"55\">289<\/td>\n<td width=\"57\">594<\/td>\n<td width=\"57\">22<\/td>\n<td width=\"55\">1020<\/td>\n<td width=\"57\">1700<\/td>\n<td width=\"57\">2120<\/td>\n<td width=\"55\">0.04<\/td>\n<td width=\"57\">0.08<\/td>\n<td width=\"57\">0.11<\/td>\n<td width=\"56\">0.4<\/td>\n<\/tr>\n<tr>\n<td width=\"57\">16&#215;20<\/td>\n<td width=\"55\">15.4<\/td>\n<td width=\"57\">19.37<\/td>\n<td width=\"57\">0.88<\/td>\n<td width=\"55\">667<\/td>\n<td width=\"57\">1111<\/td>\n<td width=\"57\">1389<\/td>\n<td width=\"55\">0.14<\/td>\n<td width=\"57\">0.30<\/td>\n<td width=\"57\">0.42<\/td>\n<td width=\"56\">4.67<\/td>\n<\/tr>\n<tr>\n<td width=\"57\">406&#215;508<\/td>\n<td width=\"55\">391<\/td>\n<td width=\"57\">492<\/td>\n<td width=\"57\">22<\/td>\n<td width=\"55\">1130<\/td>\n<td width=\"57\">1890<\/td>\n<td width=\"57\">2360<\/td>\n<td width=\"55\">0.04<\/td>\n<td width=\"57\">0.08<\/td>\n<td width=\"57\">0.11<\/td>\n<td width=\"56\">0.43<\/td>\n<\/tr>\n<tr>\n<td width=\"57\">16&#215;25<\/td>\n<td width=\"55\">15.4<\/td>\n<td width=\"57\">24.37<\/td>\n<td width=\"57\">0.88<\/td>\n<td width=\"55\">833<\/td>\n<td width=\"57\">1389<\/td>\n<td width=\"57\">1736<\/td>\n<td width=\"55\">0.14<\/td>\n<td width=\"57\">0.32<\/td>\n<td width=\"57\">0.42<\/td>\n<td width=\"56\">5.88<\/td>\n<\/tr>\n<tr>\n<td width=\"57\">406&#215;635<\/td>\n<td width=\"55\">391<\/td>\n<td width=\"57\">619<\/td>\n<td width=\"57\">22<\/td>\n<td width=\"55\">1415<\/td>\n<td width=\"57\">2360<\/td>\n<td width=\"57\">2950<\/td>\n<td width=\"55\">0.04<\/td>\n<td width=\"57\">0.08<\/td>\n<td width=\"57\">0.11<\/td>\n<td width=\"56\">0.55<\/td>\n<\/tr>\n<tr>\n<td width=\"57\">20&#215;20<\/td>\n<td width=\"55\">19.49<\/td>\n<td width=\"57\">19.49<\/td>\n<td width=\"57\">0.88<\/td>\n<td width=\"55\">833<\/td>\n<td width=\"57\">1389<\/td>\n<td width=\"57\">1736<\/td>\n<td width=\"55\">0.14<\/td>\n<td width=\"57\">0.32<\/td>\n<td width=\"57\">0.42<\/td>\n<td width=\"56\">5.78<\/td>\n<\/tr>\n<tr>\n<td width=\"57\">508&#215;508<\/td>\n<td width=\"55\">495<\/td>\n<td width=\"57\">495<\/td>\n<td width=\"57\">22<\/td>\n<td width=\"55\">1415<\/td>\n<td width=\"57\">2360<\/td>\n<td width=\"57\">2950<\/td>\n<td width=\"55\">0.04<\/td>\n<td width=\"57\">0.08<\/td>\n<td width=\"57\">0.11<\/td>\n<td width=\"56\">0.54<\/td>\n<\/tr>\n<tr>\n<td width=\"57\">20&#215;24<\/td>\n<td width=\"55\">19.49<\/td>\n<td width=\"57\">23.37<\/td>\n<td width=\"57\">0.88<\/td>\n<td width=\"55\">1000<\/td>\n<td width=\"57\">1667<\/td>\n<td width=\"57\">2083<\/td>\n<td width=\"55\">0.14<\/td>\n<td width=\"57\">0.32<\/td>\n<td width=\"57\">0.42<\/td>\n<td width=\"56\">6.59<\/td>\n<\/tr>\n<tr>\n<td width=\"57\">208&#215;610<\/td>\n<td width=\"55\">495<\/td>\n<td width=\"57\">495<\/td>\n<td width=\"57\">22<\/td>\n<td width=\"55\">1700<\/td>\n<td width=\"57\">2830<\/td>\n<td width=\"57\">3540<\/td>\n<td width=\"55\">0.14<\/td>\n<td width=\"57\">0.08<\/td>\n<td width=\"57\">0.11<\/td>\n<td width=\"56\">0.16<\/td>\n<\/tr>\n<tr>\n<td width=\"57\">20&#215;25<\/td>\n<td width=\"55\">19.49<\/td>\n<td width=\"57\">24.37<\/td>\n<td width=\"57\">0.88<\/td>\n<td width=\"55\">1042<\/td>\n<td width=\"57\">1736<\/td>\n<td width=\"57\">2170<\/td>\n<td width=\"55\">0.14<\/td>\n<td width=\"57\">0.32<\/td>\n<td width=\"57\">0.42<\/td>\n<td width=\"56\">7.23<\/td>\n<\/tr>\n<tr>\n<td width=\"57\">508&#215;635<\/td>\n<td width=\"55\">495<\/td>\n<td width=\"57\">619<\/td>\n<td width=\"57\">22<\/td>\n<td width=\"55\">1770<\/td>\n<td width=\"57\">2950<\/td>\n<td width=\"57\">3690<\/td>\n<td width=\"55\">0.04<\/td>\n<td width=\"57\">0.08<\/td>\n<td width=\"57\">0.11<\/td>\n<td width=\"56\">0.67<\/td>\n<\/tr>\n<tr>\n<td width=\"57\">24&#215;24<\/td>\n<td width=\"55\">23.37<\/td>\n<td width=\"57\">23.37<\/td>\n<td width=\"57\">0.88<\/td>\n<td width=\"55\">1200<\/td>\n<td width=\"57\">2000<\/td>\n<td width=\"57\">2500<\/td>\n<td width=\"55\">0.14<\/td>\n<td width=\"57\">0.32<\/td>\n<td width=\"57\">0.42<\/td>\n<td width=\"56\">8.75<\/td>\n<\/tr>\n<tr>\n<td width=\"57\">610&#215;610<\/td>\n<td width=\"55\">594<\/td>\n<td width=\"57\">594<\/td>\n<td width=\"57\">22<\/td>\n<td width=\"55\">2040<\/td>\n<td width=\"57\">3400<\/td>\n<td width=\"57\">4250<\/td>\n<td width=\"55\">0.04<\/td>\n<td width=\"57\">0.08<\/td>\n<td width=\"57\">0.11<\/td>\n<td width=\"56\">0.81<\/td>\n<\/tr>\n<tr>\n<td rowspan=\"14\" width=\"56\">&nbsp;<\/p>\n<p>&nbsp;<\/p>\n<p>&nbsp;<\/p>\n<p>&nbsp;<\/p>\n<p>&nbsp;<\/p>\n<p>&nbsp;<\/p>\n<p>&nbsp;<\/p>\n<p>&nbsp;<\/p>\n<p>&nbsp;<\/p>\n<p>2&#8243;<\/td>\n<td width=\"57\">12&#215;24<\/td>\n<td width=\"55\">11.38<\/td>\n<td width=\"57\">23.37<\/td>\n<td width=\"57\">1.75<\/td>\n<td width=\"55\">600<\/td>\n<td width=\"57\">1000<\/td>\n<td width=\"57\">1250<\/td>\n<td width=\"55\">0.11<\/td>\n<td width=\"57\">0.25<\/td>\n<td width=\"57\">0.32<\/td>\n<td width=\"56\">5.92<\/td>\n<\/tr>\n<tr>\n<td width=\"57\">305&#215;610<\/td>\n<td width=\"55\">289<\/td>\n<td width=\"57\">594<\/td>\n<td width=\"57\">44<\/td>\n<td width=\"55\">1020<\/td>\n<td width=\"57\">1700<\/td>\n<td width=\"57\">2120<\/td>\n<td width=\"55\">0.03<\/td>\n<td width=\"57\">0.06<\/td>\n<td width=\"57\">0.08<\/td>\n<td width=\"56\">0.55<\/td>\n<\/tr>\n<tr>\n<td width=\"57\">16&#215;20<\/td>\n<td width=\"55\">15.4<\/td>\n<td width=\"57\">19.37<\/td>\n<td width=\"57\">1.75<\/td>\n<td width=\"55\">667<\/td>\n<td width=\"57\">1111<\/td>\n<td width=\"57\">1389<\/td>\n<td width=\"55\">0.11<\/td>\n<td width=\"57\">0.25<\/td>\n<td width=\"57\">0.32<\/td>\n<td width=\"56\">6.83<\/td>\n<\/tr>\n<tr>\n<td width=\"57\">406&#215;508<\/td>\n<td width=\"55\">391<\/td>\n<td width=\"57\">492<\/td>\n<td width=\"57\">44<\/td>\n<td width=\"55\">1130<\/td>\n<td width=\"57\">1890<\/td>\n<td width=\"57\">2360<\/td>\n<td width=\"55\">0.03<\/td>\n<td width=\"57\">0.06<\/td>\n<td width=\"57\">0.08<\/td>\n<td width=\"56\">0.63<\/td>\n<\/tr>\n<tr>\n<td width=\"57\">16&#215;25<\/td>\n<td width=\"55\">15.4<\/td>\n<td width=\"57\">24.37<\/td>\n<td width=\"57\">1.75<\/td>\n<td width=\"55\">833<\/td>\n<td width=\"57\">1389<\/td>\n<td width=\"57\">1736<\/td>\n<td width=\"55\">0.11<\/td>\n<td width=\"57\">0.25<\/td>\n<td width=\"57\">0.32<\/td>\n<td width=\"56\">8.6<\/td>\n<\/tr>\n<tr>\n<td width=\"57\">406&#215;635<\/td>\n<td width=\"55\">391<\/td>\n<td width=\"57\">619<\/td>\n<td width=\"57\">44<\/td>\n<td width=\"55\">1415<\/td>\n<td width=\"57\">2360<\/td>\n<td width=\"57\">2950<\/td>\n<td width=\"55\">0.03<\/td>\n<td width=\"57\">0.06<\/td>\n<td width=\"57\">0.08<\/td>\n<td width=\"56\">0.8<\/td>\n<\/tr>\n<tr>\n<td width=\"57\">20&#215;20<\/td>\n<td width=\"55\">19.49<\/td>\n<td width=\"57\">19.49<\/td>\n<td width=\"57\">1.75<\/td>\n<td width=\"55\">833<\/td>\n<td width=\"57\">1389<\/td>\n<td width=\"57\">1736<\/td>\n<td width=\"55\">0.11<\/td>\n<td width=\"57\">0.25<\/td>\n<td width=\"57\">0.32<\/td>\n<td width=\"56\">8.83<\/td>\n<\/tr>\n<tr>\n<td width=\"57\">508&#215;508<\/td>\n<td width=\"55\">495<\/td>\n<td width=\"57\">495<\/td>\n<td width=\"57\">44<\/td>\n<td width=\"55\">1415<\/td>\n<td width=\"57\">2360<\/td>\n<td width=\"57\">2950<\/td>\n<td width=\"55\">0.03<\/td>\n<td width=\"57\">0.06<\/td>\n<td width=\"57\">0.08<\/td>\n<td width=\"56\">0.82<\/td>\n<\/tr>\n<tr>\n<td width=\"57\">20&#215;24<\/td>\n<td width=\"55\">19.49<\/td>\n<td width=\"57\">23.37<\/td>\n<td width=\"57\">1.75<\/td>\n<td width=\"55\">1000<\/td>\n<td width=\"57\">1667<\/td>\n<td width=\"57\">2083<\/td>\n<td width=\"55\">0.11<\/td>\n<td width=\"57\">0.25<\/td>\n<td width=\"57\">0.32<\/td>\n<td width=\"56\">10.61<\/td>\n<\/tr>\n<tr>\n<td width=\"57\">208&#215;610<\/td>\n<td width=\"55\">495<\/td>\n<td width=\"57\">495<\/td>\n<td width=\"57\">44<\/td>\n<td width=\"55\">1700<\/td>\n<td width=\"57\">2830<\/td>\n<td width=\"57\">3540<\/td>\n<td width=\"55\">0.03<\/td>\n<td width=\"57\">0.06<\/td>\n<td width=\"57\">0.08<\/td>\n<td width=\"56\">0.99<\/td>\n<\/tr>\n<tr>\n<td width=\"57\">20&#215;25<\/td>\n<td width=\"55\">19.49<\/td>\n<td width=\"57\">24.37<\/td>\n<td width=\"57\">1.75<\/td>\n<td width=\"55\">1042<\/td>\n<td width=\"57\">1736<\/td>\n<td width=\"57\">2170<\/td>\n<td width=\"55\">0.11<\/td>\n<td width=\"57\">0.25<\/td>\n<td width=\"57\">0.32<\/td>\n<td width=\"56\">11.04<\/td>\n<\/tr>\n<tr>\n<td width=\"57\">508&#215;635<\/td>\n<td width=\"55\">495<\/td>\n<td width=\"57\">619<\/td>\n<td width=\"57\">44<\/td>\n<td width=\"55\">1770<\/td>\n<td width=\"57\">2950<\/td>\n<td width=\"57\">3690<\/td>\n<td width=\"55\">0.03<\/td>\n<td width=\"57\">0.06<\/td>\n<td width=\"57\">0.08<\/td>\n<td width=\"56\">1.03<\/td>\n<\/tr>\n<tr>\n<td width=\"57\">24&#215;24<\/td>\n<td width=\"55\">23.37<\/td>\n<td width=\"57\">23.37<\/td>\n<td width=\"57\">1.75<\/td>\n<td width=\"55\">1200<\/td>\n<td width=\"57\">2000<\/td>\n<td width=\"57\">2500<\/td>\n<td width=\"55\">0.11<\/td>\n<td width=\"57\">0.25<\/td>\n<td width=\"57\">0.32<\/td>\n<td width=\"56\">11.88<\/td>\n<\/tr>\n<tr>\n<td width=\"57\">610&#215;610<\/td>\n<td width=\"55\">594<\/td>\n<td width=\"57\">594<\/td>\n<td width=\"57\">44<\/td>\n<td width=\"55\">2040<\/td>\n<td width=\"57\">3400<\/td>\n<td width=\"57\">4250<\/td>\n<td width=\"55\">0.03<\/td>\n<td width=\"57\">0.06<\/td>\n<td width=\"57\">0.08<\/td>\n<td width=\"56\">1.1<\/td>\n<\/tr>\n<tr>\n<td rowspan=\"4\" width=\"56\">&nbsp;<\/p>\n<p>&nbsp;<\/p>\n<p>4&#8243;<\/td>\n<td width=\"57\">24&#215;24<\/td>\n<td width=\"55\">23.37<\/td>\n<td width=\"57\">23.37<\/td>\n<td width=\"57\">3.85<\/td>\n<td width=\"55\">1200<\/td>\n<td width=\"57\">2000<\/td>\n<td width=\"57\">2500<\/td>\n<td width=\"55\">0.1<\/td>\n<td width=\"57\">0.2<\/td>\n<td width=\"57\">0.3<\/td>\n<td width=\"56\">22.88<\/td>\n<\/tr>\n<tr>\n<td width=\"57\">610&#215;610<\/td>\n<td width=\"55\">594<\/td>\n<td width=\"57\">594<\/td>\n<td width=\"57\">98<\/td>\n<td width=\"55\">2040<\/td>\n<td width=\"57\">3400<\/td>\n<td width=\"57\">4250<\/td>\n<td width=\"55\">0.03<\/td>\n<td width=\"57\">0.05<\/td>\n<td width=\"57\">0.08<\/td>\n<td width=\"56\">2.13<\/td>\n<\/tr>\n<tr>\n<td width=\"57\">25&#215;29<\/td>\n<td width=\"55\">24.37<\/td>\n<td width=\"57\">28.38<\/td>\n<td width=\"57\">3.85<\/td>\n<td width=\"55\">1455<\/td>\n<td width=\"57\">2424<\/td>\n<td width=\"57\">3147<\/td>\n<td width=\"55\">0.1<\/td>\n<td width=\"57\">0.2<\/td>\n<td width=\"57\">0.3<\/td>\n<td width=\"56\">26.51<\/td>\n<\/tr>\n<tr>\n<td width=\"57\">635&#215;737<\/td>\n<td width=\"55\">619<\/td>\n<td width=\"57\">721<\/td>\n<td width=\"57\">98<\/td>\n<td width=\"55\">2470<\/td>\n<td width=\"57\">4120<\/td>\n<td width=\"57\">5350<\/td>\n<td width=\"55\">0.03<\/td>\n<td width=\"57\">0.05<\/td>\n<td width=\"57\">0.08<\/td>\n<td width=\"56\">2.46<\/td>\n<\/tr>\n<\/tbody>\n<\/table>\n<p>&nbsp;<\/p>\n<p>&nbsp;<\/p>\n<p><em><strong>C\u00f4ng ty ch\u1ea5p nh\u1eadn \u0111\u01a1n \u0111\u1eb7t h\u00e0ng cho c\u00e1c s\u1ea3n ph\u1ea9m l\u1ecdc kh\u00f4ng c\u00f3 trong b\u1ea3ng \u0111\u1eb7t h\u00e0ng v\u00e0 l\u00e0m theo k\u00edch th\u01b0\u1edbc c\u1ee7a kh\u00e1ch h\u00e0ng<\/strong><\/em><\/p>\n<p>&nbsp;<\/p>","protected":false},"excerpt":{"rendered":"<p><span style=\"font-weight: 400;\"><strong><em>V\u1eadt li\u1ec7u l\u1ecdc:<\/em><\/strong>\u00a0 S\u1ee3i t\u1ed5ng h\u1ee3p<\/span><\/p>\n<p style=\"font-weight: 400;\"><strong><em>V\u1eadt li\u1ec7u khung:<\/em><\/strong>\u00a0Gi\u1ea5y, nh\u00f4m ho\u1eb7c GI<\/p>\n<p style=\"font-weight: 400;\"><strong><em>\u0110\u1ed9 d\u00e0y:<\/em><\/strong> 1&#8243;, 2&#8243;, 4&#8243;<\/p>\n<p style=\"font-weight: 400;\"><strong><em>Ti\u00eau chu\u1ea9n:<\/em><\/strong> EN799: G2, G3, G4, F5<\/p>\n<p><em><strong>\u00c1p su\u1ea5t ng\u01b0\u1ee1ng<\/strong><\/em>: (khuy\u1ebfn ngh\u1ecb) 200Pa &#8211; (t\u1ed1i \u0111a) 250Pa<\/p>\n<p><em><strong>Ch\u1ecbu nhi\u1ec7t \u0111\u1ed9<\/strong><\/em>: 100 \u00b0C<\/p>","protected":false},"featured_media":29928,"template":"","meta":[],"_links":{"self":[{"href":"http:\/\/handan.com.vn\/en\/wp-json\/wp\/v2\/product\/29787"}],"collection":[{"href":"http:\/\/handan.com.vn\/en\/wp-json\/wp\/v2\/product"}],"about":[{"href":"http:\/\/handan.com.vn\/en\/wp-json\/wp\/v2\/types\/product"}],"wp:featuredmedia":[{"embeddable":true,"href":"http:\/\/handan.com.vn\/en\/wp-json\/wp\/v2\/media\/29928"}],"wp:attachment":[{"href":"http:\/\/handan.com.vn\/en\/wp-json\/wp\/v2\/media?parent=29787"}],"curies":[{"name":"wp","href":"https:\/\/api.w.org\/{rel}","templated":true}]}}