{"id":22830,"date":"2024-02-24T16:38:31","date_gmt":"2024-02-24T09:38:31","guid":{"rendered":"https:\/\/handan.com.vn\/?post_type=product&#038;p=22830"},"modified":"2026-01-05T15:29:12","modified_gmt":"2026-01-05T08:29:12","slug":"quan-ao-cleanroom","status":"publish","type":"product","link":"http:\/\/handan.com.vn\/en\/product\/quan-ao-cleanroom\/","title":{"rendered":"Qu\u1ea7n \u00e1o cleanroom"},"content":{"rendered":"<p align=\"justify\"><em>K\u00ednh g\u1eedi Qu\u00fd Kh\u00e1ch h\u00e0ng,\u00a0<\/em><\/p>\n<p>&nbsp;<\/p>\n<p align=\"justify\">\u00a0 \u00a0V\u1ea5n \u0111\u1ec1 an to\u00e0n trong lao \u0111\u1ed9ng r\u1ea5t \u0111\u01b0\u1ee3c ch\u00fa tr\u1ecdng, nh\u1ea5t l\u00e0 trong trong c\u00e1c ng\u00e0nh nghi\u00ean c\u1ee9u s\u1ea3n xu\u1ea5t. \u0110\u1ec3 \u0111\u1ea3m b\u1ea3o an to\u00e0n v\u00e0 hi\u1ec7u su\u1ea5t l\u00e0m vi\u1ec7c, ng\u01b0\u1eddi lao \u0111\u1ed9ng r\u1ea5t c\u1ea7n \u0111\u1ebfn\u00a0<a href=\"https:\/\/d59m0d04.na1.hubspotlinksfree.com\/Ctc\/W5+113\/d59m0D04\/VVy1d92clkv5N1QMWKQyXxGRW97gBTk59J5pqN2NZZ423m2ndW7Y8-PT6lZ3ncW4_lVM05dy9MyW1YmYlW2Jp68FW5fff5S57WsqsW5cx1mS7NLGlkW8qPKFC9lcGGbVr2JxG25B8rfW3zz3N-5xNxjhW7JyYk58h_ZHdW7XM8z71TfpC5W61HY5l4Y06LVN4p25bDGhmVvW2N7mc782kZlcW2MSG3B72fbmLW5s0HDm77wTWTVZsm_r5Wx3gVW9f2H6w3s6kLHVXmmLW7spwS9W8G1X3l2_5vMxW16Qvxs4Z0k5mW37BHLK7ngphmVyDNzJ6H92YRW30_T6q3_bvfVW1VlDxR7-krM6W5fMQ-V3VRgDfW1gJYb_79Yv1TVPq8nt6MPc_Fdlltn-04\" target=\"_blank\" rel=\"noopener\" data-saferedirecturl=\"https:\/\/www.google.com\/url?q=https:\/\/d59m0D04.na1.hubspotlinksfree.com\/Ctc\/W5%2B113\/d59m0D04\/VVy1d92clkv5N1QMWKQyXxGRW97gBTk59J5pqN2NZZ423m2ndW7Y8-PT6lZ3ncW4_lVM05dy9MyW1YmYlW2Jp68FW5fff5S57WsqsW5cx1mS7NLGlkW8qPKFC9lcGGbVr2JxG25B8rfW3zz3N-5xNxjhW7JyYk58h_ZHdW7XM8z71TfpC5W61HY5l4Y06LVN4p25bDGhmVvW2N7mc782kZlcW2MSG3B72fbmLW5s0HDm77wTWTVZsm_r5Wx3gVW9f2H6w3s6kLHVXmmLW7spwS9W8G1X3l2_5vMxW16Qvxs4Z0k5mW37BHLK7ngphmVyDNzJ6H92YRW30_T6q3_bvfVW1VlDxR7-krM6W5fMQ-V3VRgDfW1gJYb_79Yv1TVPq8nt6MPc_Fdlltn-04&amp;source=gmail&amp;ust=1708853036233000&amp;usg=AOvVaw2QkQ6u6v5AvKeVoR27VVPm\">qu\u1ea7n \u00e1o ph\u00f2ng s\u1ea1ch ch\u1ed1ng t\u0129nh \u0111i\u1ec7n<\/a>.<\/p>\n<p align=\"justify\">\u00a0 T\u1ea1i Handan, ch\u00fang t\u00f4i cung c\u1ea5p m\u1ed9t gi\u1ea3i ph\u00e1p t\u1ed5ng th\u1ec3 t\u1eeb: M\u0169 b\u1ea3o h\u1ed9, K\u00ednh, N\u00fat b\u1ecbt tai, Kh\u1ea9u trang, Qu\u1ea7n \u00e1o ph\u00f2ng s\u1ea1ch ESD( ch\u1ea5t li\u1ec7u 100% Polyester), gi\u00e0y PS, v\u00f2ng \u0111eo tay ESD, g\u0103ng tay ph\u00f2ng s\u1ea1ch&#8230; \u0111\u1ec3 s\u1eed d\u1ee5ng an to\u00e0n, v\u1ec7 sinh \u0111\u1ea1t \u0111\u01b0\u1ee3c c\u00e1c ti\u00eau ch\u00ed ph\u00f2ng s\u1ea1ch v\u00e0 m\u00f4i tr\u01b0\u1eddng trong nh\u00e0 m\u00e1y \u0111i\u1ec7n t\u1eed.<\/p>\n<p align=\"justify\"><strong>Ti\u00eau chu\u1ea9n \u0111\u00e1nh gi\u00e1 qu\u1ea7n \u00e1o ph\u00f2ng s\u1ea1ch<\/strong><\/p>\n<p align=\"justify\">\u00a0 \u00a0Tr\u01b0\u1edbc khi l\u1ef1a ch\u1ecdn qu\u1ea7n \u00e1o ph\u00f2ng s\u1ea1ch c\u1ea7n n\u1eafm \u0111\u01b0\u1ee3c c\u00e1c ti\u00eau chu\u1ea9n \u0111\u00e1nh gi\u00e1 s\u1ea3n ph\u1ea9m v\u1ec1 ch\u1ea5t l\u01b0\u1ee3ng. Hai ti\u00eau ch\u00ed ch\u00ednh \u0111\u1ec3 x\u00e1c \u0111\u1ecbnh qu\u1ea7n \u00e1o ph\u00f2ng s\u1ea1ch ti\u00eau chu\u1ea9n s\u1ebd \u0111\u01b0\u1ee3c ph\u00e2n t\u00edch c\u1ee5 th\u1ec3 d\u01b0\u1edbi \u0111\u00e2y.<\/p>\n<h2><strong>Hi\u1ec7u su\u1ea5t s\u1ea1ch<\/strong><\/h2>\n<p align=\"justify\">Hi\u1ec7u su\u1ea5t s\u1ea1ch c\u1ee7a qu\u1ea7n \u00e1o ph\u00f2ng s\u1ea1ch ch\u1ed1ng t\u0129nh \u0111i\u1ec7n \u0111\u01b0\u1ee3c \u0111\u00e1nh gi\u00e1 qua kh\u1ea3 n\u0103ng kh\u00f4ng b\u00e1m b\u1ee5i v\u00e0 l\u1ecdc b\u1ee5i. Do \u0111\u00f3 \u0111\u1ec3 \u0111\u1ea1t \u0111\u01b0\u1ee3c ti\u00eau chu\u1ea9n ph\u1ea3i c\u00f3 kh\u1ea3 n\u0103ng l\u1ecdc cao v\u00e0 \u00edt t\u1ea1o ra b\u1ee5i.<\/p>\n<h2><strong>Kh\u00f4ng b\u1ee5i<\/strong><\/h2>\n<p align=\"justify\">Kh\u00f4ng b\u1ee5i l\u00e0 qu\u1ea7n \u00e1o ph\u00f2ng s\u1ea1ch ph\u1ea3i kh\u00f4ng b\u00e1m b\u1ee5i v\u00e0 kh\u00f4ng t\u1ea1o ra b\u1ee5i. \u0110\u1ec3 \u0111\u00e1nh gi\u00e1 hi\u1ec7u su\u1ea5t t\u1ea1o b\u1ee5i ph\u1ea3i s\u1eed d\u1ee5ng ph\u01b0\u01a1ng ph\u00e1p l\u1ed3ng gi\u1eb7t Helmke. C\u1ee5 th\u1ec3 l\u00e0 cho qu\u1ea7n \u00e1o ch\u1ed1ng t\u0129nh \u0111i\u1ec7n v\u00e0o th\u00f9ng th\u00e9p kh\u00f4ng g\u1ec9 k\u00edn, sau \u0111\u00f3 ch\u00e0 x\u00e1t theo quy tr\u00ecnh \u0111\u1ec3 l\u1ea5y m\u1eabu kh\u00f4ng kh\u00ed trong th\u00f9ng. Th\u00f4ng qua m\u00e1y \u0111\u1ebfm h\u1ea1t b\u1ee5i v\u00e0 t\u00ednh to\u00e1n m\u1eabu theo \u0111\u01a1n v\u1ecb th\u1eddi gian c\u00f3 th\u1ec3 x\u00e1c \u0111\u1ecbnh \u0111\u01b0\u1ee3c s\u1ed1 l\u01b0\u1ee3ng h\u1ea1t b\u1ee5i \u0111\u01b0\u1ee3c t\u1ea1o ra.<\/p>\n<h2><strong>L\u1ecdc b\u1ee5i<\/strong><\/h2>\n<p align=\"justify\">Ti\u00eau chu\u1ea9n l\u1ecdc b\u1ee5i c\u1ee7a qu\u1ea7n \u00e1o ph\u00f2ng s\u1ea1ch ch\u1ed1ng t\u0129nh \u0111i\u1ec7n l\u00e0 ng\u0103n ch\u1eb7n s\u1ef1 khu\u1ebfch t\u00e1n c\u1ee7a c\u00e1c h\u1ea1t tr\u00ean c\u01a1 th\u1ec3 con ng\u01b0\u1eddi. C\u00e1ch ki\u1ec3m tra l\u00e0 k\u1eb9p qu\u1ea7n \u00e1o ph\u00f2ng s\u1ea1ch v\u00e0o m\u1ed9t thi\u1ebft b\u1ecb c\u1ed1 \u0111\u1ecbnh v\u00e0 h\u00fat kh\u00f4ng kh\u00ed vu\u00f4ng g\u00f3c qua m\u1ed9t m\u00e1y b\u01a1m ch\u00e2n kh\u00f4ng. L\u00fac n\u00e0y c\u00e1c h\u1ea1t c\u00f3 k\u00edch th\u01b0\u1edbc c\u00e1c \u0111\u1ecbnh s\u1ebd \u0111i qua m\u1eabu d\u01b0\u1edbi n\u1ed3ng b\u1ed9 v\u00e0 \u00e1p su\u1ea5t nh\u1ea5t \u0111\u1ecbnh, sau \u0111\u00f3 c\u1ea7n \u0111o kh\u00f4ng gian \u1edf c\u1ea3 hai \u0111\u1ea7u c\u1ee7a m\u1eabu c\u00f3 m\u00e1y \u0111\u1ebfm h\u1ea1t b\u1ee5i. N\u1ebfu hi\u1ec7u su\u1ea5t l\u1ecdc h\u1ea1t b\u1ee5i &gt;50% l\u00e0 \u0111\u1ea1t y\u00eau c\u1ea7u.<\/p>","protected":false},"excerpt":{"rendered":"<p>K\u00ednh g\u1eedi Qu\u00fd Kh\u00e1ch h\u00e0ng,\u00a0 &nbsp; \u00a0 \u00a0V\u1ea5n \u0111\u1ec1 an to\u00e0n trong lao \u0111\u1ed9ng r\u1ea5t \u0111\u01b0\u1ee3c ch\u00fa tr\u1ecdng, nh\u1ea5t l\u00e0 trong trong c\u00e1c ng\u00e0nh nghi\u00ean c\u1ee9u s\u1ea3n xu\u1ea5t. \u0110\u1ec3 \u0111\u1ea3m b\u1ea3o an to\u00e0n v\u00e0 hi\u1ec7u su\u1ea5t l\u00e0m vi\u1ec7c, ng\u01b0\u1eddi lao \u0111\u1ed9ng r\u1ea5t c\u1ea7n \u0111\u1ebfn\u00a0qu\u1ea7n \u00e1o ph\u00f2ng s\u1ea1ch ch\u1ed1ng t\u0129nh \u0111i\u1ec7n. \u00a0 T\u1ea1i Handan, ch\u00fang t\u00f4i [&#8230;]","protected":false},"featured_media":0,"template":"","meta":[],"_links":{"self":[{"href":"http:\/\/handan.com.vn\/en\/wp-json\/wp\/v2\/product\/22830"}],"collection":[{"href":"http:\/\/handan.com.vn\/en\/wp-json\/wp\/v2\/product"}],"about":[{"href":"http:\/\/handan.com.vn\/en\/wp-json\/wp\/v2\/types\/product"}],"wp:attachment":[{"href":"http:\/\/handan.com.vn\/en\/wp-json\/wp\/v2\/media?parent=22830"}],"curies":[{"name":"wp","href":"https:\/\/api.w.org\/{rel}","templated":true}]}}