{"id":22793,"date":"2024-02-19T16:00:16","date_gmt":"2024-02-19T09:00:16","guid":{"rendered":"https:\/\/handan.com.vn\/?post_type=product&#038;p=22793"},"modified":"2026-01-05T15:29:13","modified_gmt":"2026-01-05T08:29:13","slug":"thung-nhua-esd","status":"publish","type":"product","link":"http:\/\/handan.com.vn\/en\/product\/thung-nhua-esd\/","title":{"rendered":"Th\u00f9ng nh\u1ef1a \u0111\u1eb7c x\u00e1m"},"content":{"rendered":"<p>L\u00e0 lo\u1ea1i th\u00f9ng chuy\u00ean d\u1ee5ng \u0111\u1ec3 \u0111\u1ef1ng h\u00e0ng \u0111i\u1ec7n t\u1eed chuy\u00ean d\u1ee5ng trong nh\u00e0 m\u00e1y s\u1ea3n xu\u1ea5t c\u00f4ng nghi\u1ec7p<\/p>\n<ul>\n<li>\u0110i\u1ec7n t\u1eed<\/li>\n<li>\u00d4 t\u00f4, xe m\u00e1y<\/li>\n<\/ul>","protected":false},"excerpt":{"rendered":"<ul class=\"detail-desc-list\">\n<li>Ch\u1ea5t li\u1ec7u: PP (polypropylene)<\/li>\n<li>K\u00edch th\u01b0\u1edbc b\u00ean ngo\u00e0i (mm): 480 x 380 x 200mm<\/li>\n<li>C\u00f3 th\u1ec3 in ch\u1eef + c\u00e0i card nh\u1ef1a 2 b\u00ean<\/li>\n<\/ul>","protected":false},"featured_media":22849,"template":"","meta":[],"_links":{"self":[{"href":"http:\/\/handan.com.vn\/en\/wp-json\/wp\/v2\/product\/22793"}],"collection":[{"href":"http:\/\/handan.com.vn\/en\/wp-json\/wp\/v2\/product"}],"about":[{"href":"http:\/\/handan.com.vn\/en\/wp-json\/wp\/v2\/types\/product"}],"wp:featuredmedia":[{"embeddable":true,"href":"http:\/\/handan.com.vn\/en\/wp-json\/wp\/v2\/media\/22849"}],"wp:attachment":[{"href":"http:\/\/handan.com.vn\/en\/wp-json\/wp\/v2\/media?parent=22793"}],"curies":[{"name":"wp","href":"https:\/\/api.w.org\/{rel}","templated":true}]}}