{"id":22792,"date":"2024-02-19T16:00:16","date_gmt":"2024-02-19T09:00:16","guid":{"rendered":"https:\/\/handan.com.vn\/?post_type=product&#038;p=22792"},"modified":"2026-01-05T15:29:13","modified_gmt":"2026-01-05T08:29:13","slug":"phong-sach-2","status":"publish","type":"product","link":"http:\/\/handan.com.vn\/en\/product\/phong-sach-2\/","title":{"rendered":"Kh\u0103n lau Kimtech"},"content":{"rendered":"<p><strong>Wypall 33241 (kh\u0103n gi\u1ea5y th\u1ea5m d\u1ea7u m\u1ee1 chuy\u00ean d\u1ee5ng d\u1ea1ng cu\u1ed9n l\u1edbn)<br \/>\nKimberly-Clark Wypall Oil, Grease &amp; Ink Cloths 717\/Ct 33241<\/strong><\/p>\n<ul>\n<li>Kh\u0103n lau chuy\u00ean d\u1ee5ng cho d\u1ea7u m\u1ee1 v\u00e0 m\u1ef1c, \u0111\u01b0\u1ee3c l\u00e0m t\u1eeb v\u1ea3i b\u1ec1n ch\u1eafc, c\u00f3 kh\u1ea3 n\u0103ng h\u00fat \u0111\u1ebfn 8 l\u1ea7n tr\u1ecdng l\u01b0\u1ee3ng c\u1ee7a kh\u0103n<\/li>\n<li>C\u00f3 \u0111\u1ed9 d\u1ebbo dai \u0111\u1ec3 d\u1ec5 d\u00e0ng lau ch\u00f9i trong nh\u1eefng kh\u00f4ng gian h\u1eb9p v\u00e0 gi\u1eef \u0111\u01b0\u1ee3c \u0111\u1ed9 b\u1ec1n c\u1ee7a ch\u00fang ngay c\u1ea3 khi b\u1ecb ng\u1ea5m d\u1ea7u.<\/li>\n<li>Kh\u0103n lau \u0111\u01a1n gi\u1ea3n v\u00e0 ti\u1ec7n d\u1ee5ng, lo\u1ea1i b\u1ecf \u0111\u01b0\u1ee3c d\u1ea7u m\u1ee1, b\u1ee5i b\u1ea9n v\u00e0 dung m\u00f4i, v\u1eabn gi\u1eef \u0111\u01b0\u1ee3c t\u00ednh ch\u1ea5t ch\u1ed1ng l\u1ea1i c\u00e1c ch\u1ea5t t\u1ea9y r\u1eeda m\u1ea1nh.<\/li>\n<li>Lu\u00f4n s\u1ea1ch s\u1ebd v\u00e0 th\u01a1m m\u00e1t m\u1ed7i khi s\u1eed d\u1ee5ng v\u00e0 l\u00e0 m\u1ed9t gi\u1ea3i ph\u00e1p hi\u1ec7u qu\u1ea3 h\u01a1n so v\u1edbi c\u00e1c lo\u1ea1i kh\u0103n gi\u1ea5y lau th\u00f4ng th\u01b0\u1eddng<\/li>\n<li>Kh\u1ea3 n\u0103ng ch\u1ecbu acid, baz\u01a1 v\u00e0 dung m\u00f4i. Kh\u1ea3 n\u0103ng h\u00fat t\u1ed1i \u0111a gi\u00fap l\u00e0m s\u1ea1ch v\u00e0 chu\u1ea9n b\u1ecb m\u1ed9t c\u00e1ch d\u1ec5 d\u00e0ng.<\/li>\n<\/ul>","protected":false},"excerpt":{"rendered":"<p class=\"title-pro-detail\">WYPALL 33241 (KH\u0102N GI\u1ea4Y TH\u1ea4M D\u1ea6U M\u1ee0 CHUY\u00caN D\u1ee4NG D\u1ea0NG CU\u1ed8N L\u1edaN)<\/p>\n<div class=\"tbl-pro-detail\">\n<div class=\"desc-pro-detail\">Wypall 33241 (kh\u0103n gi\u1ea5y th\u1ea5m d\u1ea7u m\u1ee1 chuy\u00ean d\u1ee5ng d\u1ea1ng cu\u1ed9n l\u1edbn)<br \/>\nKimberly-Clark Wypall Oil, Grease &amp; Ink Cloths 717\/Ct 33241<br \/>\nKh\u0103n lau Wyall 33241 \u0111\u01b0\u1ee3c s\u1eed d\u1ee5ng \u0111\u1ec3 lau d\u1ea7u m\u1ee1, ho\u00e1 ch\u1ea5t v\u00e0 b\u1ee5i b\u1ea9n trong c\u00e1c ng\u00e0nh c\u00f4ng nghi\u1ec7p m\u00e1y m\u00f3c, \u0111i\u1ec7n t\u1eed,lau b\u1ec1 m\u1eb7t v\u1eadt li\u1ec7u tr\u01b0\u1edbc khi s\u01a1n, lau s\u1ea1ch b\u1ee5i b\u1ea9n d\u1ea7u m\u1ee1 tr\u00ean b\u1ec1 m\u1eb7t nh\u1eb5n, \u0111\u00e1nh b\u00f3ng v\u1eadt li\u1ec7u, kh\u0103n lau trong ph\u00f2ng s\u1ea1ch,..<\/div>\n<\/div>","protected":false},"featured_media":22853,"template":"","meta":[],"_links":{"self":[{"href":"http:\/\/handan.com.vn\/en\/wp-json\/wp\/v2\/product\/22792"}],"collection":[{"href":"http:\/\/handan.com.vn\/en\/wp-json\/wp\/v2\/product"}],"about":[{"href":"http:\/\/handan.com.vn\/en\/wp-json\/wp\/v2\/types\/product"}],"wp:featuredmedia":[{"embeddable":true,"href":"http:\/\/handan.com.vn\/en\/wp-json\/wp\/v2\/media\/22853"}],"wp:attachment":[{"href":"http:\/\/handan.com.vn\/en\/wp-json\/wp\/v2\/media?parent=22792"}],"curies":[{"name":"wp","href":"https:\/\/api.w.org\/{rel}","templated":true}]}}