{"id":22791,"date":"2024-02-19T16:00:16","date_gmt":"2024-02-19T09:00:16","guid":{"rendered":"https:\/\/handan.com.vn\/?post_type=product&#038;p=22791"},"modified":"2026-01-05T15:29:13","modified_gmt":"2026-01-05T08:29:13","slug":"giay-lau-kimtech","status":"publish","type":"product","link":"http:\/\/handan.com.vn\/en\/product\/giay-lau-kimtech\/","title":{"rendered":"Gi\u1ea5y lau Kimtech"},"content":{"rendered":"<p class=\"title-pro-detail\">GI\u1ea4Y LAU KIMTECH PREP OIL AND GREASE 33560<\/p>\n<div class=\"tbl-pro-detail\">\n<div class=\"desc-pro-detail\">Gi\u1ea5y lau Kimtech Prep<br \/>\nGi\u1ea5y lau hi\u1ec7u su\u1ea5t cao v\u1edbi c\u00f4ng ngh\u1ec7 Meltblown Poly propylene<br \/>\nGi\u1ea5y lau Kimtech Prep ho\u00e0n h\u1ea3o cho c\u00e1c \u1ee9ng d\u1ee5ng li\u00ean quan \u0111\u1ebfn lau d\u1ea7u v\u00e0 ho\u00e1 ch\u1ea5t. Gi\u1ea5y lau Kimtech Prep \u0111\u01b0\u1ee3c thi\u1ebft k\u1ebf theo c\u00f4ng ngh\u1ec7 M\u1ef9 \u0111\u1eb7c bi\u1ec7t kh\u00f4ng \u0111\u1ec3 l\u1ea1i b\u1ee5i, chuy\u00ean d\u00f9ng cho ph\u00f2ng s\u1ea1ch.<\/div>\n<\/div>","protected":false},"excerpt":{"rendered":"<p>Gi\u1ea5y lau Kimtech Prep<\/p>\n<p>. Ch\u1ea5t gi\u1ea5y dai ch\u1eafc c\u1ea3 khi kh\u00f4 v\u00e0 \u01b0\u1edbt, c\u00f3 th\u1ec3 t\u00e1i s\u1eed d\u1ee5ng b\u1eb1ng c\u00e1ch v\u1eaft ho\u1eb7c r\u1eeda s\u1ea1ch v\u1edbi n\u01b0\u1edbc<br \/>\n. Kh\u00e1ng dung m\u00f4i v\u00e0 axit, h\u1ea5p th\u1ee5 ch\u1ea5t l\u1ecfng nhanh v\u00e0 hi\u1ec7u qu\u1ea3, h\u1ea5p th\u1ee5 d\u1ea7u l\u00ean t\u1edbi 8 l\u1ea7n tr\u1ecdng l\u01b0\u1ee3ng gi\u1ea5y.<br \/>\n. Nh\u1eb9, d\u1ec5 d\u00e0ng di chuy\u1ec3n, l\u01b0u tr\u1eef v\u00e0 x\u1eed l\u00fd<br \/>\n. \u0110\u1ed3ng nh\u1ea5t v\u1ec1 ch\u1ea5t l\u01b0\u1ee3ng v\u00e0 k\u00edch c\u1ee1, nhi\u1ec1u c\u00e1ch \u0111\u00f3ng g\u00f3i v\u00e0 m\u00e0u s\u1eafc \u0111\u1ec3 l\u1ef1a ch\u1ecdn<br \/>\nD\u00f9ng l\u00e0m s\u1ea1ch b\u1ec1 m\u1eb7t v\u00e0 c\u00e1c b\u1ed9 ph\u1eadn d\u00ednh d\u1ea7u, m\u1ee1, dung m\u00f4i, ho\u00e1 ch\u1ea5t, m\u1ef1c hay s\u01a1n.<br \/>\nTh\u01b0\u1eddng s\u1eed d\u1ee5ng lau tr\u1ee5c in, \u00f4 t\u00f4 tr\u01b0\u1edbc khi s\u01a1n, l\u1eafp r\u00e1p \u0111\u1ed9ng c\u01a1, m\u00e1y m\u00f3c v\u00e0 ch\u1ebf bi\u1ebfn th\u1ef1c ph\u1ea9m<\/p>\n<p>M\u00e3 s\u1ea3n ph\u1ea9m : KCP Kimtech Prep , kimtech oil and grease (1\/4 Fold ) 335600<br \/>\nK\u00edch th\u01b0\u1edbc : 30.48 cm x 36.58 cm<br \/>\n\u0110\u00f3ng g\u00f3i : 66 sheet\/ b\u1ecbch, 8 b\u1ecbch\/th\u00f9ng<br \/>\nM\u00e0u s\u1eafc : M\u00e0u xanh d\u01b0\u01a1ng g\u00e2n<br \/>\nXu\u1ea5t x\u1ee9 : M\u1ef9<\/p>","protected":false},"featured_media":22860,"template":"","meta":[],"_links":{"self":[{"href":"http:\/\/handan.com.vn\/en\/wp-json\/wp\/v2\/product\/22791"}],"collection":[{"href":"http:\/\/handan.com.vn\/en\/wp-json\/wp\/v2\/product"}],"about":[{"href":"http:\/\/handan.com.vn\/en\/wp-json\/wp\/v2\/types\/product"}],"wp:featuredmedia":[{"embeddable":true,"href":"http:\/\/handan.com.vn\/en\/wp-json\/wp\/v2\/media\/22860"}],"wp:attachment":[{"href":"http:\/\/handan.com.vn\/en\/wp-json\/wp\/v2\/media?parent=22791"}],"curies":[{"name":"wp","href":"https:\/\/api.w.org\/{rel}","templated":true}]}}