{"id":22788,"date":"2024-02-19T16:00:16","date_gmt":"2024-02-19T09:00:16","guid":{"rendered":"https:\/\/handan.com.vn\/?post_type=product&#038;p=22788"},"modified":"2026-01-05T15:29:14","modified_gmt":"2026-01-05T08:29:14","slug":"thung-tam-danpla-esd","status":"publish","type":"product","link":"http:\/\/handan.com.vn\/en\/product\/thung-tam-danpla-esd\/","title":{"rendered":"Th\u00f9ng, t\u1ea5m Danpla ESD"},"content":{"rendered":"<h2><b>\u0110\u1eb7c t\u00ednh s\u1ea3n ph\u1ea9m<\/b><\/h2>\n<p>&#8211; Nguy\u00ean li\u1ec7u: 100% nh\u1ef1a Polypropylene<br \/>\n&#8211; \u0110\u1ed9 d\u00e0y: 2,3,4,5,8-10mm<br \/>\n&#8211; M\u00e0u s\u1eafc: m\u00e0u \u0111en<br \/>\n&#8211; K\u00edch th\u01b0\u1edbc t\u00f9y ch\u1ec9nh<br \/>\n&#8211; C\u00f3 th\u1ec3 th\u00eam in m\u1ed9t m\u00e0u, n\u1eafp m\u1eaft c\u00e1o, c\u00e0i card 2 b\u00ean<br \/>\n&#8211; \u0110\u1ed9 ch\u1ed1ng t\u0129nh \u0111i\u1ec7n:<\/p>\n<p>10^-4 =&gt; 10^-6 , 10^-6 =&gt; 10^-9 , 10^-9 =&gt; 10^-11<\/p>\n<p>&nbsp;<\/p>","protected":false},"excerpt":{"rendered":"<p>Th\u00f9ng, t\u1ea5m nh\u1ef1a Danpla ESD ch\u1ed1ng t\u0129nh \u0111i\u1ec7n l\u00e0 m\u1ed9t trong nh\u1eefng s\u1ea3n ph\u1ea9m d\u00f9ng \u0111\u1ec3 l\u01b0u tr\u1eef, \u0111\u00f3ng g\u00f3i&#8230;trong c\u00e1c ng\u00e0nh c\u00f4ng nghi\u1ec7p l\u1eafp r\u00e1p, nh\u1ea5t l\u00e0 trong qu\u00e1 tr\u00ecnh v\u1eadn chuy\u1ec3n linh ki\u1ec7n \u0111i\u1ec7n t\u1eed.<\/p>","protected":false},"featured_media":502,"template":"","meta":[],"_links":{"self":[{"href":"http:\/\/handan.com.vn\/en\/wp-json\/wp\/v2\/product\/22788"}],"collection":[{"href":"http:\/\/handan.com.vn\/en\/wp-json\/wp\/v2\/product"}],"about":[{"href":"http:\/\/handan.com.vn\/en\/wp-json\/wp\/v2\/types\/product"}],"wp:featuredmedia":[{"embeddable":true,"href":"http:\/\/handan.com.vn\/en\/wp-json\/wp\/v2\/media\/502"}],"wp:attachment":[{"href":"http:\/\/handan.com.vn\/en\/wp-json\/wp\/v2\/media?parent=22788"}],"curies":[{"name":"wp","href":"https:\/\/api.w.org\/{rel}","templated":true}]}}