{"id":22725,"date":"2024-02-19T12:14:49","date_gmt":"2024-02-19T05:14:49","guid":{"rendered":"https:\/\/handan.com.vn\/?post_type=product&#038;p=22725"},"modified":"2026-01-05T15:29:14","modified_gmt":"2026-01-05T08:29:14","slug":"tuyen-dung-nhan-vien-kinh-doanh","status":"publish","type":"product","link":"http:\/\/handan.com.vn\/en\/product\/tuyen-dung-nhan-vien-kinh-doanh\/","title":{"rendered":"Tuy\u1ec3n d\u1ee5ng nh\u00e2n vi\u00ean Kinh doanh"},"content":{"rendered":"<p>C\u00d4NG TY TNHH HANDAN<\/p>\n<p>YC tuy\u1ec3n d\u1ee5ng<\/p>\n<p>V\u1ecb tr\u00ed: Tuy\u1ec3n nh\u00e2n vi\u00ean kinh doanh , s\u1ed1 l\u01b0\u1ee3ng: 2 ng\u01b0\u1eddi<\/p>\n<ul>\n<li>Gi\u1edbi thi\u1ec7u, t\u01b0 v\u1ea5n v\u00e0 thuy\u1ebft ph\u1ee5c c\u00e1c kh\u00e1ch h\u00e0ng s\u1eed s\u1ea3n ph\u1ea9m c\u1ee7a c\u00f4ng ty<\/li>\n<li>T\u00ecm ki\u1ebfm, duy tr\u00ec v\u00e0 ph\u00e1t tri\u1ec3n m\u1ea1ng l\u01b0\u1edbi kh\u00e1ch h\u00e0ng<\/li>\n<li>Tr\u1ef1c ti\u1ebfp th\u1ef1c hi\u1ec7n, \u0111\u1ed1c th\u00fac th\u1ef1c hi\u1ec7n h\u1ee3p \u0111\u1ed3ng. Trong \u0111\u00f3 g\u1ed3m c\u00e1c th\u1ee7 t\u1ee5c giao h\u00e0ng, c\u00f9ng kh\u00e1ch h\u00e0ng ki\u1ec3m tra ch\u1ea5t l\u01b0\u1ee3ng s\u1ea3n ph\u1ea9m giao.<\/li>\n<li>Ti\u1ebfp nh\u1eadn v\u00e0 x\u1eed l\u00fd n\u1ebfu kh\u00e1ch h\u00e0ng c\u00f3 khi\u1ebfu n\u1ea1i v\u1ec1 s\u1ea3n ph\u1ea9m<\/li>\n<li>Theo d\u00f5i qu\u00e1 tr\u00ecnh thanh l\u00fd h\u1ee3p \u0111\u1ed3ng, h\u1ed7 tr\u1ee3 ph\u00f2ng k\u1ebf to\u00e1n \u0111\u1ed1c th\u00fac c\u00f4ng n\u1ee3. Ch\u1ecbu tr\u00e1ch nhi\u1ec7m \u0111\u1ebfn khi kh\u00e1ch h\u00e0ng thanh to\u00e1n xong.<\/li>\n<li>Gi\u1ea3i quy\u1ebft c\u00e1c v\u1ea5n \u0111\u1ec1 v\u00e0 ph\u00e0n n\u00e0n c\u1ee7a kh\u00e1ch h\u00e0ng \u0111\u1ec3 \u0111\u1ea3m b\u1ea3o \u0111\u1ed9 h\u00e0i l\u00f2ng, tin c\u1eady c\u1ee7a kh\u00e1ch theo \u0111\u00fang quy tr\u00ecnh.<\/li>\n<li>Th\u1ef1c hi\u1ec7n c\u00e1c b\u00e1o c\u00e1o li\u00ean quan \u0111\u1ebfn t\u00ecnh h\u00ecnh c\u00f4ng vi\u1ec7c. xu h\u01b0\u1edbng ho\u1ea1t \u0111\u1ed9ng c\u1ee7a \u0111\u1ed1i th\u1ee7 c\u1ea1nh tranh\u2026<\/li>\n<\/ul>\n<p>Y\u00eau c\u1ea7u<\/p>\n<ul>\n<li>Nam<\/li>\n<li>T\u1ed1t nghi\u1ec7p \u0111\u1ea1i h\u1ecdc \/Cao \u0111\u1eb3ng c\u00e1c ng\u00e0nh k\u1ef9 thu\u1eadt h\u00f3a ch\u1ea5t li\u00ean quan<\/li>\n<li>C\u00f3 kinh nghi\u1ec7m 1-2 n\u0103m<\/li>\n<li>S\u1eed d\u1ee5ng th\u00e0nh th\u1ea1o ph\u1ea7n m\u1ec1m v\u0103n ph\u00f2ng<\/li>\n<li>Bi\u1ebft ti\u1ebfng Anh\/Ti\u1ebfng Trung\/Ti\u1ebfng H\u00e0n l\u00e0 1 l\u1ee3i th\u1ebf<\/li>\n<li>Nhanh nh\u1eb9n, trung th\u1ef1c, ch\u0103m ch\u1ec9<\/li>\n<li>Ch\u1ecbu kh\u00f3 \u0111i l\u1ea1i\u2026<\/li>\n<li><\/li>\n<\/ul>\n<p>Quy\u1ec1n l\u1ee3i<\/p>\n<ul>\n<li>L\u01b0\u01a1ng c\u1ee9ng 9 tri\u1ec7u+ th\u01b0\u1edfng d\u1ef1a tr\u00ean doanh thu<\/li>\n<li>B\u1ea3o hi\u1ec3m x\u00e3 h\u1ed9i<\/li>\n<li>\u0102n tr\u01b0a \/ \u0110i\u1ec7n tho\u1ea1i\/ngh\u1ec9 m\u00e1t<\/li>\n<li>Ngh\u1ec9 l\u1ec5 theo l\u1ecbch c\u1ee7a nh\u00e0 n\u01b0\u1edbc<\/li>\n<\/ul>\n<p>Li\u00ean h\u1ec7 g\u1eedi CV qua email: Sales.olivia@handan.com.vn<\/p>","protected":false},"excerpt":{"rendered":"<p>C\u00d4NG TY TNHH HANDAN YC tuy\u1ec3n d\u1ee5ng V\u1ecb tr\u00ed: Tuy\u1ec3n nh\u00e2n vi\u00ean kinh doanh , s\u1ed1 l\u01b0\u1ee3ng: 2 ng\u01b0\u1eddi Gi\u1edbi thi\u1ec7u, t\u01b0 v\u1ea5n v\u00e0 thuy\u1ebft ph\u1ee5c c\u00e1c kh\u00e1ch h\u00e0ng s\u1eed s\u1ea3n ph\u1ea9m c\u1ee7a c\u00f4ng ty T\u00ecm ki\u1ebfm, duy tr\u00ec v\u00e0 ph\u00e1t tri\u1ec3n m\u1ea1ng l\u01b0\u1edbi kh\u00e1ch h\u00e0ng Tr\u1ef1c ti\u1ebfp th\u1ef1c hi\u1ec7n, \u0111\u1ed1c th\u00fac th\u1ef1c hi\u1ec7n h\u1ee3p [&#8230;]","protected":false},"featured_media":22727,"template":"","meta":[],"_links":{"self":[{"href":"http:\/\/handan.com.vn\/en\/wp-json\/wp\/v2\/product\/22725"}],"collection":[{"href":"http:\/\/handan.com.vn\/en\/wp-json\/wp\/v2\/product"}],"about":[{"href":"http:\/\/handan.com.vn\/en\/wp-json\/wp\/v2\/types\/product"}],"wp:featuredmedia":[{"embeddable":true,"href":"http:\/\/handan.com.vn\/en\/wp-json\/wp\/v2\/media\/22727"}],"wp:attachment":[{"href":"http:\/\/handan.com.vn\/en\/wp-json\/wp\/v2\/media?parent=22725"}],"curies":[{"name":"wp","href":"https:\/\/api.w.org\/{rel}","templated":true}]}}