{"id":22541,"date":"2024-01-19T14:24:59","date_gmt":"2024-01-19T07:24:59","guid":{"rendered":"https:\/\/handan.com.vn\/?post_type=product&#038;p=22541"},"modified":"2026-01-05T15:41:03","modified_gmt":"2026-01-05T08:41:03","slug":"pallet-nhua-cu","status":"publish","type":"product","link":"http:\/\/handan.com.vn\/en\/product\/pallet-nhua-cu\/","title":{"rendered":"Pallet nh\u1ef1a c\u0169"},"content":{"rendered":"<p>Pallet nh\u1ef1a c\u0169<\/p>\n<p>K\u00edch th\u01b0\u1edbc:<\/p>\n<p>1200x1200x150mm<\/p>\n<p>1200x1100x150mm<\/p>\n<p>1200x1000x150mm<\/p>\n<p>1100x1100x120mm<\/p>","protected":false},"excerpt":{"rendered":"<p>Hi\u1ec7n t\u1ea1i ch\u00fang t\u00f4i c\u00f3 t\u1ed3n kho s\u1ed1 l\u01b0\u1ee3ng l\u1edbn h\u00e0ng Pallet \u0111\u00e3 qua s\u1eed d\u1ee5ng. Ch\u1ea5t l\u01b0\u1ee3ng m\u1edbi t\u1ea7m 85-95%, \u0111\u1ea7y \u0111\u1ee7 c\u00e1c k\u00edch th\u01b0\u1edbc y\u00eau c\u1ea7u.<\/p>\n<p>Qu\u00fd KH c\u00f3 y\u00eau c\u1ea7u vui l\u00f2ng li\u00ean h\u1ec7 \u0111\u1ec3 \u0111\u01b0\u1ee3c b\u00e1o gi\u00e1 t\u1ed1t nh\u1ea5t<\/p>","protected":false},"featured_media":22542,"template":"","meta":[],"_links":{"self":[{"href":"http:\/\/handan.com.vn\/en\/wp-json\/wp\/v2\/product\/22541"}],"collection":[{"href":"http:\/\/handan.com.vn\/en\/wp-json\/wp\/v2\/product"}],"about":[{"href":"http:\/\/handan.com.vn\/en\/wp-json\/wp\/v2\/types\/product"}],"wp:featuredmedia":[{"embeddable":true,"href":"http:\/\/handan.com.vn\/en\/wp-json\/wp\/v2\/media\/22542"}],"wp:attachment":[{"href":"http:\/\/handan.com.vn\/en\/wp-json\/wp\/v2\/media?parent=22541"}],"curies":[{"name":"wp","href":"https:\/\/api.w.org\/{rel}","templated":true}]}}