{"id":1999,"date":"2022-08-30T16:12:55","date_gmt":"2022-08-30T09:12:55","guid":{"rendered":"http:\/\/handan.com.vn\/?post_type=product&#038;p=1999"},"modified":"2026-01-05T15:41:05","modified_gmt":"2026-01-05T08:41:05","slug":"giay-takumi-shogun","status":"publish","type":"product","link":"http:\/\/handan.com.vn\/en\/product\/giay-takumi-shogun\/","title":{"rendered":"Gi\u00e0y Takumi Shogun"},"content":{"rendered":"<p>S\u1eec D\u1ee4NG CHO C\u00d4NG NGHI\u1ec6P N\u1eb6NG<\/p>\n<p>Thi\u1ebft k\u1ebf \u00f4m s\u00e1t g\u00f3t ch\u00e2n, t\u1ea1o s\u1ef1 v\u1eeba v\u1eb7n v\u00e0 h\u1ea1n ch\u1ebf s\u1ef1 d\u1ecbch chuy\u1ec3n b\u00e0n ch\u00e2n t\u1eeb b\u00ean trong.<\/p>\n<p>B\u1ea3o v\u1ec7 c\u1ed5 ch\u00e2n kh\u1ecfi c\u00e1c t\u00e1c \u0111\u1ed9ng b\u00ean ngo\u00e0i.<\/p>\n<p>C\u1ea5u tr\u00fac l\u00f3t gi\u00e0y \u00eam \u00e1i v\u00e0 m\u1ec1m m\u1ea1i t\u1ea1o s\u1ef1 tho\u1ea3i m\u00e1i cho b\u00e0n ch\u00e2n<\/p>\n<p>T\u0103ng c\u01b0\u1eddng \u0111\u1ed9 b\u1ec1n b\u1eb1ng da th\u1eadt<\/p>","protected":false},"excerpt":{"rendered":"<p>\u0110\u1eb6C \u0110I\u1ec2M<br \/>\nPh\u1ea7n tr\u00ean: Da th\u1eadt cao c\u1ea5p<br \/>\n\u0110\u1ebf : Cao su<br \/>\nM\u0169i gi\u00e0y : Th\u00e9p<br \/>\nL\u00f3t gi\u1eefa : Th\u00e9p<\/p>","protected":false},"featured_media":2002,"template":"","meta":[],"_links":{"self":[{"href":"http:\/\/handan.com.vn\/en\/wp-json\/wp\/v2\/product\/1999"}],"collection":[{"href":"http:\/\/handan.com.vn\/en\/wp-json\/wp\/v2\/product"}],"about":[{"href":"http:\/\/handan.com.vn\/en\/wp-json\/wp\/v2\/types\/product"}],"wp:featuredmedia":[{"embeddable":true,"href":"http:\/\/handan.com.vn\/en\/wp-json\/wp\/v2\/media\/2002"}],"wp:attachment":[{"href":"http:\/\/handan.com.vn\/en\/wp-json\/wp\/v2\/media?parent=1999"}],"curies":[{"name":"wp","href":"https:\/\/api.w.org\/{rel}","templated":true}]}}