{"id":1990,"date":"2022-08-30T15:51:08","date_gmt":"2022-08-30T08:51:08","guid":{"rendered":"http:\/\/handan.com.vn\/?post_type=product&#038;p=1990"},"modified":"2026-01-05T15:41:06","modified_gmt":"2026-01-05T08:41:06","slug":"giay-bao-ho-chong-tinh-dien-takumi-ninja-s-o","status":"publish","type":"product","link":"http:\/\/handan.com.vn\/en\/product\/giay-bao-ho-chong-tinh-dien-takumi-ninja-s-o\/","title":{"rendered":"Gi\u00e0y b\u1ea3o h\u1ed9 Ch\u1ed1ng T\u0129nh \u0110i\u1ec7n Takumi Ninja-S.O"},"content":{"rendered":"<p><strong>\u00a0 <\/strong><\/p>\n<p>Thi\u1ebft k\u1ebf v\u1edbi 2 m\u00e0u \u0111en, tr\u1eafng \u0111em \u0111\u1ebfn nhi\u1ec1u s\u1ef1 l\u1ef1a ch\u1ecdn h\u01a1n trong khi mang gi\u00e0y b\u1ea3o h\u1ed9<\/p>\n<ul>\n<li>\u0110\u1ebf gi\u00e0y thay \u0111\u1ed5i m\u1ed9t ph\u1ea7n ch\u1ea5t li\u1ec7u mang \u0111\u1ebfn \u0111\u1ed9 b\u00e1m d\u00ednh, ch\u1ed1ng tr\u01a1n tr\u01b0\u1ee3t t\u1ed1t h\u01a1n h\u1eb3n, di chuy\u1ec3n t\u1ed1t trong m\u00f4i tr\u01b0\u1eddng d\u1ea7u nh\u1edbt.<\/li>\n<li>Ph\u1ea7n l\u00f3t gi\u00e0y \u0111\u01b0\u1ee3c c\u1ea3i ti\u1ebfn \u0111\u1ec3 t\u1ea1o s\u1ef1 th\u00f4ng tho\u00e1ng \u00eam ch\u00e2n, h\u1ea1n ch\u1ebf m\u00f9i h\u00f4i.<\/li>\n<li>Gi\u00e0y b\u1ea3o h\u1ed9 ch\u1ed1ng t\u0129nh \u0111i\u1ec7n TAKUMI NINJA-S.O. kh\u00f4ng ch\u1ec9 ti\u1ec7n d\u1ee5ng, nhanh ch\u00f3ng v\u00ec kh\u00f4ng c\u1ea7n t\u1ed1n th\u1eddi gian cho vi\u1ec7c bu\u1ed9c d\u00e2y. Thi\u1ebft k\u1ebf gi\u00e0y si\u00eau nh\u1eb9 nh\u00e0ng, gi\u1ea3m s\u1ef1 m\u1ec7t m\u1ecfi cho b\u00e0n ch\u00e2n khi l\u00e0m vi\u1ec7c di chuy\u1ec3n nhi\u1ec1u ho\u1eb7c \u0111i \u0111\u1ee9ng qu\u00e1 l\u00e2u.<\/li>\n<li>Gi\u00e0y nhi\u1ec1u k\u00edch c\u1ee1 nh\u01b0ng m\u0169i th\u00e9p ri\u00eang bi\u1ec7t v\u00e0 ph\u00f9 h\u1ee3p v\u1edbi t\u1eebng k\u00edch c\u1ee1 gi\u00e0y mang \u0111\u1ebfn s\u1ef1 tho\u1ea3i m\u00e1i nh\u1ea5t cho ng\u01b0\u1eddi mang.<\/li>\n<li>Gi\u00e0y c\u00f2n c\u00f3 th\u1ec3 di chuy\u1ec3n trong m\u00f4i tr\u01b0\u1eddng d\u1ea7u b\u1edfi ph\u1ea7n \u0111\u1ebf c\u00f3 kh\u1ea3 n\u0103ng ch\u1ed1ng d\u1ea7u, gi\u00fap qu\u00e1 tr\u00ecnh di chuy\u1ec3n linh ho\u1ea1t h\u01a1n.<\/li>\n<li>Ngo\u00e0i ra Takumi Ninja-SO c\u00f2n l\u00e0 m\u1eabu gi\u00e0y \u0111\u1ea1t chu\u1ea9n ESD v\u1ec1 ch\u1ed1ng t\u0129nh \u0111i\u1ec7n n\u00ean ph\u00f9 h\u1ee3p v\u1edbi m\u00f4i tr\u01b0\u1eddng ph\u00f2ng s\u1ea1ch, b\u1ebfp, c\u00f4ng x\u01b0\u1edfng.<\/li>\n<\/ul>","protected":false},"excerpt":{"rendered":"<p><strong>\u00a0 \u00a0 \u00a0 \u0110\u1eb6C \u0110I\u1ec2M\u00a0<\/strong><\/p>\n<ul>\n<li>Ch\u1ed1ng t\u0129nh \u0111i\u1ec7n.<\/li>\n<li>M\u0169i th\u00e9p, ch\u1ed1ng va \u0111\u1eadp, ch\u1ed1ng n\u00e9n<\/li>\n<li>\u00a0Ph\u1ea7n tr\u00ean: MicroFiber<\/li>\n<li>\u00a0Ph\u1ea7n \u0111\u1ebf: Cao su<\/li>\n<li>Kh\u00f4ng c\u1ea7n bu\u1ed9c d\u00e2y, ch\u1ed1ng tr\u01a1n tr\u01b0\u1ee3t t\u1ed1t.<\/li>\n<li>Ch\u1ecbu \u0111\u01b0\u1ee3c trong m\u00f4i tr\u01b0\u1eddng d\u1ea7u.<\/li>\n<li>Gi\u00e0y b\u1ea3o h\u1ed9 si\u00eau nh\u1eb9 nh\u00e0ng<\/li>\n<li>\u1ee8ng d\u1ee5ng: nh\u00e0 m\u00e1y, nh\u00e0 x\u01b0\u1edfng.<\/li>\n<\/ul>","protected":false},"featured_media":1994,"template":"","meta":[],"_links":{"self":[{"href":"http:\/\/handan.com.vn\/en\/wp-json\/wp\/v2\/product\/1990"}],"collection":[{"href":"http:\/\/handan.com.vn\/en\/wp-json\/wp\/v2\/product"}],"about":[{"href":"http:\/\/handan.com.vn\/en\/wp-json\/wp\/v2\/types\/product"}],"wp:featuredmedia":[{"embeddable":true,"href":"http:\/\/handan.com.vn\/en\/wp-json\/wp\/v2\/media\/1994"}],"wp:attachment":[{"href":"http:\/\/handan.com.vn\/en\/wp-json\/wp\/v2\/media?parent=1990"}],"curies":[{"name":"wp","href":"https:\/\/api.w.org\/{rel}","templated":true}]}}