{"id":1979,"date":"2022-08-30T15:29:22","date_gmt":"2022-08-30T08:29:22","guid":{"rendered":"http:\/\/handan.com.vn\/?post_type=product&#038;p=1979"},"modified":"2026-01-05T15:41:06","modified_gmt":"2026-01-05T08:41:06","slug":"giay-takumi-samurai","status":"publish","type":"product","link":"http:\/\/handan.com.vn\/en\/product\/giay-takumi-samurai\/","title":{"rendered":"Gi\u00e0y Takumi Samurai"},"content":{"rendered":"<p>&nbsp;<\/p>\n<p>Thi\u1ebft k\u1ebf \u00f4m s\u00e1t g\u00f3t ch\u00e2n, t\u1ea1o s\u1ef1 v\u1eeba v\u1eb7n v\u00e0 h\u1ea1n ch\u1ebf s\u1ef1 d\u1ecbch chuy\u1ec3n b\u00e0n ch\u00e2n t\u1eeb b\u00ean trong.<\/p>\n<p>Thi\u1ebft k\u1ebf bao ph\u1ee7 di\u1ec7n r\u1ed9ng ph\u1ea7n tr\u01b0\u1edbc m\u0169i gi\u00e0y nh\u1eb1m t\u0103ng b\u1ed9 b\u1ec1n, h\u1ea1n ch\u1ebf bong tr\u00f3c b\u1edfi nh\u1eefng t\u00e1c \u0111\u1ed9ng c\u1ee7a m\u00f4i tr\u01b0\u1eddng xung quanh.<\/p>\n<p>C\u1ea5u tr\u00fac l\u00f3t gi\u00e0y \u00eam \u00e1i v\u00e0 m\u1ec1m m\u1ea1i t\u1ea1o s\u1ef1 tho\u1ea3i m\u00e1i cho b\u00e0n ch\u00e2n.<\/p>\n<p>\u0110\u1ebf gi\u00e0y \u0111\u01b0\u1ee3c t\u00edch h\u1ee3p ch\u1ee9c n\u0103ng ch\u1ed1ng t\u0129nh \u0111i\u1ec7n v\u00e0 ch\u1ed1ng tr\u01a1n tr\u01b0\u1ee3t gi\u00fap an to\u00e0n v\u00e0 tho\u1ea3i m\u00e1i khi di chuy\u1ec3n.<\/p>\n<p>\u00c1p d\u1ee5ng c\u00f4ng ngh\u1ec7 m\u1edbi gi\u00fap t\u0103ng \u0111\u1ed9 b\u1ec1n cho \u0111\u1ebf gi\u00e0y.<\/p>","protected":false},"excerpt":{"rendered":"<p>S\u1eec D\u1ee4NG T\u1ed0T C\u00d4NG NGHI\u1ec6P V\u1eeaA V\u00c0 N\u1eb6NG<\/p>\n<p>\u0110\u1eb6C \u0110I\u1ec2M<\/p>\n<ul>\n<li>Ph\u1ea7n tr\u00ean: Microfiber<\/li>\n<li>\u0110\u1ebf gi\u1eefa : PU<\/li>\n<li>\u0110\u1ebf ngo\u00e0i : PU<\/li>\n<li>M\u0169i gi\u00e0y : Composite<\/li>\n<li>L\u00f3t gi\u1eefa : Th\u00e9p<\/li>\n<\/ul>","protected":false},"featured_media":1981,"template":"","meta":[],"_links":{"self":[{"href":"http:\/\/handan.com.vn\/en\/wp-json\/wp\/v2\/product\/1979"}],"collection":[{"href":"http:\/\/handan.com.vn\/en\/wp-json\/wp\/v2\/product"}],"about":[{"href":"http:\/\/handan.com.vn\/en\/wp-json\/wp\/v2\/types\/product"}],"wp:featuredmedia":[{"embeddable":true,"href":"http:\/\/handan.com.vn\/en\/wp-json\/wp\/v2\/media\/1981"}],"wp:attachment":[{"href":"http:\/\/handan.com.vn\/en\/wp-json\/wp\/v2\/media?parent=1979"}],"curies":[{"name":"wp","href":"https:\/\/api.w.org\/{rel}","templated":true}]}}