{"id":1976,"date":"2022-08-26T17:01:06","date_gmt":"2022-08-26T10:01:06","guid":{"rendered":"http:\/\/handan.com.vn\/?post_type=product&#038;p=1976"},"modified":"2026-01-05T15:41:06","modified_gmt":"2026-01-05T08:41:06","slug":"giay-takumi-ninja","status":"publish","type":"product","link":"http:\/\/handan.com.vn\/en\/product\/giay-takumi-ninja\/","title":{"rendered":"Gi\u00e0y Takumi Ninja"},"content":{"rendered":"<p>Gi\u00e0y b\u1ea3o h\u1ed9 th\u1ec3 thao si\u00eau nh\u1eb9<\/p>\n<p>Ki\u1ec3u d\u00e1ng th\u1eddi trang<\/p>\n<p>\u0110\u1ebf gi\u00e0y ch\u1ed1ng tr\u01a1n tr\u01b0\u1ee3t t\u1ed1t<\/p>","protected":false},"excerpt":{"rendered":"<p>V\u1edbi c\u00f4ng ngh\u1ec7 c\u1ea3i ti\u1ebfn \u201cNINJA Tech\u201dmang l\u1ea1i c\u1ea3m gi\u00e1c v\u1eeba v\u1eb7n v\u00e0 \u00f4m ch\u00e2n gi\u00fap t\u0103ng hi\u1ec7u su\u1ea5t<br \/>\ncho ng\u01b0\u1eddi d\u00f9ng.<\/p>\n<p>S\u1eed d\u1ee5ng t\u1ed1t ng\u00e0nh C\u00d4NG NGHI\u1ec6P NH\u1eb8<\/p>\n<p>\u0110\u1eb7c \u0111i\u1ec3m<\/p>\n<ul>\n<li>M\u00fat b\u1ea3o v\u1ec7 g\u00f3t ch\u00e2n ng\u0103n s\u1ef1 d\u1ecbch chuy\u1ec3n<\/li>\n<li>Da PU l\u01b0\u1edbi tho\u00e1ng kh\u00ed<\/li>\n<li>C\u1ea5u tr\u00fac \u0111\u1ebf: s\u1eed d\u1ee5ng c\u00f4ng ngh\u1eb9 Arch \u0111\u1ee1 l\u1ed3ng b\u00e0n ch\u00e2n, chia \u0111\u1ec1u \u00e1p l\u1ef1c<\/li>\n<li>M\u0169i th\u00e9p Ch\u1ed1ng d\u1eadp ng\u00f3n<\/li>\n<li>\u0110\u1ebf cao su ch\u1ed1ng gi\u1ea3m ch\u1ea5n, ch\u1ed1ng tr\u01b0\u1ee3t t\u1ed1t<\/li>\n<li>C\u0169ng nh\u01b0 nh\u1eefng lo\u1ea1i\u00a0<a href=\"https:\/\/takumisafety.com.vn\/\">gi\u00e0y b\u1ea3o h\u1ed9 lao \u0111\u1ed9ng<\/a>\u00a0d\u00f2ng ph\u1ed5 th\u00f4ng kh\u00e1c Takumi Ninja \u0111\u01b0\u1ee3c trang b\u1ecb m\u0169i th\u00e9p mang \u0111\u1ebfn kh\u1ea3 n\u0103ng b\u1ea3o v\u1ec7 ch\u1ed1ng s\u1ef1 va qu\u1eb9t v\u00e0 v\u1eadt n\u1eb7ng r\u01a1i v\u00e0o ch\u00e2n. M\u0169i th\u00e9p c\u00f3 th\u1ec3 ch\u1ecbu \u0111\u01b0\u1ee3c l\u1ef1c n\u00e9n l\u00ean \u0111\u1ebfn 15kN<\/li>\n<li>size EURO: t\u1eeb 36-46<\/li>\n<\/ul>","protected":false},"featured_media":1969,"template":"","meta":[],"_links":{"self":[{"href":"http:\/\/handan.com.vn\/en\/wp-json\/wp\/v2\/product\/1976"}],"collection":[{"href":"http:\/\/handan.com.vn\/en\/wp-json\/wp\/v2\/product"}],"about":[{"href":"http:\/\/handan.com.vn\/en\/wp-json\/wp\/v2\/types\/product"}],"wp:featuredmedia":[{"embeddable":true,"href":"http:\/\/handan.com.vn\/en\/wp-json\/wp\/v2\/media\/1969"}],"wp:attachment":[{"href":"http:\/\/handan.com.vn\/en\/wp-json\/wp\/v2\/media?parent=1976"}],"curies":[{"name":"wp","href":"https:\/\/api.w.org\/{rel}","templated":true}]}}