{"id":174,"date":"2021-04-29T10:31:42","date_gmt":"2021-04-29T03:31:42","guid":{"rendered":"http:\/\/handan.com.vn\/?post_type=product&#038;p=174"},"modified":"2026-01-05T15:41:22","modified_gmt":"2026-01-05T08:41:22","slug":"giay-phong-sach","status":"publish","type":"product","link":"http:\/\/handan.com.vn\/en\/product\/giay-phong-sach\/","title":{"rendered":"Gi\u00e0y ph\u00f2ng s\u1ea1ch"},"content":{"rendered":"<p>Gi\u1edbi thi\u1ec7u chi ti\u1ebft s\u1ea3n ph\u1ea9m<\/p>\n<ul>\n<li>GI\u00e0y ph\u00f2ng s\u1ea1ch m\u1eb7t l\u01b0\u1edbi\/ 4 l\u1ed7<\/li>\n<li>\u0110\u1ec5 PVC<\/li>\n<li>Tr\u1edd kh\u00e1ng b\u1ec1 m\u1eb7t: <strong>10^7 ~10^10 \u03a9<\/strong><\/li>\n<li>Size gi\u00e0y: t\u1eeb 34-46<\/li>\n<li>S\u1eed d\u1ee5ng trong ph\u00f2ng s\u1ea1ch<\/li>\n<\/ul>\n<p>&nbsp;<\/p>","protected":false},"excerpt":{"rendered":"<p>\u1ee8ng d\u1ee5ng: S\u1ea3n ph\u1ea9m s\u1eed d\u1ee5ng ch\u1ee7 y\u1ebfu trong nh\u00e0 x\u01b0\u1edfng c\u1ee7a nh\u00e0 m\u00e1y c\u00f4ng nghi\u1ec7p, s\u1ea3n xu\u1ea5t linh ki\u1ec7n \u0111i\u1ec7n t\u1eed, y t\u1ebf.<\/p>\n<p>Xu\u1ea5t x\u1ee9: China<\/p>\n<p>&nbsp;<\/p>\n<p>&nbsp;<\/p>","protected":false},"featured_media":1954,"template":"","meta":[],"_links":{"self":[{"href":"http:\/\/handan.com.vn\/en\/wp-json\/wp\/v2\/product\/174"}],"collection":[{"href":"http:\/\/handan.com.vn\/en\/wp-json\/wp\/v2\/product"}],"about":[{"href":"http:\/\/handan.com.vn\/en\/wp-json\/wp\/v2\/types\/product"}],"wp:featuredmedia":[{"embeddable":true,"href":"http:\/\/handan.com.vn\/en\/wp-json\/wp\/v2\/media\/1954"}],"wp:attachment":[{"href":"http:\/\/handan.com.vn\/en\/wp-json\/wp\/v2\/media?parent=174"}],"curies":[{"name":"wp","href":"https:\/\/api.w.org\/{rel}","templated":true}]}}