{"id":160,"date":"2021-04-29T10:24:42","date_gmt":"2021-04-29T03:24:42","guid":{"rendered":"http:\/\/handan.com.vn\/?post_type=product&#038;p=160"},"modified":"2026-01-05T15:41:22","modified_gmt":"2026-01-05T08:41:22","slug":"khau-trang-y-te-3-lop","status":"publish","type":"product","link":"http:\/\/handan.com.vn\/en\/product\/khau-trang-y-te-3-lop\/","title":{"rendered":"Kem h\u00e0n cho SMT nhi\u1ec7t \u0111\u1ed9 th\u1ea5p\/B\u1ed9 t\u1ea3n nhi\u1ec7t"},"content":{"rendered":"<p><span style=\"color: #ed1c24;\">\u00a0 &#8211; Th\u00e0nh ph\u1ea7n h\u1ee3p kim:<\/span><\/p>\n<ul>\n<li><span style=\"color: #ed1c24;\">\u00a0 \u00a0\u0110\u1ed1i v\u1edbi thanh \u0111\u00e8n LED, \u0111i\u1ec1u khi\u1ec3n t\u1eeb xa: Sn64Bi35Ag1.0<\/span><\/li>\n<li><span style=\"color: #ed1c24;\">\u00a0 \u00a0\u0110\u1ed1i v\u1edbi M\u00f4 \u0111un t\u1ea3n nhi\u1ec7t: Sn42Bi58<\/span><\/li>\n<\/ul>","protected":false},"excerpt":{"rendered":"<p>&nbsp;<\/p>\n<ul>\n<li><span style=\"color: #ed1c24;\">D\u1ef1a tr\u00ean c\u00f4ng ngh\u1ec7 Ch\u00e2u \u00c2u, Ch\u00e2u M\u1ef9 v\u00e0 Nh\u1eadt B\u1ea3n nghi\u00ean c\u1ee9u v\u00e0 ph\u00e1t tri\u1ec3n<\/span><\/li>\n<li><span style=\"color: #ed1c24;\">C\u00f4ng ngh\u1ec7 oxy ho\u00e1 h\u1ed7n h\u1ee3p nh\u1ef1a th\u00f4ng m\u1edbi<\/span><\/li>\n<li><span style=\"color: #ed1c24;\">Hi\u1ec7u su\u1ea5t \u1ed5n \u0111\u1ecbnh, \u0111\u1ed9 b\u00e1m d\u00ednh v\u1eeba ph\u1ea3i<\/span><\/li>\n<\/ul>","protected":false},"featured_media":3277,"template":"","meta":[],"_links":{"self":[{"href":"http:\/\/handan.com.vn\/en\/wp-json\/wp\/v2\/product\/160"}],"collection":[{"href":"http:\/\/handan.com.vn\/en\/wp-json\/wp\/v2\/product"}],"about":[{"href":"http:\/\/handan.com.vn\/en\/wp-json\/wp\/v2\/types\/product"}],"wp:featuredmedia":[{"embeddable":true,"href":"http:\/\/handan.com.vn\/en\/wp-json\/wp\/v2\/media\/3277"}],"wp:attachment":[{"href":"http:\/\/handan.com.vn\/en\/wp-json\/wp\/v2\/media?parent=160"}],"curies":[{"name":"wp","href":"https:\/\/api.w.org\/{rel}","templated":true}]}}