{"id":156,"date":"2021-04-29T10:22:58","date_gmt":"2021-04-29T03:22:58","guid":{"rendered":"http:\/\/handan.com.vn\/?post_type=product&#038;p=156"},"modified":"2026-01-05T15:41:43","modified_gmt":"2026-01-05T08:41:43","slug":"khau-trang-y-te-n95","status":"publish","type":"product","link":"http:\/\/handan.com.vn\/en\/product\/khau-trang-y-te-n95\/","title":{"rendered":"Kem h\u00e0n kh\u00f4ng c\u1ea7n l\u00e0m s\u1ea1ch"},"content":{"rendered":"<p>&#8211; Th\u00e0nh ph\u1ea7n h\u1ee3p kim:<\/p>\n<ul>\n<li>\u1ee8ng d\u1ee5ng cho s\u1ea3n ph\u1ea9m v\u1edbi m\u1ee5c \u0111\u00edch c\u1ea5p th\u1ea5p: Sn63Pb27<\/li>\n<li>\u1ee8ng d\u1ee5ng cho s\u1ea3n ph\u1ea9m cao c\u1ea5p, \u0111i\u1ec7n tho\u1ea1i di \u0111\u1ed9ng: SnPb36.8Ag0.4<\/li>\n<\/ul>","protected":false},"excerpt":{"rendered":"<ul>\n<li>\u0110\u1ea3m b\u1ea3o \u0111\u1ed9 tin c\u1eady cao, kh\u1ea3 n\u0103ng l\u00e0m \u01b0\u1edbt t\u1ed1t<\/li>\n<li>Hi\u1ec7u su\u1ea5t \u0111\u1eb7c \u0111i\u1ec3m kh\u00f4ng l\u00e0m s\u1ea1ch tuy\u1ec7t v\u1eddi<\/li>\n<li>Ch\u1ea5t tr\u1ee3 h\u00e0n c\u00f3 th\u1ec3 ng\u0103n ch\u1eb7n s\u1ef1 ph\u00e1 hu\u1ef7 c\u1ee7a vi\u1ec7c in v\u00e0 l\u00e0m n\u00f3ng<\/li>\n<li>\u0110\u1ed9 nh\u1edbt t\u1ed1t, tu\u1ed5i th\u1ecd l\u00e0m vi\u1ec7c h\u01a1n 8 gi\u1edd<\/li>\n<li>D\u01b0 l\u01b0\u1ee3ng kh\u00f4ng m\u00e0u v\u00e0 trong su\u1ed1t m\u00e0 kh\u00f4ng \u1ea3nh h\u01b0\u1edfng \u0111\u1ebfn vi\u1ec7c ph\u00e1t hi\u1ec7n<\/li>\n<\/ul>","protected":false},"featured_media":3279,"template":"","meta":[],"_links":{"self":[{"href":"http:\/\/handan.com.vn\/en\/wp-json\/wp\/v2\/product\/156"}],"collection":[{"href":"http:\/\/handan.com.vn\/en\/wp-json\/wp\/v2\/product"}],"about":[{"href":"http:\/\/handan.com.vn\/en\/wp-json\/wp\/v2\/types\/product"}],"wp:featuredmedia":[{"embeddable":true,"href":"http:\/\/handan.com.vn\/en\/wp-json\/wp\/v2\/media\/3279"}],"wp:attachment":[{"href":"http:\/\/handan.com.vn\/en\/wp-json\/wp\/v2\/media?parent=156"}],"curies":[{"name":"wp","href":"https:\/\/api.w.org\/{rel}","templated":true}]}}