{"id":153,"date":"2021-04-29T10:21:13","date_gmt":"2021-04-29T03:21:13","guid":{"rendered":"http:\/\/handan.com.vn\/?post_type=product&#038;p=153"},"modified":"2025-12-24T14:58:19","modified_gmt":"2025-12-24T07:58:19","slug":"bao-ngon-y-te","status":"publish","type":"product","link":"http:\/\/handan.com.vn\/en\/product\/bao-ngon-y-te\/","title":{"rendered":"Bao ng\u00f3n tay"},"content":{"rendered":"<p data-start=\"128\" data-end=\"539\">Hi\u1ec7n nay, <strong data-start=\"138\" data-end=\"180\">g\u0103ng tay cao su ng\u00f3n TruFit (Th\u00e1i Lan)<\/strong> l\u00e0 m\u1ed9t trong nh\u1eefng s\u1ea3n ph\u1ea9m <strong data-start=\"209\" data-end=\"228\">g\u0103ng ph\u00f2ng s\u1ea1ch<\/strong> \u0111\u01b0\u1ee3c s\u1eed d\u1ee5ng ph\u1ed5 bi\u1ebfn, c\u00f3 kh\u1ea3 n\u0103ng <strong data-start=\"264\" data-end=\"292\">ch\u1ed1ng t\u0129nh \u0111i\u1ec7n hi\u1ec7u qu\u1ea3<\/strong>. S\u1ea3n ph\u1ea9m \u0111\u01b0\u1ee3c thi\u1ebft k\u1ebf \u0111\u1ec3 bao b\u1ecdc ph\u1ea7n \u0111\u1ea7u ng\u00f3n tay, gi\u00fap <strong data-start=\"352\" data-end=\"390\">h\u1ea1n ch\u1ebf hi\u1ec7n t\u01b0\u1ee3ng ph\u00f3ng t\u0129nh \u0111i\u1ec7n<\/strong> g\u00e2y \u1ea3nh h\u01b0\u1edfng \u0111\u1ebfn ng\u01b0\u1eddi s\u1eed d\u1ee5ng, \u0111\u1ed3ng th\u1eddi <strong data-start=\"434\" data-end=\"469\">ng\u0103n b\u1ee5i b\u1ea9n, d\u1ea7u v\u00e0 m\u1ed3 h\u00f4i tay<\/strong> ti\u1ebfp x\u00fac tr\u1ef1c ti\u1ebfp v\u1edbi c\u00e1c <strong data-start=\"497\" data-end=\"538\">vi m\u1ea1ch v\u00e0 linh ki\u1ec7n \u0111i\u1ec7n t\u1eed nh\u1ea1y c\u1ea3m<\/strong>.<\/p>\n<h3 data-start=\"541\" data-end=\"561\">\u01afu \u0111i\u1ec3m n\u1ed5i b\u1eadt:<\/h3>\n<ul data-start=\"562\" data-end=\"954\">\n<li data-start=\"562\" data-end=\"687\">\n<p data-start=\"564\" data-end=\"687\">Kh\u00f4ng g\u00e2y c\u1ea3n tr\u1edf tu\u1ea7n ho\u00e0n m\u00e1u \u1edf ng\u00f3n tay; ch\u1ea5t li\u1ec7u <strong data-start=\"618\" data-end=\"633\">\u0111\u00e0n h\u1ed3i t\u1ed1t<\/strong>, co gi\u00e3n linh ho\u1ea1t, c\u00f3 th\u1ec3 <strong data-start=\"661\" data-end=\"686\">k\u00e9o gi\u00e3n l\u00ean \u0111\u1ebfn 600%<\/strong>.<\/p>\n<\/li>\n<li data-start=\"688\" data-end=\"827\">\n<p data-start=\"690\" data-end=\"827\">G\u0103ng tay <strong data-start=\"699\" data-end=\"718\">ch\u1ed1ng t\u0129nh \u0111i\u1ec7n<\/strong>, \u0111\u01b0\u1ee3c ph\u1ee7 b\u1ed9t l\u01b0u hu\u1ef3nh, <strong data-start=\"744\" data-end=\"762\">kh\u00f4ng ch\u1ee9a clo<\/strong>, \u0111\u00e1p \u1ee9ng \u0111\u1ea7y \u0111\u1ee7 y\u00eau c\u1ea7u s\u1eed d\u1ee5ng trong <strong data-start=\"801\" data-end=\"826\">m\u00f4i tr\u01b0\u1eddng ph\u00f2ng s\u1ea1ch<\/strong>.<\/p>\n<\/li>\n<li data-start=\"828\" data-end=\"954\">\n<p data-start=\"830\" data-end=\"954\">Ch\u1ea5t cao su <strong data-start=\"842\" data-end=\"853\">m\u1ec1m m\u1ea1i<\/strong>, t\u1ea1o c\u1ea3m gi\u00e1c tho\u1ea3i m\u00e1i khi \u0111eo nh\u01b0ng v\u1eabn \u0111\u1ea3m b\u1ea3o <strong data-start=\"904\" data-end=\"918\">\u0111\u1ed9 b\u00e1m cao<\/strong>, thu\u1eadn ti\u1ec7n cho thao t\u00e1c ch\u00ednh x\u00e1c.<\/p>\n<\/li>\n<\/ul>","protected":false},"excerpt":{"rendered":"<p>Gi\u1edbi thi\u1ec7u ng\u1eafn v\u1ec1 s\u1ea3n ph\u1ea9m<\/p>\n<p>Bao ng\u00f3n tay c\u00f3 vi\u1ec1n<\/p>\n<p>Bao ng\u00f3n tay kh\u00f4ng vi\u1ec1n<\/p>\n<p>Size S,M,L<\/p>\n<p>H\u00e3ng Trufit &#8211; Th\u00e1i<\/p>","protected":false},"featured_media":154,"template":"","meta":[],"_links":{"self":[{"href":"http:\/\/handan.com.vn\/en\/wp-json\/wp\/v2\/product\/153"}],"collection":[{"href":"http:\/\/handan.com.vn\/en\/wp-json\/wp\/v2\/product"}],"about":[{"href":"http:\/\/handan.com.vn\/en\/wp-json\/wp\/v2\/types\/product"}],"wp:featuredmedia":[{"embeddable":true,"href":"http:\/\/handan.com.vn\/en\/wp-json\/wp\/v2\/media\/154"}],"wp:attachment":[{"href":"http:\/\/handan.com.vn\/en\/wp-json\/wp\/v2\/media?parent=153"}],"curies":[{"name":"wp","href":"https:\/\/api.w.org\/{rel}","templated":true}]}}