{"id":34,"date":"2021-04-14T08:04:50","date_gmt":"2021-04-14T01:04:50","guid":{"rendered":"http:\/\/handan.com.vn\/?page_id=34"},"modified":"2024-12-30T10:58:29","modified_gmt":"2024-12-30T03:58:29","slug":"gioi-thieu","status":"publish","type":"page","link":"http:\/\/handan.com.vn\/en\/gioi-thieu\/","title":{"rendered":"About"},"content":{"rendered":"<h1><strong>Gi\u1edbi thi\u1ec7u v\u1ec1 C\u00f4ng ty TNHH Handan<\/strong><\/h1>\n<p>V\u1edbi h\u01a1n 9 n\u0103m kinh nghi\u1ec7m trong ng\u00e0nh, ch\u00fang t\u00f4i chuy\u00ean cung c\u1ea5p c\u00e1c gi\u1ea3i ph\u00e1p t\u1ed1i \u01b0u trong l\u0129nh v\u1ef1c <strong>\u0111\u00f3ng g\u00f3i<\/strong>, <strong>v\u1eadt t\u01b0 ti\u00eau hao cho nh\u00e0 m\u00e1y<\/strong>, <strong>v\u1eadt t\u01b0 ph\u00f2ng s\u1ea1ch<\/strong> v\u00e0 <strong>b\u1ea3o h\u1ed9 lao \u0111\u1ed9ng<\/strong>. V\u1edbi s\u1ef1 hi\u1ec3u bi\u1ebft s\u00e2u s\u1eafc v\u1ec1 \u1ee9ng d\u1ee5ng c\u1ee7a c\u00e1c s\u1ea3n ph\u1ea9m \u0111\u00f3ng g\u00f3i v\u00e0 ph\u1ee5 tr\u1ee3 \u0111\u00f3ng g\u00f3i, Handan cam k\u1ebft mang \u0111\u1ebfn cho b\u1ea1n nh\u1eefng s\u1ea3n ph\u1ea9m ch\u1ea5t l\u01b0\u1ee3ng cao c\u00f9ng d\u1ecbch v\u1ee5 t\u01b0 v\u1ea5n chuy\u00ean nghi\u1ec7p trong th\u1eddi gian nhanh nh\u1ea5t.<\/p>\n<h3><strong>S\u1ef1 tin t\u01b0\u1edfng t\u1eeb c\u00e1c \u0111\u1ed1i t\u00e1c l\u1edbn<\/strong><\/h3>\n<p>Trong su\u1ed1t h\u00e0nh tr\u00ecnh ph\u00e1t tri\u1ec3n, Handan \u0111\u00e3 \u0111\u01b0\u1ee3c tin t\u01b0\u1edfng v\u00e0 l\u1ef1a ch\u1ecdn b\u1edfi nhi\u1ec1u \u0111\u1ed1i t\u00e1c l\u1edbn trong v\u00e0 ngo\u00e0i n\u01b0\u1edbc, trong \u0111\u00f3 c\u00f3 c\u00e1c t\u1eadp \u0111o\u00e0n h\u00e0ng \u0111\u1ea7u nh\u01b0 <strong>LG Display<\/strong>, <strong>Samsung SDI<\/strong>, <strong>LG Innotek<\/strong>, <strong>LG Electronics<\/strong>, <strong>Samsung Electro-Mechanics<\/strong>, v\u00e0 c\u00e1c nh\u00e0 cung c\u1ea5p l\u1edbn nh\u1ecf c\u1ee7a h\u1ecd. Ch\u00fang t\u00f4i t\u1ef1 h\u00e0o l\u00e0 \u0111\u1ed1i t\u00e1c chi\u1ebfn l\u01b0\u1ee3c, \u0111\u00e1p \u1ee9ng \u0111\u01b0\u1ee3c c\u00e1c y\u00eau c\u1ea7u kh\u1eaft khe v\u1ec1 ch\u1ea5t l\u01b0\u1ee3ng s\u1ea3n ph\u1ea9m v\u00e0 th\u1eddi gian giao h\u00e0ng, \u0111\u1eb7c bi\u1ec7t trong c\u00e1c l\u0129nh v\u1ef1c c\u00f3 t\u00ednh ch\u1ea5t s\u1ea3n xu\u1ea5t li\u00ean t\u1ee5c.<\/p>\n<h3><strong>Cam k\u1ebft ch\u1ea5t l\u01b0\u1ee3ng v\u00e0 ti\u1ebfn \u0111\u1ed9<\/strong><\/h3>\n<p>V\u1edbi \u0111\u1eb7c th\u00f9 trong s\u1ea3n xu\u1ea5t li\u00ean t\u1ee5c, vi\u1ec7c ch\u1eadm tr\u1ec5 h\u00e0ng h\u00f3a c\u00f3 th\u1ec3 \u1ea3nh h\u01b0\u1edfng nghi\u00eam tr\u1ecdng \u0111\u1ebfn n\u0103ng su\u1ea5t v\u00e0 ti\u1ebfn \u0111\u1ed9 s\u1ea3n xu\u1ea5t c\u1ee7a kh\u00e1ch h\u00e0ng. Ch\u00ednh v\u00ec v\u1eady, <strong>Handan lu\u00f4n duy tr\u00ec m\u1ed9t ch\u1ebf \u0111\u1ed9 ph\u1ee5c v\u1ee5 \u0111\u1eb7c bi\u1ec7t<\/strong>, \u0111\u1ea3m b\u1ea3o giao h\u00e0ng nhanh ch\u00f3ng v\u00e0 ch\u00ednh x\u00e1c, kh\u00f4ng l\u00e0m gi\u00e1n \u0111o\u1ea1n quy tr\u00ecnh s\u1ea3n xu\u1ea5t c\u1ee7a c\u00e1c \u0111\u1ed1i t\u00e1c.<\/p>\n<h3><strong>C\u00e1c s\u1ea3n ph\u1ea9m v\u00e0 d\u1ecbch v\u1ee5 c\u1ee7a ch\u00fang t\u00f4i<\/strong><\/h3>\n<ul>\n<li><strong>S\u1ea3n ph\u1ea9m \u0111\u00f3ng g\u00f3i<\/strong>: \u0110\u00f3ng g\u00f3i s\u1ea3n ph\u1ea9m chuy\u00ean d\u1ee5ng cho c\u00e1c ng\u00e0nh c\u00f4ng nghi\u1ec7p, \u0111\u1ea3m b\u1ea3o t\u00ednh an to\u00e0n v\u00e0 hi\u1ec7u qu\u1ea3 trong qu\u00e1 tr\u00ecnh v\u1eadn chuy\u1ec3n v\u00e0 l\u01b0u tr\u1eef.<\/li>\n<li><strong>V\u1eadt t\u01b0 ti\u00eau hao cho nh\u00e0 m\u00e1y<\/strong>: Cung c\u1ea5p \u0111\u1ea7y \u0111\u1ee7 c\u00e1c v\u1eadt t\u01b0 ti\u00eau hao cho c\u00e1c quy tr\u00ecnh s\u1ea3n xu\u1ea5t, gi\u00fap t\u0103ng c\u01b0\u1eddng hi\u1ec7u su\u1ea5t v\u00e0 ch\u1ea5t l\u01b0\u1ee3ng c\u00f4ng vi\u1ec7c.<\/li>\n<li><strong>V\u1eadt t\u01b0 ph\u00f2ng s\u1ea1ch<\/strong>: C\u00e1c s\u1ea3n ph\u1ea9m ph\u00f2ng s\u1ea1ch \u0111\u1ea1t ti\u00eau chu\u1ea9n qu\u1ed1c t\u1ebf, ph\u00f9 h\u1ee3p v\u1edbi c\u00e1c ng\u00e0nh c\u00f4ng nghi\u1ec7p y\u00eau c\u1ea7u m\u00f4i tr\u01b0\u1eddng s\u1ea3n xu\u1ea5t kh\u1eaft khe nh\u01b0 \u0111i\u1ec7n t\u1eed, y t\u1ebf, d\u01b0\u1ee3c ph\u1ea9m.<\/li>\n<li><strong>B\u1ea3o h\u1ed9 lao \u0111\u1ed9ng<\/strong>: Cung c\u1ea5p thi\u1ebft b\u1ecb b\u1ea3o h\u1ed9 an to\u00e0n cho ng\u01b0\u1eddi lao \u0111\u1ed9ng, \u0111\u1ea3m b\u1ea3o s\u1ee9c kh\u1ecfe v\u00e0 s\u1ef1 an to\u00e0n trong m\u1ecdi \u0111i\u1ec1u ki\u1ec7n l\u00e0m vi\u1ec7c.<\/li>\n<\/ul>\n<p>V\u1edbi ph\u01b0\u01a1ng ch\u00e2m <strong>&#8220;Ch\u1ea5t l\u01b0\u1ee3ng l\u00e0 uy t\u00edn, ti\u1ebfn \u0111\u1ed9 l\u00e0 th\u00e0nh c\u00f4ng&#8221;<\/strong>, Handan lu\u00f4n n\u1ed7 l\u1ef1c mang l\u1ea1i nh\u1eefng s\u1ea3n ph\u1ea9m v\u00e0 d\u1ecbch v\u1ee5 t\u1ed1t nh\u1ea5t, gi\u00fap b\u1ea1n gi\u1ea3i quy\u1ebft m\u1ecdi v\u1ea5n \u0111\u1ec1 trong s\u1ea3n xu\u1ea5t m\u1ed9t c\u00e1ch hi\u1ec7u qu\u1ea3 v\u00e0 b\u1ec1n v\u1eefng.<\/p>\n<p>&nbsp;<\/p>\n<p>&nbsp;<\/p>","protected":false},"excerpt":{"rendered":"<p>Gi\u1edbi thi\u1ec7u v\u1ec1 C\u00f4ng ty TNHH Handan V\u1edbi h\u01a1n 9 n\u0103m kinh nghi\u1ec7m trong ng\u00e0nh, ch\u00fang t\u00f4i chuy\u00ean cung c\u1ea5p c\u00e1c gi\u1ea3i ph\u00e1p t\u1ed1i \u01b0u trong l\u0129nh v\u1ef1c \u0111\u00f3ng g\u00f3i, v\u1eadt t\u01b0 ti\u00eau hao cho nh\u00e0 m\u00e1y, v\u1eadt t\u01b0 ph\u00f2ng s\u1ea1ch v\u00e0 b\u1ea3o h\u1ed9 lao \u0111\u1ed9ng. V\u1edbi s\u1ef1 hi\u1ec3u bi\u1ebft s\u00e2u s\u1eafc v\u1ec1 \u1ee9ng d\u1ee5ng [&#8230;]","protected":false},"author":1,"featured_media":270,"parent":0,"menu_order":0,"comment_status":"closed","ping_status":"closed","template":"page-blank-title-center.php","meta":[],"_links":{"self":[{"href":"http:\/\/handan.com.vn\/en\/wp-json\/wp\/v2\/pages\/34"}],"collection":[{"href":"http:\/\/handan.com.vn\/en\/wp-json\/wp\/v2\/pages"}],"about":[{"href":"http:\/\/handan.com.vn\/en\/wp-json\/wp\/v2\/types\/page"}],"author":[{"embeddable":true,"href":"http:\/\/handan.com.vn\/en\/wp-json\/wp\/v2\/users\/1"}],"replies":[{"embeddable":true,"href":"http:\/\/handan.com.vn\/en\/wp-json\/wp\/v2\/comments?post=34"}],"version-history":[{"count":5,"href":"http:\/\/handan.com.vn\/en\/wp-json\/wp\/v2\/pages\/34\/revisions"}],"predecessor-version":[{"id":30649,"href":"http:\/\/handan.com.vn\/en\/wp-json\/wp\/v2\/pages\/34\/revisions\/30649"}],"wp:featuredmedia":[{"embeddable":true,"href":"http:\/\/handan.com.vn\/en\/wp-json\/wp\/v2\/media\/270"}],"wp:attachment":[{"href":"http:\/\/handan.com.vn\/en\/wp-json\/wp\/v2\/media?parent=34"}],"curies":[{"name":"wp","href":"https:\/\/api.w.org\/{rel}","templated":true}]}}