{"id":31059,"date":"2025-12-24T15:35:06","date_gmt":"2025-12-24T08:35:06","guid":{"rendered":"http:\/\/handan.com.vn\/?page_id=31059"},"modified":"2025-12-24T15:35:06","modified_gmt":"2025-12-24T08:35:06","slug":"chinh-sach-bao-mat-thong-tin","status":"publish","type":"page","link":"http:\/\/handan.com.vn\/en\/chinh-sach-bao-mat-thong-tin\/","title":{"rendered":"Ch\u00ednh s\u00e1ch b\u1ea3o m\u1eadt th\u00f4ng tin"},"content":{"rendered":"<p><strong>1. M\u1ee5c \u0111\u00edch v\u00e0 ph\u1ea1m vi thu th\u1eadp th\u00f4ng tin<\/strong><br \/>\nHandan.com.vn kh\u00f4ng b\u00e1n, chia s\u1ebb hay trao \u0111\u1ed5i th\u00f4ng tin c\u00e1 nh\u00e2n c\u1ee7a kh\u00e1ch h\u00e0ng thu th\u1eadp tr\u00ean trang web cho m\u1ed9t b\u00ean th\u1ee9 ba n\u00e0o kh\u00e1c.<br \/>\nTh\u00f4ng tin c\u00e1 nh\u00e2n thu th\u1eadp \u0111\u01b0\u1ee3c s\u1ebd ch\u1ec9 \u0111\u01b0\u1ee3c s\u1eed d\u1ee5ng trong n\u1ed9i b\u1ed9 c\u00f4ng ty.<br \/>\nKhi b\u1ea1n li\u00ean h\u1ec7 \u0111\u0103ng k\u00fd d\u1ecbch v\u1ee5, th\u00f4ng tin c\u00e1 nh\u00e2n m\u00e0 Handan.com.vn thu th\u1eadp bao g\u1ed3m:<br \/>\nH\u1ecd v\u00e0 t\u00ean<br \/>\nAddress<br \/>\n\u0110i\u1ec7n tho\u1ea1i<br \/>\nEmail<br \/>\nNgo\u00e0i th\u00f4ng tin c\u00e1 nh\u00e2n l\u00e0 c\u00e1c th\u00f4ng tin v\u1ec1 d\u1ecbch v\u1ee5<br \/>\nT\u00ean s\u1ea3n ph\u1ea9m<br \/>\nS\u1ed1 l\u01b0\u1ee3ng<br \/>\nTh\u1eddi gian giao nh\u1eadn s\u1ea3n ph\u1ea9m<\/p>\n<p><strong>2. Ph\u1ea1m vi s\u1eed d\u1ee5ng th\u00f4ng tin<\/strong><br \/>\nTh\u00f4ng tin c\u00e1 nh\u00e2n thu th\u1eadp \u0111\u01b0\u1ee3c s\u1ebd ch\u1ec9 \u0111\u01b0\u1ee3c Handan.com.vn s\u1eed d\u1ee5ng trong n\u1ed9i b\u1ed9 c\u00f4ng ty v\u00e0 cho m\u1ed9t ho\u1eb7c t\u1ea5t c\u1ea3 c\u00e1c m\u1ee5c \u0111\u00edch sau \u0111\u00e2y:<br \/>\n&#8211; H\u1ed7 tr\u1ee3 kh\u00e1ch h\u00e0ng<br \/>\n&#8211; Cung c\u1ea5p th\u00f4ng tin li\u00ean quan \u0111\u1ebfn d\u1ecbch v\u1ee5<br \/>\n&#8211; X\u1eed l\u00fd \u0111\u01a1n \u0111\u1eb7t h\u00e0ng v\u00e0 cung c\u1ea5p d\u1ecbch v\u1ee5 v\u00e0 th\u00f4ng tin qua trang web c\u1ee7a ch\u00fang t\u00f4i theo y\u00eau c\u1ea7u c\u1ee7a b\u1ea1n<br \/>\n&#8211; Ch\u00fang t\u00f4i c\u00f3 th\u1ec3 s\u1ebd g\u1eedi th\u00f4ng tin s\u1ea3n ph\u1ea9m, d\u1ecbch v\u1ee5 m\u1edbi, th\u00f4ng tin v\u1ec1 c\u00e1c s\u1ef1 ki\u1ec7n s\u1eafp t\u1edbi ho\u1eb7c th\u00f4ng tin tuy\u1ec3n d\u1ee5ng n\u1ebfu qu\u00fd kh\u00e1ch \u0111\u0103ng k\u00ed nh\u1eadn email th\u00f4ng b\u00e1o.<br \/>\n&#8211; Ngo\u00e0i ra, ch\u00fang t\u00f4i s\u1ebd s\u1eed d\u1ee5ng th\u00f4ng tin b\u1ea1n cung c\u1ea5p \u0111\u1ec3 h\u1ed7 tr\u1ee3 qu\u1ea3n l\u00fd t\u00e0i kho\u1ea3n kh\u00e1ch h\u00e0ng; x\u00e1c nh\u1eadn v\u00e0 th\u1ef1c hi\u1ec7n c\u00e1c giao d\u1ecbch t\u00e0i ch\u00ednh li\u00ean quan \u0111\u1ebfn c\u00e1c kho\u1ea3n thanh to\u00e1n tr\u1ef1c tuy\u1ebfn c\u1ee7a b\u1ea1n;<\/p>\n<p><strong>3. Th\u1eddi gian l\u01b0u tr\u1eef th\u00f4ng tin<\/strong><br \/>\n\u0110\u1ed1i v\u1edbi th\u00f4ng tin c\u00e1 nh\u00e2n, Handan.com.vn ch\u1ec9 x\u00f3a \u0111i d\u1eef li\u1ec7u n\u00e0y n\u1ebfu kh\u00e1ch h\u00e0ng c\u00f3 y\u00eau c\u1ea7u, kh\u00e1ch h\u00e0ng y\u00eau c\u1ea7u g\u1eedi mail v\u1ec1\u00a0 Info@Handan.com.vn<\/p>\n<p><strong>4. Nh\u1eefng ng\u01b0\u1eddi ho\u1eb7c t\u1ed5 ch\u1ee9c c\u00f3 th\u1ec3 \u0111\u01b0\u1ee3c ti\u1ebfp c\u1eadn v\u1edbi th\u00f4ng tin c\u00e1 nh\u00e2n<\/strong><br \/>\n\u0110\u1ed1i t\u01b0\u1ee3ng \u0111\u01b0\u1ee3c ti\u1ebfp c\u1eadn v\u1edbi th\u00f4ng tin c\u00e1 nh\u00e2n c\u1ee7a kh\u00e1ch h\u00e0ng thu\u1ed9c m\u1ed9t trong nh\u1eefng tr\u01b0\u1eddng<br \/>\nh\u1ee3p sau:<br \/>\n&#8211; C\u00d4NG TY TNHH HANDAN<br \/>\n&#8211; C\u00e1c \u0111\u1ed1i t\u00e1c c\u00f3 k\u00fd h\u1ee3p \u0111\u1ed9ng th\u1ef1c hi\u1ec7n 1 ph\u1ea7n d\u1ecbch v\u1ee5 do C\u00d4NG TY TNHH HANDAN . C\u00e1c \u0111\u1ed1i t\u00e1c n\u00e0y s\u1ebd nh\u1eadn \u0111\u01b0\u1ee3c nh\u1eefng th\u00f4ng tin theo th\u1ecfa thu\u1eadn h\u1ee3p \u0111\u1ed3ng (c\u00f3 th\u1ec3 1ph\u1ea7n ho\u1eb7c to\u00e0n b\u1ed9 th\u00f4ng tin tuy theo \u0111i\u1ec1u kho\u1ea3n h\u1ee3p \u0111\u1ed3ng) \u0111\u1ec3 ti\u1ebfn h\u00e0nh h\u1ed7 tr\u1ee3 ng\u01b0\u1eddi d\u00f9ng s\u1eed d\u1ee5ng d\u1ecbch v\u1ee5 do C\u00f4ng ty cung c\u1ea5p.<br \/>\n5. \u0110\u1ecba ch\u1ec9 c\u1ee7a \u0111\u01a1n v\u1ecb thu th\u1eadp v\u00e0 qu\u1ea3n l\u00fd th\u00f4ng tin c\u00e1 nh\u00e2n<br \/>\nC\u00d4NG TY TNHH HANDAN<br \/>\n\u0110\u1ecba ch\u1ec9: L\u00f4 8, D\u1ecbch v\u1ee5 16, K\u0110T T\u00e2y Nam Linh \u0110\u00e0m, \u0110\u01b0\u1eddng B\u1eb1ng A, Ph\u01b0\u1eddng Ho\u00e0ng Li\u1ec7t, TP H\u00e0 N\u1ed9i, Vi\u1ec7t Nam<br \/>\n\u0110i\u1ec7n tho\u1ea1i: 0984672555<br \/>\nWebsite: Handan.com.vn<br \/>\nEmail:\u00a0 Info@Handan.com.vn<\/p>\n<p><strong>6. Ph\u01b0\u01a1ng ti\u1ec7n v\u00e0 c\u00f4ng c\u1ee5 \u0111\u1ec3 ng\u01b0\u1eddi d\u00f9ng ti\u1ebfp c\u1eadn v\u00e0 ch\u1ec9nh s\u1eeda d\u1eef li\u1ec7u c\u00e1 nh\u00e2n c\u1ee7a m\u00ecnh<\/strong><br \/>\nHandan.com.vn thu th\u1eadp th\u00f4ng tin kh\u00e1ch h\u00e0ng qua trang web, th\u00f4ng tin c\u00e1 nh\u00e2n kh\u00e1ch h\u00e0ng \u0111\u01b0\u1ee3c th\u1ef1c hi\u1ec7n thu th\u1eadp qua email li\u00ean h\u1ec7 \u0111\u1eb7t mua s\u1ea3n ph\u1ea9m, d\u1ecbch v\u1ee5 g\u1eedi v\u1ec1 h\u1ed9p mail c\u1ee7a ch\u00fang t\u00f4i: Info@Handan.com.vn ho\u1eb7c s\u1ed1 \u0111i\u1ec7n tho\u1ea1i li\u00ean h\u1ec7 \u0111\u1eb7t mua s\u1ea3n ph\u1ea9m g\u1ecdi v\u1ec1 0984672555<br \/>\nB\u1ea1n c\u00f3 th\u1ec3 li\u00ean h\u1ec7 \u0111\u1ecba ch\u1ec9 email c\u00f9ng s\u1ed1 \u0111i\u1ec7n tho\u1ea1i tr\u00ean \u0111\u1ec3 y\u00eau c\u1ea7u Handan.com.vn ch\u1ec9nh s\u1eeda d\u1eef li\u1ec7u c\u00e1 nh\u00e2n c\u1ee7a m\u00ecnh.<\/p>\n<p><strong>7. C\u01a1 ch\u1ebf ti\u1ebfp nh\u1eadn v\u00e0 gi\u1ea3i quy\u1ebft khi\u1ebfu n\u1ea1i c\u1ee7a ng\u01b0\u1eddi ti\u00eau d\u00f9ng li\u00ean quan \u0111\u1ebfn vi\u1ec7c th\u00f4ng tin c\u00e1 nh\u00e2n b\u1ecb s\u1eed d\u1ee5ng sai m\u1ee5c \u0111\u00edch ho\u1eb7c ph\u1ea1m vi \u0111\u00e3 th\u00f4ng b\u00e1o.<\/strong><br \/>\nT\u1ea1i Handan.com.vn , vi\u1ec7c b\u1ea3o v\u1ec7 th\u00f4ng tin c\u00e1 nh\u00e2n c\u1ee7a b\u1ea1n l\u00e0 r\u1ea5t quan tr\u1ecdng, b\u1ea1n \u0111\u01b0\u1ee3c \u0111\u1ea3m b\u1ea3o r\u1eb1ng th\u00f4ng tin cung c\u1ea5p cho ch\u00fang t\u00f4i s\u1ebd \u0111\u01b0\u1ee3c m\u1eadt Handan.com.vn cam k\u1ebft kh\u00f4ng chia s\u1ebb, b\u00e1n ho\u1eb7c cho thu\u00ea th\u00f4ng tin c\u00e1 nh\u00e2n c\u1ee7a b\u1ea1n cho b\u1ea5t k\u1ef3 ng\u01b0\u1eddi n\u00e0o kh\u00e1c. Handan.com.vn cam k\u1ebft ch\u1ec9 s\u1eed d\u1ee5ng c\u00e1c th\u00f4ng tin c\u1ee7a b\u1ea1n v\u00e0o c\u00e1c tr\u01b0\u1eddng h\u1ee3p sau:<br \/>\n&#8211; N\u00e2ng cao ch\u1ea5t l\u01b0\u1ee3ng d\u1ecbch v\u1ee5 d\u00e0nh cho kh\u00e1ch h\u00e0ng<br \/>\n&#8211; Gi\u1ea3i quy\u1ebft c\u00e1c tranh ch\u1ea5p, khi\u1ebfu n\u1ea1i<br \/>\n&#8211; Khi c\u01a1 quan ph\u00e1p lu\u1eadt c\u00f3 y\u00eau c\u1ea7u.<br \/>\nHandan.com.vn hi\u1ec3u r\u1eb1ng quy\u1ec1n l\u1ee3i c\u1ee7a b\u1ea1n trong vi\u1ec7c b\u1ea3o v\u1ec7 th\u00f4ng tin c\u00e1 nh\u00e2n c\u0169ng ch\u00ednh l\u00e0 tr\u00e1ch nhi\u1ec7m c\u1ee7a ch\u00fang t\u00f4i n\u00ean trong b\u1ea5t k\u1ef3 tr\u01b0\u1eddng h\u1ee3p c\u00f3 th\u1eafc m\u1eafc, g\u00f3p \u00fd n\u00e0o li\u00ean quan \u0111\u1ebfn ch\u00ednh s\u00e1ch b\u1ea3o m\u1eadt c\u1ee7a Handan.com.vn , v\u00e0 li\u00ean quan \u0111\u1ebfn vi\u1ec7c th\u00f4ng tin c\u00e1 nh\u00e2n b\u1ecb s\u1eed d\u1ee5ng sai m\u1ee5c \u0111\u00edch ho\u1eb7c ph\u1ea1m vi \u0111\u00e3 th\u00f4ng b\u00e1o vui l\u00f2ng li\u00ean h\u1ec7 qua s\u1ed1 hotline 0984672555 ho\u1eb7c email: Info@Handan.com.vn<\/p>","protected":false},"excerpt":{"rendered":"<p>1. M\u1ee5c \u0111\u00edch v\u00e0 ph\u1ea1m vi thu th\u1eadp th\u00f4ng tin Handan.com.vn kh\u00f4ng b\u00e1n, chia s\u1ebb hay trao \u0111\u1ed5i th\u00f4ng tin c\u00e1 nh\u00e2n c\u1ee7a kh\u00e1ch h\u00e0ng thu th\u1eadp tr\u00ean trang web cho m\u1ed9t b\u00ean th\u1ee9 ba n\u00e0o kh\u00e1c. Th\u00f4ng tin c\u00e1 nh\u00e2n thu th\u1eadp \u0111\u01b0\u1ee3c s\u1ebd ch\u1ec9 \u0111\u01b0\u1ee3c s\u1eed d\u1ee5ng trong n\u1ed9i b\u1ed9 c\u00f4ng ty. Khi [&#8230;]","protected":false},"author":1,"featured_media":0,"parent":0,"menu_order":0,"comment_status":"closed","ping_status":"closed","template":"","meta":[],"_links":{"self":[{"href":"http:\/\/handan.com.vn\/en\/wp-json\/wp\/v2\/pages\/31059"}],"collection":[{"href":"http:\/\/handan.com.vn\/en\/wp-json\/wp\/v2\/pages"}],"about":[{"href":"http:\/\/handan.com.vn\/en\/wp-json\/wp\/v2\/types\/page"}],"author":[{"embeddable":true,"href":"http:\/\/handan.com.vn\/en\/wp-json\/wp\/v2\/users\/1"}],"replies":[{"embeddable":true,"href":"http:\/\/handan.com.vn\/en\/wp-json\/wp\/v2\/comments?post=31059"}],"version-history":[{"count":1,"href":"http:\/\/handan.com.vn\/en\/wp-json\/wp\/v2\/pages\/31059\/revisions"}],"predecessor-version":[{"id":31060,"href":"http:\/\/handan.com.vn\/en\/wp-json\/wp\/v2\/pages\/31059\/revisions\/31060"}],"wp:attachment":[{"href":"http:\/\/handan.com.vn\/en\/wp-json\/wp\/v2\/media?parent=31059"}],"curies":[{"name":"wp","href":"https:\/\/api.w.org\/{rel}","templated":true}]}}