{"id":31050,"date":"2025-12-24T15:26:46","date_gmt":"2025-12-24T08:26:46","guid":{"rendered":"http:\/\/handan.com.vn\/?page_id=31050"},"modified":"2025-12-24T15:37:10","modified_gmt":"2025-12-24T08:37:10","slug":"chinh-sach-va-quy-dinh","status":"publish","type":"page","link":"http:\/\/handan.com.vn\/en\/chinh-sach-va-quy-dinh\/","title":{"rendered":"Ch\u00ednh s\u00e1ch v\u00e0 quy \u0111\u1ecbnh"},"content":{"rendered":"<h2>Th\u00f4ng tin v\u1ec1 gi\u00e1 s\u1ea3n ph\u1ea9m<\/h2>\n<p>T\u1ed5ng s\u1ed1 ti\u1ec1n thanh to\u00e1n tr\u00ean website \u0111\u00e3 bao g\u1ed3m c\u00e1c thu\u1ebf, ph\u00ed \u0111\u00f3ng g\u00f3i. V\u00e0 ch\u01b0a bao g\u1ed3m ph\u00ed v\u1eadn chuy\u1ec3n v\u00e0 c\u00e1c chi ph\u00ed ph\u00e1t sinh kh\u00e1c<br \/>\n(C\u00e1c ph\u00ed ch\u01b0a bao g\u1ed3m s\u1ebd \u0111\u01b0\u1ee3c th\u00f4ng b\u00e1o \u0111\u1ebfn kh\u00e1ch h\u00e0ng trong qu\u00e1 tr\u00ecnh nh\u00e2n vi\u00ean Handan.com.vn ti\u1ebfn h\u00e0nh x\u00e1c nh\u1eadn \u0111\u01a1n h\u00e0ng v\u1edbi qu\u00fd kh\u00e1ch. )<br \/>\nNgo\u00e0i ra, Handan.com.vn kh\u00f4ng ch\u1ecbu tr\u00e1ch nhi\u1ec7m \u0111\u1ed1i v\u1edbi c\u00e1c kho\u1ea3n ph\u00ed c\u00f3 th\u1ec3 ph\u00e1t sinh theo ch\u00ednh s\u00e1ch c\u1ee7a ng\u00e2n h\u00e0nh ph\u00e1t h\u00e0nh th\u1ebb (N\u1ebfu kh\u00e1ch h\u00e0ng l\u1ef1a ch\u1ecdn ch\u1ee9c n\u0103ng thanh to\u00e1n b\u1eb1ng ph\u01b0\u01a1ng th\u1ee9c chuy\u1ec3n kho\u1ea3n qua Ng\u00e2n h\u00e0ng)<\/p>\n<p>Gi\u00e1 b\u00e1n ni\u00eam y\u1ebft t\u1ea1i website l\u00e0 gi\u00e1 b\u00e1n ch\u00ednh th\u1ee9c \u0111\u01b0\u1ee3c Handan.com.vn \u0111\u01b0a ra cho ng\u01b0\u1eddi ti\u00eau d\u00f9ng tham kh\u1ea3o v\u00e0 giao d\u1ecbch ngay tr\u00ean website ho\u1eb7c mua b\u00e1n t\u1ea1i c\u1eeda h\u00e0ng.<br \/>\nHandan.com.vn c\u00f3 th\u1ec3 thay \u0111\u1ed5i gi\u00e1 b\u00e1n s\u1ea3n ph\u1ea9m tr\u00ean website Handan.com.vn ho\u1eb7c ng\u01b0ng b\u00e1n m\u1ed9t hay nhi\u1ec1u s\u1ea3n ph\u1ea9m v\u00e0o b\u1ea5t k\u1ef3 th\u1eddi \u0111i\u1ec3m n\u00e0o m\u00e0 kh\u00f4ng c\u1ea7n b\u00e1o tr\u01b0\u1edbc (tr\u1eeb tr\u01b0\u1eddng h\u1ee3p \u0111\u00e3 thanh to\u00e1n ho\u1eb7c \u0111\u00e3 mua b\u00e1n t\u1ea1i c\u1eeda h\u00e0ng).<\/p>\n<p>&nbsp;<\/p>\n<h2>Ch\u00ednh s\u00e1ch thanh to\u00e1n<\/h2>\n<p>C\u00f3 2 h\u00ecnh th\u1ee9c thanh to\u00e1n, kh\u00e1ch h\u00e0ng c\u00f3 th\u1ec3 l\u1ef1a ch\u1ecdn h\u00ecnh th\u1ee9c thu\u1eadn ti\u1ec7n v\u00e0 ph\u00f9 h\u1ee3p v\u1edbi m\u00ecnh nh\u1ea5t:<\/p>\n<p>C\u00e1ch 1: Thanh to\u00e1n khi nh\u1eadn h\u00e0ng (COD): V\u1edbi h\u00ecnh th\u1ee9c n\u00e0y kh\u00e1ch h\u00e0ng xem h\u00e0ng t\u1ea1i nh\u00e0, thanh to\u00e1n ti\u1ec1n m\u1eb7t cho nh\u00e2n vi\u00ean giao nh\u1eadn h\u00e0ng<br \/>\nC\u00e1ch 2: Chuy\u1ec3n kho\u1ea3n tr\u01b0\u1edbc: Qu\u00fd kh\u00e1ch chuy\u1ec3n kho\u1ea3n tr\u01b0\u1edbc, sau \u0111\u00f3 ch\u00fang t\u00f4i ti\u1ebfn h\u00e0nh giao h\u00e0ng theo th\u1ecfa thu\u1eadn ho\u1eb7c h\u1ee3p \u0111\u1ed3ng v\u1edbi Qu\u00fd kh\u00e1ch:<\/p>\n<p><strong>Ch\u1ee7 t\u00e0i kho\u1ea3n: C\u00d4NG TY TNHH HANDAN<\/strong><br \/>\n<strong>S\u1ed1 t\u00e0i kho\u1ea3n: 19129743747015<\/strong><br \/>\n<strong>Ng\u00e2n h\u00e0ng TMCP K\u1ef9 th\u01b0\u01a1ng Vi\u1ec7t Nam (Techcombank) \u2013 CN C\u00e1t Linh<\/strong><\/p>\n<p>L\u01b0u \u00fd<br \/>\nN\u1ed9i dung chuy\u1ec3n kho\u1ea3n : ghi r\u00f5 S\u1ed1 \u0111i\u1ec7n tho\u1ea1i ho\u1eb7c S\u1ed1 \u0111\u01a1n h\u00e0ng<br \/>\nSau khi chuy\u1ec3n kho\u1ea3n, ch\u00fang t\u00f4i s\u1ebd li\u00ean h\u1ec7 x\u00e1c nh\u1eadn v\u00e0 ti\u1ebfn h\u00e0nh giao h\u00e0ng.<br \/>\nN\u1ebfu sau th\u1eddi gian th\u1ecfa thu\u1eadn m\u00e0 ch\u00fang t\u00f4i kh\u00f4ng giao h\u00e0ng ho\u1eb7c kh\u00f4ng ph\u1ea3n h\u1ed3i l\u1ea1i, qu\u00fd kh\u00e1ch c\u00f3 th\u1ec3 g\u1eedi khi\u1ebfu n\u1ea1i tr\u1ef1c ti\u1ebfp v\u1ec1 \u0111\u1ecba ch\u1ec9 tr\u1ee5 s\u1edf<br \/>\nCh\u00fang t\u00f4i cam k\u1ebft kinh doanh minh b\u1ea1ch, h\u1ee3p ph\u00e1p, b\u00e1n h\u00e0ng ch\u1ea5t l\u01b0\u1ee3ng, c\u00f3 ngu\u1ed3n g\u1ed1c<\/p>\n<p>&nbsp;<\/p>\n<h2>Ch\u00ednh s\u00e1ch v\u1eadn chuy\u1ec3n v\u00e0 giao nh\u1eadn<\/h2>\n<p><strong>1. Th\u1eddi h\u1ea1n v\u00e0 gi\u1edbi h\u1ea1n v\u1ecb tr\u00ed giao h\u00e0ng<\/strong><br \/>\nNh\u1eb1m \u0111em l\u1ea1i s\u1ef1 ti\u1ec7n l\u1ee3i cho kh\u00e1ch h\u00e0ng khi mua s\u1eafm, Handan.com.vn c\u00f3 h\u1ed7 tr\u1ee3 giao h\u1ea1n t\u1eadn n\u01a1i tr\u00e2n to\u00e0n qu\u1ed1c. \u0110\u1ed1i v\u1edbi khu v\u1ef1c n\u1ed9i th\u00e0nh, Handan.com.vn s\u1ebd giao h\u00e0ng cho kh\u00e1ch h\u00e0ng trong kho\u1ea3ng 02-03 ng\u00e0y l\u00e0m vi\u1ec7c k\u1ec3 t\u1eeb khi nh\u1eadn \u0111\u01b0\u1ee3c \u0111\u01a1n h\u00e0ng.<br \/>\n\u0110\u1ed1i v\u1edbi khu v\u1ef1c ngo\u1ea1i th\u00e0nh, qu\u00fd kh\u00e1ch h\u00e0ng s\u1ebd nh\u1eadn \u0111\u01b0\u1ee3c h\u00e0ng t\u1eeb 05 \u2013 07 ng\u00e0y l\u00e0m vi\u1ec7c k\u1ec3 t\u1eeb khi Handan.com.vn nh\u1eadn \u0111\u01b0\u1ee3c \u0111\u01a1n h\u00e0ng. Tuy nhi\u00ean, c\u0169ng c\u00f3 tr\u01b0\u1eddng h\u1ee3p vi\u1ec7c giao h\u00e0ng k\u00e9o d\u00e0i h\u01a1n v\u00e0i ng\u00e0y l\u00e0m vi\u1ec7c, nh\u01b0ng ch\u1ec9 x\u1ea3y ra trong nh\u1eefng t\u00ecnh hu\u1ed1ng b\u1ea5t kh\u1ea3 kh\u00e1ng nh\u01b0 sau:<br \/>\n&#8211; Nh\u00e2n vi\u00ean Handan.com.vn li\u00ean l\u1ea1c v\u1edbi kh\u00e1ch h\u00e0ng qua \u0111i\u1ec7n tho\u1ea1i kh\u00f4ng \u0111\u01b0\u1ee3c n\u00ean kh\u00f4ng th\u1ec3 giao h\u00e0ng.<br \/>\n&#8211; \u0110\u1ecba ch\u1ec9 giao h\u00e0ng b\u1ea1n cung c\u1ea5p kh\u00f4ng ch\u00ednh x\u00e1c ho\u1eb7c kh\u00f3 t\u00ecm.<br \/>\n&#8211; S\u1ed1 l\u01b0\u1ee3ng \u0111\u01a1n h\u00e0ng c\u1ee7a Handan.com.vn t\u0103ng \u0111\u1ed9t bi\u1ebfn khi\u1ebfn vi\u1ec7c x\u1eed l\u00fd \u0111\u01a1n h\u00e0ng b\u1ecb ch\u1eadm.<br \/>\n&#8211; \u0110\u1ed1i t\u00e1c cung c\u1ea5p h\u00e0ng cho Handan.com.vn ch\u1eadm h\u01a1n d\u1ef1 ki\u1ebfn khi\u1ebfn vi\u1ec7c giao h\u00e0ng b\u1ecb ch\u1eadm l\u1ea1i ho\u1eb7c \u0111\u1ed1i t\u00e1c v\u1eadn chuy\u1ec3n giao h\u00e0ng b\u1ecb ch\u1eadm<\/p>\n<p><strong>2. Ph\u00ed v\u1eadn chuy\u1ec3n<\/strong><br \/>\nV\u1ec1 ph\u00ed v\u1eadn chuy\u1ec3n, Handan.com.vn s\u1ebd nh\u1edd d\u1ecbch v\u1ee5 giao nh\u1eadn c\u1ee7a c\u00e1c c\u00f4ng ty v\u1eadn chuy\u1ec3n v\u00e0 ph\u00ed s\u1ebd \u0111\u01b0\u1ee3c t\u00ednh theo ph\u00ed c\u1ee7a c\u00e1c \u0111\u01a1n v\u1ecb cung c\u1ea5p d\u1ecbch v\u1ee5 v\u1eadn chuy\u1ec3n \u0111\u00f3. Ph\u00ed v\u1eadn chuy\u1ec3n s\u1ebd \u0111\u01b0\u1ee3c th\u00f4ng b\u00e1o \u0111\u1ebfn kh\u00e1ch h\u00e0ng trong qu\u00e1 tr\u00ecnh nh\u00e2n vi\u00ean Handan.com.vn ti\u1ebfn h\u00e0nh x\u00e1c nh\u1eadn \u0111\u01a1n h\u00e0ng v\u1edbi qu\u00fd kh\u00e1ch.<br \/>\n\u0110\u1ed1i v\u1edbi kh\u00e1ch h\u00e0ng t\u1ec9nh c\u00f3 nhu c\u1ea7u mua h\u00e0ng s\u1ed1 l\u01b0\u1ee3ng l\u1edbn ho\u1eb7c kh\u00e1ch s\u1ec9, ch\u00fang t\u00f4i s\u1ebd s\u1eed d\u1ee5ng d\u1ecbch v\u1ee5 v\u1eadn chuy\u1ec3n c\u1ee7a c\u00e1c c\u00f4ng ty giao nh\u1eadn. Ph\u00ed v\u1eadn chuy\u1ec3n s\u1ebd \u0111\u01b0\u1ee3c t\u00ednh theo bi\u1ec3u ph\u00ed c\u1ee7a \u0111\u01a1n v\u1ecb v\u1eadn chuy\u1ec3n ho\u1eb7c theo th\u1ecfa thu\u1eadn h\u1ee3p \u0111\u1ed3ng gi\u1eefa hai b\u00ean.<\/p>\n<p><strong>3. Ph\u00e2n \u0111\u1ecbnh tr\u00e1ch nhi\u1ec7m c\u1ee7a Handan.com.vn v\u00e0 t\u1ed5 ch\u1ee9c cung \u1ee9ng d\u1ecbch v\u1ee5 logistics v\u1ec1 cung c\u1ea5p ch\u1ee9ng t\u1eeb h\u00e0ng h\u00f3a trong qu\u00e1 tr\u00ecnh giao nh\u1eadn<\/strong><br \/>\nT\u1ea5t c\u1ea3 c\u00e1c \u0111\u01a1n h\u00e0ng \u0111\u1ec1u \u0111\u01b0\u1ee3c Handan.com.vn \u0111\u00f3ng g\u00f3i v\u00e0 ni\u00eam phong c\u1ea9n th\u1eadn tr\u01b0\u1edbc khi v\u1eadn chuy\u1ec3n. \u0110\u01a1n v\u1ecb v\u1eadn chuy\u1ec3n ch\u1ecbu tr\u00e1ch nhi\u1ec7m v\u1eadn chuy\u1ec3n h\u00e0ng h\u00f3a theo nguy\u00ean t\u1eafc &#8220;nguy\u00ean \u0111ai, nguy\u00ean ki\u1ec7n&#8221;, \u0111\u1ea3m b\u1ea3o h\u00e0ng h\u00f3a kh\u00f4ng b\u1ecb m\u1edf ho\u1eb7c h\u01b0 h\u1ecfng trong qu\u00e1 tr\u00ecnh giao nh\u1eadn.<br \/>\nTr\u00ean bao b\u00ec m\u1ed7i \u0111\u01a1n h\u00e0ng s\u1ebd c\u00f3 \u0111\u1ea7y \u0111\u1ee7 th\u00f4ng tin sau:<br \/>\n\u2022 Th\u00f4ng tin ng\u01b0\u1eddi nh\u1eadn: T\u00ean ng\u01b0\u1eddi nh\u1eadn, s\u1ed1 \u0111i\u1ec7n tho\u1ea1i v\u00e0 \u0111\u1ecba ch\u1ec9 nh\u1eadn h\u00e0ng.<br \/>\n\u2022 M\u00e3 v\u1eadn \u0111\u01a1n c\u1ee7a \u0111\u01a1n h\u00e0ng.<br \/>\n\u0110\u1ec3 \u0111\u1ea3m b\u1ea3o an to\u00e0n cho h\u00e0ng h\u00f3a, Handan.com.vn s\u1ebd cung c\u1ea5p h\u00f3a \u0111\u01a1n t\u00e0i ch\u00ednh ho\u1eb7c phi\u1ebfu xu\u1ea5t kho h\u1ee3p l\u1ec7 c\u1ee7a s\u1ea3n ph\u1ea9m trong b\u01b0u ki\u1ec7n (n\u1ebfu c\u00f3).<br \/>\n\u0110\u01a1n v\u1ecb v\u1eadn chuy\u1ec3n c\u00f3 tr\u00e1ch nhi\u1ec7m cung c\u1ea5p c\u00e1c ch\u1ee9ng t\u1eeb li\u00ean quan t\u1edbi h\u00e0ng h\u00f3a n\u00e0y \u0111\u1ebfn kh\u00e1ch h\u00e0ng v\u00e0 khi \u0111\u01b0\u1ee3c y\u00eau c\u1ea7u b\u1edfi c\u01a1 quan qu\u1ea3n l\u00fd nh\u00e0 n\u01b0\u1edbc c\u00f3 th\u1ea9m quy\u1ec1n trong qu\u00e1 tr\u00ecnh th\u1ef1c hi\u1ec7n d\u1ecbch v\u1ee5 giao nh\u1eadn.<\/p>\n<p><strong>4 Tr\u00e1ch nhi\u1ec7m v\u1ec1 tr\u01b0\u1eddng h\u1ee3p h\u00e0ng b\u1ecb h\u01b0 h\u1ecfng do qu\u00e1 tr\u00ecnh v\u1eadn chuy\u1ec3n<\/strong><br \/>\n\u0110\u1ed1i v\u1edbi h\u00e0ng h\u00f3a b\u1ecb h\u01b0 h\u1ecfng do qu\u00e1 tr\u00ecnh v\u1eadn chuy\u1ec3n d\u00f9 l\u00e0 \u0111\u01a1n h\u00e0ng do ch\u00ednh c\u1eeda h\u00e0ng v\u1eadn chuy\u1ec3n hay do b\u00ean th\u1ee9 ba v\u1eadn chuy\u1ec3n th\u00ec ch\u00fang t\u00f4i s\u1ebd l\u00e0 b\u00ean \u0111\u1ee9ng ra ch\u1ecbu tr\u00e1ch nhi\u1ec7m gi\u1ea3i quy\u1ebft v\u1ea5n \u0111\u1ec1 cho kh\u00e1ch h\u00e0ng. Kh\u00e1ch h\u00e0ng c\u00f3 quy\u1ec1n t\u1eeb ch\u1ed1i nh\u1eadn s\u1ea3n ph\u1ea9m v\u00e0 y\u00eau c\u1ea7u \u0111\u1ed5i tr\u1ea3 theo quy \u0111\u1ecbnh \u201c\u0111\u1ed5i tr\u1ea3 ho\u00e0n ph\u00ed\u201d c\u00f2n m\u1ecdi v\u1ea5n \u0111\u1ec1 ph\u00e1t sinh ch\u00fang t\u00f4i s\u1ebd l\u00e0m vi\u1ec7c l\u1ea1i v\u1edbi \u0111\u1ed1i t\u00e1c v\u1eadn chuy\u1ec3n \u0111\u1ec3 gi\u1ea3i quy\u1ebft \u0111\u1ec1n b\u00f9 cho \u0111\u01a1n h\u00e0ng theo th\u1ecfa thu\u1eadn h\u1ee3p t\u00e1c gi\u1eefa c\u00f4ng ty v\u1edbi \u0111\u1ed1i t\u00e1c th\u1ee9 ba cung c\u1ea5p d\u1ecbch v\u1ee5 v\u1eadn chuy\u1ec3n.<br \/>\n*L\u01b0u \u00fd: Tr\u01b0\u1eddng h\u1ee3p ph\u00e1t sinh ch\u1eadm tr\u1ec5 trong vi\u1ec7c giao h\u00e0ng ch\u00fang t\u00f4i s\u1ebd th\u00f4ng tin k\u1ecbp th\u1eddi cho kh\u00e1ch h\u00e0ng v\u00e0 kh\u00e1ch h\u00e0ng c\u00f3 th\u1ec3 l\u1ef1a ch\u1ecdn gi\u1eefa vi\u1ec7c H\u1ee7y ho\u1eb7c ti\u1ebfp t\u1ee5c ch\u1edd h\u00e0ng.<\/p>\n<p>&nbsp;<\/p>\n<h2>Ch\u00ednh s\u00e1ch ki\u1ec3m h\u00e0ng<\/h2>\n<p>Tr\u01b0\u1edbc khi nh\u1eadn h\u00e0ng v\u00e0 thanh to\u00e1n, Qu\u00fd Kh\u00e1ch \u0111\u01b0\u1ee3c quy\u1ec1n ki\u1ec3m tra s\u1ea3n ph\u1ea9m. Kh\u00f4ng h\u1ed7 tr\u1ee3 th\u1eed h\u00e0ng.<br \/>\nQu\u00fd Kh\u00e1ch vui l\u00f2ng m\u1edf g\u00f3i h\u00e0ng ki\u1ec3m tra \u0111\u1ec3 \u0111\u1ea3m b\u1ea3o \u0111\u01a1n h\u00e0ng \u0111\u01b0\u1ee3c giao \u0111\u00fang m\u1eabu m\u00e3, s\u1ed1 l\u01b0\u1ee3ng nh\u01b0 \u0111\u01a1n h\u00e0ng \u0111\u00e3 \u0111\u1eb7t. Kh\u00f4ng th\u1eed hay d\u00f9ng th\u1eed s\u1ea3n ph\u1ea9m.<br \/>\nSau khi \u0111\u1ed3ng \u00fd v\u1edbi m\u00f3n h\u00e0ng \u0111\u01b0\u1ee3c giao \u0111\u1ebfn, Qu\u00fd Kh\u00e1ch thanh to\u00e1n v\u1edbi nh\u00e2n vi\u00ean giao h\u00e0ng (tr\u01b0\u1eddng h\u1ee3p \u0111\u01a1n h\u00e0ng \u0111\u01b0\u1ee3c ship COD) v\u00e0 nh\u1eadn h\u00e0ng.<br \/>\nTr\u01b0\u1eddng h\u1ee3p Qu\u00fd Kh\u00e1ch kh\u00f4ng \u01b0ng \u00fd v\u1edbi s\u1ea3n ph\u1ea9m, Qu\u00fd Kh\u00e1ch c\u00f3 th\u1ec3 t\u1eeb ch\u1ed1i nh\u1eadn h\u00e0ng. T\u1ea1i \u0111\u00e2y, ch\u00fang t\u00f4i s\u1ebd thu th\u00eam chi ph\u00ed ho\u00e0n h\u00e0ng, t\u01b0\u01a1ng \u0111\u01b0\u01a1ng v\u1edbi ph\u00ed ship c\u1ee7a \u0111\u01a1n h\u00e0ng Qu\u00fd kh\u00e1ch \u0111\u00e3 \u0111\u1eb7t.<br \/>\nL\u01b0u \u00fd:<br \/>\n&#8211; Khi Qu\u00fd Kh\u00e1ch ki\u1ec3m tra \u0111\u01a1n h\u00e0ng, nh\u00e2n vi\u00ean giao nh\u1eadn bu\u1ed9c ph\u1ea3i \u0111\u1ee3i Qu\u00fd Kh\u00e1ch ki\u1ec3m tra h\u00e0ng h\u00f3a b\u00ean trong g\u00f3i h\u00e0ng. Tr\u01b0\u1eddng h\u1ee3p nh\u00e2n vi\u00ean t\u1eeb ch\u1ed1i cho Qu\u00fd Kh\u00e1ch ki\u1ec3m tra h\u00e0ng h\u00f3a, Qu\u00fd Kh\u00e1ch vui l\u00f2ng li\u00ean h\u1ec7 v\u1edbi Handan.com.vn qua hotline: 0984672555 \u0111\u1ec3 \u0111\u01b0\u1ee3c h\u1ed7 tr\u1ee3.<br \/>\n&#8211; Qu\u00fd Kh\u00e1ch tr\u00e1nh d\u00f9ng v\u1eadt s\u1eafc nh\u1ecdn \u0111\u1ec3 m\u1edf g\u00f3i h\u00e0ng \u0111\u1ec3 tr\u00e1nh g\u00e2y h\u01b0 h\u1ecfng cho s\u1ea3n ph\u1ea9m b\u00ean trong. \u0110\u1ed1i v\u1edbi nh\u1eefng tr\u01b0\u1eddng h\u1ee3p s\u1ea3n ph\u1ea9m b\u1ecb h\u01b0 h\u1ecfng do l\u1ed7i t\u1eeb ph\u00eda Kh\u00e1ch h\u00e0ng, Handan.com.vn r\u1ea5t ti\u1ebfc kh\u00f4ng th\u1ec3 h\u1ed7 tr\u1ee3 Qu\u00fd Kh\u00e1ch \u0111\u1ed5i\/tr\u1ea3\/b\u1ea3o h\u00e0nh s\u1ea3n ph\u1ea9m.<\/p>\n<p>&nbsp;<\/p>\n<h2>Ch\u00ednh s\u00e1ch \u0111\u1ed5i tr\u1ea3 v\u00e0 ho\u00e0n ti\u1ec1n<\/h2>\n<p><strong>1. \u0110i\u1ec1u ki\u1ec7n \u0111\u1ed5i tr\u1ea3<\/strong><br \/>\nQu\u00fd Kh\u00e1ch h\u00e0ng c\u1ea7n ki\u1ec3m tra t\u00ecnh tr\u1ea1ng h\u00e0ng h\u00f3a v\u00e0 c\u00f3 th\u1ec3 \u0111\u1ed5i h\u00e0ng\/ tr\u1ea3 l\u1ea1i h\u00e0ng ngay t\u1ea1i th\u1eddi \u0111i\u1ec3m giao\/nh\u1eadn h\u00e0ng trong nh\u1eefng tr\u01b0\u1eddng h\u1ee3p sau:<br \/>\nH\u00e0ng kh\u00f4ng \u0111\u00fang ch\u1ee7ng lo\u1ea1i, m\u1eabu m\u00e3 trong \u0111\u01a1n h\u00e0ng \u0111\u00e3 \u0111\u1eb7t ho\u1eb7c nh\u01b0 tr\u00ean website t\u1ea1i th\u1eddi \u0111i\u1ec3m \u0111\u1eb7t h\u00e0ng.<br \/>\nKh\u00f4ng \u0111\u1ee7 s\u1ed1 l\u01b0\u1ee3ng, kh\u00f4ng \u0111\u1ee7 b\u1ed9 nh\u01b0 trong \u0111\u01a1n h\u00e0ng.<br \/>\nT\u00ecnh tr\u1ea1ng b\u00ean ngo\u00e0i b\u1ecb \u1ea3nh h\u01b0\u1edfng nh\u01b0 r\u00e1ch bao b\u00ec, bong tr\u00f3c, b\u1ec3 v\u1ee1\u2026<br \/>\nKh\u00e1ch h\u00e0ng c\u00f3 tr\u00e1ch nhi\u1ec7m tr\u00ecnh gi\u1ea5y t\u1edd li\u00ean quan ch\u1ee9ng minh s\u1ef1 thi\u1ebfu s\u00f3t tr\u00ean \u0111\u1ec3 ho\u00e0n th\u00e0nh vi\u1ec7c ho\u00e0n tr\u1ea3\/\u0111\u1ed5i tr\u1ea3 h\u00e0ng h\u00f3a.<\/p>\n<p><strong>2. Quy \u0111\u1ecbnh v\u1ec1 th\u1eddi gian th\u00f4ng b\u00e1o v\u00e0 g\u1eedi s\u1ea3n ph\u1ea9m \u0111\u1ed5i tr\u1ea3<\/strong><br \/>\nTh\u1eddi gian th\u00f4ng b\u00e1o \u0111\u1ed5i tr\u1ea3: trong v\u00f2ng 48h k\u1ec3 t\u1eeb khi nh\u1eadn s\u1ea3n ph\u1ea9m \u0111\u1ed1i v\u1edbi tr\u01b0\u1eddng h\u1ee3p s\u1ea3n ph\u1ea9m thi\u1ebfu ph\u1ee5 ki\u1ec7n, qu\u00e0 t\u1eb7ng ho\u1eb7c b\u1ec3 v\u1ee1.<br \/>\nTh\u1eddi gian g\u1eedi chuy\u1ec3n tr\u1ea3 s\u1ea3n ph\u1ea9m: trong v\u00f2ng 7 ng\u00e0y k\u1ec3 t\u1eeb khi nh\u1eadn s\u1ea3n ph\u1ea9m.<br \/>\n\u0110\u1ecba \u0111i\u1ec3m \u0111\u1ed5i tr\u1ea3 s\u1ea3n ph\u1ea9m: Kh\u00e1ch h\u00e0ng c\u00f3 th\u1ec3 mang h\u00e0ng tr\u1ef1c ti\u1ebfp \u0111\u1ebfn v\u0103n ph\u00f2ng\/ c\u1eeda h\u00e0ng c\u1ee7a ch\u00fang t\u00f4i ho\u1eb7c chuy\u1ec3n qua \u0111\u01b0\u1eddng b\u01b0u \u0111i\u1ec7n.<br \/>\nTrong tr\u01b0\u1eddng h\u1ee3p Qu\u00fd Kh\u00e1ch h\u00e0ng c\u00f3 \u00fd ki\u1ebfn \u0111\u00f3ng g\u00f3p\/khi\u1ebfu n\u1ea1i li\u00ean quan \u0111\u1ebfn ch\u1ea5t l\u01b0\u1ee3ng s\u1ea3n ph\u1ea9m, Qu\u00fd Kh\u00e1ch h\u00e0ng vui l\u00f2ng li\u00ean h\u1ec7 \u0111\u01b0\u1eddng d\u00e2y ch\u0103m s\u00f3c kh\u00e1ch h\u00e0ng c\u1ee7a ch\u00fang t\u00f4i.<\/p>\n<p><strong>3. H\u00ecnh th\u1ee9c \u0111\u1ed5i tr\u1ea3<\/strong><br \/>\n&#8211; Ch\u00fang t\u00f4i th\u1ef1c hi\u1ec7n \u0111\u1ed5i h\u00e0ng h\u00f3a \u0111\u00fang lo\u1ea1i s\u1ea3n ph\u1ea9m m\u00e0 kh\u00e1ch h\u00e0ng \u0111\u1eb7t \u0111\u1ed1i v\u1edbi s\u1ea3n ph\u1ea9m giao sai h\u00e0ng\/ sai s\u1ed1 l\u01b0\u1ee3ng ho\u1eb7c khi ph\u00e1t sinh s\u1ea3n ph\u1ea9m kh\u00f4ng \u0111\u1ea1t cam k\u1ebft.<br \/>\n&#8211; \u0110\u1ed5i s\u1ea3n ph\u1ea9m kh\u00e1c c\u00f3 gi\u00e1 tr\u1ecb t\u01b0\u01a1ng \u0111\u01b0\u01a1ng cho kh\u00e1ch h\u00e0ng trong tr\u01b0\u1eddng h\u1ee3p s\u1ea3n ph\u1ea9m kh\u00e1ch h\u00e0ng \u0111\u00e3 \u0111\u1eb7t h\u1ebft h\u00e0ng n\u1ebfu kh\u00e1ch h\u00e0ng \u0111\u1ed3ng \u00fd.<\/p>\n<p>Tr\u01b0\u1eddng h\u1ee3p kh\u00e1ch h\u00e0ng kh\u00f4ng c\u00f2n nhu c\u1ea7u n\u1eefa do l\u1ed7i h\u00e0ng h\u00f3a ho\u1eb7c kh\u00f4ng \u0111\u1ed3ng \u00fd v\u1edbi h\u00e0ng h\u00f3a \u0111\u01b0\u1ee3c \u0111\u1ed5i l\u1ea1i c\u00f4ng ty s\u1ebd ho\u00e0n ph\u00ed cho kh\u00e1ch h\u00e0ng b\u1eb1ng h\u00ecnh th\u1ee9c chuy\u1ec3n kho\u1ea3n ho\u1eb7c theo ph\u01b0\u01a1ng th\u1ee9c th\u1ecfa thu\u1eadn v\u1edbi kh\u00e1ch h\u00e0ng trong v\u00f2ng 07 ng\u00e0y l\u00e0m vi\u1ec7c k\u1ec3 t\u1eeb ng\u00e0y nh\u1eadn \u0111\u01b0\u1ee3c y\u00eau c\u1ea7u. Ph\u00ed chuy\u1ec3n kho\u1ea3n kh\u00e1ch h\u00e0ng s\u1ebd ch\u1ecbu (n\u1ebfu c\u00f3).<br \/>\nKhi ph\u00e1t sinh chi ph\u00ed v\u1eadn chuy\u1ec3n c\u1ee7a h\u00e0ng \u0111\u1ed5i tr\u1ea3, kh\u00e1ch h\u00e0ng s\u1ebd ch\u1ecbu chi ph\u00ed n\u00e0y v\u00e0 thanh to\u00e1n tr\u1ef1c ti\u1ebfp cho b\u00ean v\u00e2n chuy\u1ec3n.<\/p>\n<p>&nbsp;<\/p>\n<h2>Ch\u00ednh s\u00e1ch b\u1ea3o m\u1eadt th\u00f4ng tin<\/h2>\n<p><strong>1. M\u1ee5c \u0111\u00edch v\u00e0 ph\u1ea1m vi thu th\u1eadp th\u00f4ng tin<\/strong><br \/>\nHandan.com.vn kh\u00f4ng b\u00e1n, chia s\u1ebb hay trao \u0111\u1ed5i th\u00f4ng tin c\u00e1 nh\u00e2n c\u1ee7a kh\u00e1ch h\u00e0ng thu th\u1eadp tr\u00ean trang web cho m\u1ed9t b\u00ean th\u1ee9 ba n\u00e0o kh\u00e1c.<br \/>\nTh\u00f4ng tin c\u00e1 nh\u00e2n thu th\u1eadp \u0111\u01b0\u1ee3c s\u1ebd ch\u1ec9 \u0111\u01b0\u1ee3c s\u1eed d\u1ee5ng trong n\u1ed9i b\u1ed9 c\u00f4ng ty.<br \/>\nKhi b\u1ea1n li\u00ean h\u1ec7 \u0111\u0103ng k\u00fd d\u1ecbch v\u1ee5, th\u00f4ng tin c\u00e1 nh\u00e2n m\u00e0 Handan.com.vn thu th\u1eadp bao g\u1ed3m:<br \/>\nH\u1ecd v\u00e0 t\u00ean<br \/>\nAddress<br \/>\n\u0110i\u1ec7n tho\u1ea1i<br \/>\nEmail<br \/>\nNgo\u00e0i th\u00f4ng tin c\u00e1 nh\u00e2n l\u00e0 c\u00e1c th\u00f4ng tin v\u1ec1 d\u1ecbch v\u1ee5<br \/>\nT\u00ean s\u1ea3n ph\u1ea9m<br \/>\nS\u1ed1 l\u01b0\u1ee3ng<br \/>\nTh\u1eddi gian giao nh\u1eadn s\u1ea3n ph\u1ea9m<\/p>\n<p><strong>2. Ph\u1ea1m vi s\u1eed d\u1ee5ng th\u00f4ng tin<\/strong><br \/>\nTh\u00f4ng tin c\u00e1 nh\u00e2n thu th\u1eadp \u0111\u01b0\u1ee3c s\u1ebd ch\u1ec9 \u0111\u01b0\u1ee3c Handan.com.vn s\u1eed d\u1ee5ng trong n\u1ed9i b\u1ed9 c\u00f4ng ty v\u00e0 cho m\u1ed9t ho\u1eb7c t\u1ea5t c\u1ea3 c\u00e1c m\u1ee5c \u0111\u00edch sau \u0111\u00e2y:<br \/>\n&#8211; H\u1ed7 tr\u1ee3 kh\u00e1ch h\u00e0ng<br \/>\n&#8211; Cung c\u1ea5p th\u00f4ng tin li\u00ean quan \u0111\u1ebfn d\u1ecbch v\u1ee5<br \/>\n&#8211; X\u1eed l\u00fd \u0111\u01a1n \u0111\u1eb7t h\u00e0ng v\u00e0 cung c\u1ea5p d\u1ecbch v\u1ee5 v\u00e0 th\u00f4ng tin qua trang web c\u1ee7a ch\u00fang t\u00f4i theo y\u00eau c\u1ea7u c\u1ee7a b\u1ea1n<br \/>\n&#8211; Ch\u00fang t\u00f4i c\u00f3 th\u1ec3 s\u1ebd g\u1eedi th\u00f4ng tin s\u1ea3n ph\u1ea9m, d\u1ecbch v\u1ee5 m\u1edbi, th\u00f4ng tin v\u1ec1 c\u00e1c s\u1ef1 ki\u1ec7n s\u1eafp t\u1edbi ho\u1eb7c th\u00f4ng tin tuy\u1ec3n d\u1ee5ng n\u1ebfu qu\u00fd kh\u00e1ch \u0111\u0103ng k\u00ed nh\u1eadn email th\u00f4ng b\u00e1o.<br \/>\n&#8211; Ngo\u00e0i ra, ch\u00fang t\u00f4i s\u1ebd s\u1eed d\u1ee5ng th\u00f4ng tin b\u1ea1n cung c\u1ea5p \u0111\u1ec3 h\u1ed7 tr\u1ee3 qu\u1ea3n l\u00fd t\u00e0i kho\u1ea3n kh\u00e1ch h\u00e0ng; x\u00e1c nh\u1eadn v\u00e0 th\u1ef1c hi\u1ec7n c\u00e1c giao d\u1ecbch t\u00e0i ch\u00ednh li\u00ean quan \u0111\u1ebfn c\u00e1c kho\u1ea3n thanh to\u00e1n tr\u1ef1c tuy\u1ebfn c\u1ee7a b\u1ea1n;<\/p>\n<p><strong>3. Th\u1eddi gian l\u01b0u tr\u1eef th\u00f4ng tin<\/strong><br \/>\n\u0110\u1ed1i v\u1edbi th\u00f4ng tin c\u00e1 nh\u00e2n, Handan.com.vn ch\u1ec9 x\u00f3a \u0111i d\u1eef li\u1ec7u n\u00e0y n\u1ebfu kh\u00e1ch h\u00e0ng c\u00f3 y\u00eau c\u1ea7u, kh\u00e1ch h\u00e0ng y\u00eau c\u1ea7u g\u1eedi mail v\u1ec1\u00a0 Info@Handan.com.vn<\/p>\n<p><strong>4. Nh\u1eefng ng\u01b0\u1eddi ho\u1eb7c t\u1ed5 ch\u1ee9c c\u00f3 th\u1ec3 \u0111\u01b0\u1ee3c ti\u1ebfp c\u1eadn v\u1edbi th\u00f4ng tin c\u00e1 nh\u00e2n<\/strong><br \/>\n\u0110\u1ed1i t\u01b0\u1ee3ng \u0111\u01b0\u1ee3c ti\u1ebfp c\u1eadn v\u1edbi th\u00f4ng tin c\u00e1 nh\u00e2n c\u1ee7a kh\u00e1ch h\u00e0ng thu\u1ed9c m\u1ed9t trong nh\u1eefng tr\u01b0\u1eddng<br \/>\nh\u1ee3p sau:<br \/>\n&#8211; C\u00d4NG TY TNHH HANDAN<br \/>\n&#8211; C\u00e1c \u0111\u1ed1i t\u00e1c c\u00f3 k\u00fd h\u1ee3p \u0111\u1ed9ng th\u1ef1c hi\u1ec7n 1 ph\u1ea7n d\u1ecbch v\u1ee5 do C\u00d4NG TY TNHH HANDAN . C\u00e1c \u0111\u1ed1i t\u00e1c n\u00e0y s\u1ebd nh\u1eadn \u0111\u01b0\u1ee3c nh\u1eefng th\u00f4ng tin theo th\u1ecfa thu\u1eadn h\u1ee3p \u0111\u1ed3ng (c\u00f3 th\u1ec3 1ph\u1ea7n ho\u1eb7c to\u00e0n b\u1ed9 th\u00f4ng tin tuy theo \u0111i\u1ec1u kho\u1ea3n h\u1ee3p \u0111\u1ed3ng) \u0111\u1ec3 ti\u1ebfn h\u00e0nh h\u1ed7 tr\u1ee3 ng\u01b0\u1eddi d\u00f9ng s\u1eed d\u1ee5ng d\u1ecbch v\u1ee5 do C\u00f4ng ty cung c\u1ea5p.<br \/>\n5. \u0110\u1ecba ch\u1ec9 c\u1ee7a \u0111\u01a1n v\u1ecb thu th\u1eadp v\u00e0 qu\u1ea3n l\u00fd th\u00f4ng tin c\u00e1 nh\u00e2n<br \/>\nC\u00d4NG TY TNHH HANDAN<br \/>\n\u0110\u1ecba ch\u1ec9: L\u00f4 8, D\u1ecbch v\u1ee5 16, K\u0110T T\u00e2y Nam Linh \u0110\u00e0m, \u0110\u01b0\u1eddng B\u1eb1ng A, Ph\u01b0\u1eddng Ho\u00e0ng Li\u1ec7t, TP H\u00e0 N\u1ed9i, Vi\u1ec7t Nam<br \/>\n\u0110i\u1ec7n tho\u1ea1i: 0984672555<br \/>\nWebsite: Handan.com.vn<br \/>\nEmail:\u00a0 Info@Handan.com.vn<\/p>\n<p><strong>6. Ph\u01b0\u01a1ng ti\u1ec7n v\u00e0 c\u00f4ng c\u1ee5 \u0111\u1ec3 ng\u01b0\u1eddi d\u00f9ng ti\u1ebfp c\u1eadn v\u00e0 ch\u1ec9nh s\u1eeda d\u1eef li\u1ec7u c\u00e1 nh\u00e2n c\u1ee7a m\u00ecnh<\/strong><br \/>\nHandan.com.vn thu th\u1eadp th\u00f4ng tin kh\u00e1ch h\u00e0ng qua trang web, th\u00f4ng tin c\u00e1 nh\u00e2n kh\u00e1ch h\u00e0ng \u0111\u01b0\u1ee3c th\u1ef1c hi\u1ec7n thu th\u1eadp qua email li\u00ean h\u1ec7 \u0111\u1eb7t mua s\u1ea3n ph\u1ea9m, d\u1ecbch v\u1ee5 g\u1eedi v\u1ec1 h\u1ed9p mail c\u1ee7a ch\u00fang t\u00f4i: Info@Handan.com.vn ho\u1eb7c s\u1ed1 \u0111i\u1ec7n tho\u1ea1i li\u00ean h\u1ec7 \u0111\u1eb7t mua s\u1ea3n ph\u1ea9m g\u1ecdi v\u1ec1 0984672555<br \/>\nB\u1ea1n c\u00f3 th\u1ec3 li\u00ean h\u1ec7 \u0111\u1ecba ch\u1ec9 email c\u00f9ng s\u1ed1 \u0111i\u1ec7n tho\u1ea1i tr\u00ean \u0111\u1ec3 y\u00eau c\u1ea7u Handan.com.vn ch\u1ec9nh s\u1eeda d\u1eef li\u1ec7u c\u00e1 nh\u00e2n c\u1ee7a m\u00ecnh.<\/p>\n<p><strong>7. C\u01a1 ch\u1ebf ti\u1ebfp nh\u1eadn v\u00e0 gi\u1ea3i quy\u1ebft khi\u1ebfu n\u1ea1i c\u1ee7a ng\u01b0\u1eddi ti\u00eau d\u00f9ng li\u00ean quan \u0111\u1ebfn vi\u1ec7c th\u00f4ng tin c\u00e1 nh\u00e2n b\u1ecb s\u1eed d\u1ee5ng sai m\u1ee5c \u0111\u00edch ho\u1eb7c ph\u1ea1m vi \u0111\u00e3 th\u00f4ng b\u00e1o.<\/strong><br \/>\nT\u1ea1i Handan.com.vn , vi\u1ec7c b\u1ea3o v\u1ec7 th\u00f4ng tin c\u00e1 nh\u00e2n c\u1ee7a b\u1ea1n l\u00e0 r\u1ea5t quan tr\u1ecdng, b\u1ea1n \u0111\u01b0\u1ee3c \u0111\u1ea3m b\u1ea3o r\u1eb1ng th\u00f4ng tin cung c\u1ea5p cho ch\u00fang t\u00f4i s\u1ebd \u0111\u01b0\u1ee3c m\u1eadt Handan.com.vn cam k\u1ebft kh\u00f4ng chia s\u1ebb, b\u00e1n ho\u1eb7c cho thu\u00ea th\u00f4ng tin c\u00e1 nh\u00e2n c\u1ee7a b\u1ea1n cho b\u1ea5t k\u1ef3 ng\u01b0\u1eddi n\u00e0o kh\u00e1c. Handan.com.vn cam k\u1ebft ch\u1ec9 s\u1eed d\u1ee5ng c\u00e1c th\u00f4ng tin c\u1ee7a b\u1ea1n v\u00e0o c\u00e1c tr\u01b0\u1eddng h\u1ee3p sau:<br \/>\n&#8211; N\u00e2ng cao ch\u1ea5t l\u01b0\u1ee3ng d\u1ecbch v\u1ee5 d\u00e0nh cho kh\u00e1ch h\u00e0ng<br \/>\n&#8211; Gi\u1ea3i quy\u1ebft c\u00e1c tranh ch\u1ea5p, khi\u1ebfu n\u1ea1i<br \/>\n&#8211; Khi c\u01a1 quan ph\u00e1p lu\u1eadt c\u00f3 y\u00eau c\u1ea7u.<br \/>\nHandan.com.vn hi\u1ec3u r\u1eb1ng quy\u1ec1n l\u1ee3i c\u1ee7a b\u1ea1n trong vi\u1ec7c b\u1ea3o v\u1ec7 th\u00f4ng tin c\u00e1 nh\u00e2n c\u0169ng ch\u00ednh l\u00e0 tr\u00e1ch nhi\u1ec7m c\u1ee7a ch\u00fang t\u00f4i n\u00ean trong b\u1ea5t k\u1ef3 tr\u01b0\u1eddng h\u1ee3p c\u00f3 th\u1eafc m\u1eafc, g\u00f3p \u00fd n\u00e0o li\u00ean quan \u0111\u1ebfn ch\u00ednh s\u00e1ch b\u1ea3o m\u1eadt c\u1ee7a Handan.com.vn , v\u00e0 li\u00ean quan \u0111\u1ebfn vi\u1ec7c th\u00f4ng tin c\u00e1 nh\u00e2n b\u1ecb s\u1eed d\u1ee5ng sai m\u1ee5c \u0111\u00edch ho\u1eb7c ph\u1ea1m vi \u0111\u00e3 th\u00f4ng b\u00e1o vui l\u00f2ng li\u00ean h\u1ec7 qua s\u1ed1 hotline 0984672555 ho\u1eb7c email: Info@Handan.com.vn<\/p>\n<p>&nbsp;<\/p>\n<p>&nbsp;<\/p>\n<p>&nbsp;<\/p>","protected":false},"excerpt":{"rendered":"<p>Th\u00f4ng tin v\u1ec1 gi\u00e1 s\u1ea3n ph\u1ea9m T\u1ed5ng s\u1ed1 ti\u1ec1n thanh to\u00e1n tr\u00ean website \u0111\u00e3 bao g\u1ed3m c\u00e1c thu\u1ebf, ph\u00ed \u0111\u00f3ng g\u00f3i. V\u00e0 ch\u01b0a bao g\u1ed3m ph\u00ed v\u1eadn chuy\u1ec3n v\u00e0 c\u00e1c chi ph\u00ed ph\u00e1t sinh kh\u00e1c (C\u00e1c ph\u00ed ch\u01b0a bao g\u1ed3m s\u1ebd \u0111\u01b0\u1ee3c th\u00f4ng b\u00e1o \u0111\u1ebfn kh\u00e1ch h\u00e0ng trong qu\u00e1 tr\u00ecnh nh\u00e2n vi\u00ean Handan.com.vn ti\u1ebfn h\u00e0nh [&#8230;]","protected":false},"author":1,"featured_media":0,"parent":0,"menu_order":0,"comment_status":"closed","ping_status":"closed","template":"","meta":[],"_links":{"self":[{"href":"http:\/\/handan.com.vn\/en\/wp-json\/wp\/v2\/pages\/31050"}],"collection":[{"href":"http:\/\/handan.com.vn\/en\/wp-json\/wp\/v2\/pages"}],"about":[{"href":"http:\/\/handan.com.vn\/en\/wp-json\/wp\/v2\/types\/page"}],"author":[{"embeddable":true,"href":"http:\/\/handan.com.vn\/en\/wp-json\/wp\/v2\/users\/1"}],"replies":[{"embeddable":true,"href":"http:\/\/handan.com.vn\/en\/wp-json\/wp\/v2\/comments?post=31050"}],"version-history":[{"count":3,"href":"http:\/\/handan.com.vn\/en\/wp-json\/wp\/v2\/pages\/31050\/revisions"}],"predecessor-version":[{"id":31062,"href":"http:\/\/handan.com.vn\/en\/wp-json\/wp\/v2\/pages\/31050\/revisions\/31062"}],"wp:attachment":[{"href":"http:\/\/handan.com.vn\/en\/wp-json\/wp\/v2\/media?parent=31050"}],"curies":[{"name":"wp","href":"https:\/\/api.w.org\/{rel}","templated":true}]}}