{"id":31048,"date":"2025-12-24T15:25:40","date_gmt":"2025-12-24T08:25:40","guid":{"rendered":"http:\/\/handan.com.vn\/?page_id=31048"},"modified":"2025-12-24T15:25:40","modified_gmt":"2025-12-24T08:25:40","slug":"chinh-sach-kiem-hang","status":"publish","type":"page","link":"http:\/\/handan.com.vn\/en\/chinh-sach-kiem-hang\/","title":{"rendered":"Ch\u00ednh s\u00e1ch ki\u1ec3m h\u00e0ng"},"content":{"rendered":"<p>Tr\u01b0\u1edbc khi nh\u1eadn h\u00e0ng v\u00e0 thanh to\u00e1n, Qu\u00fd Kh\u00e1ch \u0111\u01b0\u1ee3c quy\u1ec1n ki\u1ec3m tra s\u1ea3n ph\u1ea9m. Kh\u00f4ng h\u1ed7 tr\u1ee3 th\u1eed h\u00e0ng.<br \/>\nQu\u00fd Kh\u00e1ch vui l\u00f2ng m\u1edf g\u00f3i h\u00e0ng ki\u1ec3m tra \u0111\u1ec3 \u0111\u1ea3m b\u1ea3o \u0111\u01a1n h\u00e0ng \u0111\u01b0\u1ee3c giao \u0111\u00fang m\u1eabu m\u00e3, s\u1ed1 l\u01b0\u1ee3ng nh\u01b0 \u0111\u01a1n h\u00e0ng \u0111\u00e3 \u0111\u1eb7t. Kh\u00f4ng th\u1eed hay d\u00f9ng th\u1eed s\u1ea3n ph\u1ea9m.<br \/>\nSau khi \u0111\u1ed3ng \u00fd v\u1edbi m\u00f3n h\u00e0ng \u0111\u01b0\u1ee3c giao \u0111\u1ebfn, Qu\u00fd Kh\u00e1ch thanh to\u00e1n v\u1edbi nh\u00e2n vi\u00ean giao h\u00e0ng (tr\u01b0\u1eddng h\u1ee3p \u0111\u01a1n h\u00e0ng \u0111\u01b0\u1ee3c ship COD) v\u00e0 nh\u1eadn h\u00e0ng.<br \/>\nTr\u01b0\u1eddng h\u1ee3p Qu\u00fd Kh\u00e1ch kh\u00f4ng \u01b0ng \u00fd v\u1edbi s\u1ea3n ph\u1ea9m, Qu\u00fd Kh\u00e1ch c\u00f3 th\u1ec3 t\u1eeb ch\u1ed1i nh\u1eadn h\u00e0ng. T\u1ea1i \u0111\u00e2y, ch\u00fang t\u00f4i s\u1ebd thu th\u00eam chi ph\u00ed ho\u00e0n h\u00e0ng, t\u01b0\u01a1ng \u0111\u01b0\u01a1ng v\u1edbi ph\u00ed ship c\u1ee7a \u0111\u01a1n h\u00e0ng Qu\u00fd kh\u00e1ch \u0111\u00e3 \u0111\u1eb7t.<br \/>\nL\u01b0u \u00fd:<br \/>\n&#8211; Khi Qu\u00fd Kh\u00e1ch ki\u1ec3m tra \u0111\u01a1n h\u00e0ng, nh\u00e2n vi\u00ean giao nh\u1eadn bu\u1ed9c ph\u1ea3i \u0111\u1ee3i Qu\u00fd Kh\u00e1ch ki\u1ec3m tra h\u00e0ng h\u00f3a b\u00ean trong g\u00f3i h\u00e0ng. Tr\u01b0\u1eddng h\u1ee3p nh\u00e2n vi\u00ean t\u1eeb ch\u1ed1i cho Qu\u00fd Kh\u00e1ch ki\u1ec3m tra h\u00e0ng h\u00f3a, Qu\u00fd Kh\u00e1ch vui l\u00f2ng li\u00ean h\u1ec7 v\u1edbi Handan.com.vn qua hotline: 0984672555 \u0111\u1ec3 \u0111\u01b0\u1ee3c h\u1ed7 tr\u1ee3.<br \/>\n&#8211; Qu\u00fd Kh\u00e1ch tr\u00e1nh d\u00f9ng v\u1eadt s\u1eafc nh\u1ecdn \u0111\u1ec3 m\u1edf g\u00f3i h\u00e0ng \u0111\u1ec3 tr\u00e1nh g\u00e2y h\u01b0 h\u1ecfng cho s\u1ea3n ph\u1ea9m b\u00ean trong. \u0110\u1ed1i v\u1edbi nh\u1eefng tr\u01b0\u1eddng h\u1ee3p s\u1ea3n ph\u1ea9m b\u1ecb h\u01b0 h\u1ecfng do l\u1ed7i t\u1eeb ph\u00eda Kh\u00e1ch h\u00e0ng, Handan.com.vn r\u1ea5t ti\u1ebfc kh\u00f4ng th\u1ec3 h\u1ed7 tr\u1ee3 Qu\u00fd Kh\u00e1ch \u0111\u1ed5i\/tr\u1ea3\/b\u1ea3o h\u00e0nh s\u1ea3n ph\u1ea9m.<\/p>","protected":false},"excerpt":{"rendered":"<p>Tr\u01b0\u1edbc khi nh\u1eadn h\u00e0ng v\u00e0 thanh to\u00e1n, Qu\u00fd Kh\u00e1ch \u0111\u01b0\u1ee3c quy\u1ec1n ki\u1ec3m tra s\u1ea3n ph\u1ea9m. Kh\u00f4ng h\u1ed7 tr\u1ee3 th\u1eed h\u00e0ng. Qu\u00fd Kh\u00e1ch vui l\u00f2ng m\u1edf g\u00f3i h\u00e0ng ki\u1ec3m tra \u0111\u1ec3 \u0111\u1ea3m b\u1ea3o \u0111\u01a1n h\u00e0ng \u0111\u01b0\u1ee3c giao \u0111\u00fang m\u1eabu m\u00e3, s\u1ed1 l\u01b0\u1ee3ng nh\u01b0 \u0111\u01a1n h\u00e0ng \u0111\u00e3 \u0111\u1eb7t. Kh\u00f4ng th\u1eed hay d\u00f9ng th\u1eed s\u1ea3n ph\u1ea9m. Sau khi [&#8230;]","protected":false},"author":1,"featured_media":0,"parent":0,"menu_order":0,"comment_status":"closed","ping_status":"closed","template":"","meta":[],"_links":{"self":[{"href":"http:\/\/handan.com.vn\/en\/wp-json\/wp\/v2\/pages\/31048"}],"collection":[{"href":"http:\/\/handan.com.vn\/en\/wp-json\/wp\/v2\/pages"}],"about":[{"href":"http:\/\/handan.com.vn\/en\/wp-json\/wp\/v2\/types\/page"}],"author":[{"embeddable":true,"href":"http:\/\/handan.com.vn\/en\/wp-json\/wp\/v2\/users\/1"}],"replies":[{"embeddable":true,"href":"http:\/\/handan.com.vn\/en\/wp-json\/wp\/v2\/comments?post=31048"}],"version-history":[{"count":1,"href":"http:\/\/handan.com.vn\/en\/wp-json\/wp\/v2\/pages\/31048\/revisions"}],"predecessor-version":[{"id":31054,"href":"http:\/\/handan.com.vn\/en\/wp-json\/wp\/v2\/pages\/31048\/revisions\/31054"}],"wp:attachment":[{"href":"http:\/\/handan.com.vn\/en\/wp-json\/wp\/v2\/media?parent=31048"}],"curies":[{"name":"wp","href":"https:\/\/api.w.org\/{rel}","templated":true}]}}