{"id":31046,"date":"2025-12-24T15:24:48","date_gmt":"2025-12-24T08:24:48","guid":{"rendered":"http:\/\/handan.com.vn\/?page_id=31046"},"modified":"2025-12-24T15:36:47","modified_gmt":"2025-12-24T08:36:47","slug":"chinh-sach-thanh-toan","status":"publish","type":"page","link":"http:\/\/handan.com.vn\/en\/chinh-sach-thanh-toan\/","title":{"rendered":"Ch\u00ednh s\u00e1ch thanh to\u00e1n"},"content":{"rendered":"<p>C\u00f3 2 h\u00ecnh th\u1ee9c thanh to\u00e1n, kh\u00e1ch h\u00e0ng c\u00f3 th\u1ec3 l\u1ef1a ch\u1ecdn h\u00ecnh th\u1ee9c thu\u1eadn ti\u1ec7n v\u00e0 ph\u00f9 h\u1ee3p v\u1edbi m\u00ecnh nh\u1ea5t:<\/p>\n<p>C\u00e1ch 1: Thanh to\u00e1n khi nh\u1eadn h\u00e0ng (COD): V\u1edbi h\u00ecnh th\u1ee9c n\u00e0y kh\u00e1ch h\u00e0ng xem h\u00e0ng t\u1ea1i nh\u00e0, thanh to\u00e1n ti\u1ec1n m\u1eb7t cho nh\u00e2n vi\u00ean giao nh\u1eadn h\u00e0ng<br \/>\nC\u00e1ch 2: Chuy\u1ec3n kho\u1ea3n tr\u01b0\u1edbc: Qu\u00fd kh\u00e1ch chuy\u1ec3n kho\u1ea3n tr\u01b0\u1edbc, sau \u0111\u00f3 ch\u00fang t\u00f4i ti\u1ebfn h\u00e0nh giao h\u00e0ng theo th\u1ecfa thu\u1eadn ho\u1eb7c h\u1ee3p \u0111\u1ed3ng v\u1edbi Qu\u00fd kh\u00e1ch:<\/p>\n<p><strong>Ch\u1ee7 t\u00e0i kho\u1ea3n: C\u00d4NG TY TNHH HANDAN<\/strong><br \/>\n<strong>S\u1ed1 t\u00e0i kho\u1ea3n: 19129743747015<\/strong><br \/>\n<strong>Ng\u00e2n h\u00e0ng TMCP K\u1ef9 th\u01b0\u01a1ng Vi\u1ec7t Nam (Techcombank) \u2013 CN C\u00e1t Linh<\/strong><\/p>\n<p>L\u01b0u \u00fd<br \/>\nN\u1ed9i dung chuy\u1ec3n kho\u1ea3n : ghi r\u00f5 S\u1ed1 \u0111i\u1ec7n tho\u1ea1i ho\u1eb7c S\u1ed1 \u0111\u01a1n h\u00e0ng<br \/>\nSau khi chuy\u1ec3n kho\u1ea3n, ch\u00fang t\u00f4i s\u1ebd li\u00ean h\u1ec7 x\u00e1c nh\u1eadn v\u00e0 ti\u1ebfn h\u00e0nh giao h\u00e0ng.<br \/>\nN\u1ebfu sau th\u1eddi gian th\u1ecfa thu\u1eadn m\u00e0 ch\u00fang t\u00f4i kh\u00f4ng giao h\u00e0ng ho\u1eb7c kh\u00f4ng ph\u1ea3n h\u1ed3i l\u1ea1i, qu\u00fd kh\u00e1ch c\u00f3 th\u1ec3 g\u1eedi khi\u1ebfu n\u1ea1i tr\u1ef1c ti\u1ebfp v\u1ec1 \u0111\u1ecba ch\u1ec9 tr\u1ee5 s\u1edf<br \/>\nCh\u00fang t\u00f4i cam k\u1ebft kinh doanh minh b\u1ea1ch, h\u1ee3p ph\u00e1p, b\u00e1n h\u00e0ng ch\u1ea5t l\u01b0\u1ee3ng, c\u00f3 ngu\u1ed3n g\u1ed1c<\/p>\n<p>&nbsp;<\/p>","protected":false},"excerpt":{"rendered":"<p>C\u00f3 2 h\u00ecnh th\u1ee9c thanh to\u00e1n, kh\u00e1ch h\u00e0ng c\u00f3 th\u1ec3 l\u1ef1a ch\u1ecdn h\u00ecnh th\u1ee9c thu\u1eadn ti\u1ec7n v\u00e0 ph\u00f9 h\u1ee3p v\u1edbi m\u00ecnh nh\u1ea5t: C\u00e1ch 1: Thanh to\u00e1n khi nh\u1eadn h\u00e0ng (COD): V\u1edbi h\u00ecnh th\u1ee9c n\u00e0y kh\u00e1ch h\u00e0ng xem h\u00e0ng t\u1ea1i nh\u00e0, thanh to\u00e1n ti\u1ec1n m\u1eb7t cho nh\u00e2n vi\u00ean giao nh\u1eadn h\u00e0ng C\u00e1ch 2: Chuy\u1ec3n kho\u1ea3n tr\u01b0\u1edbc: [&#8230;]","protected":false},"author":1,"featured_media":0,"parent":0,"menu_order":0,"comment_status":"closed","ping_status":"closed","template":"","meta":[],"_links":{"self":[{"href":"http:\/\/handan.com.vn\/en\/wp-json\/wp\/v2\/pages\/31046"}],"collection":[{"href":"http:\/\/handan.com.vn\/en\/wp-json\/wp\/v2\/pages"}],"about":[{"href":"http:\/\/handan.com.vn\/en\/wp-json\/wp\/v2\/types\/page"}],"author":[{"embeddable":true,"href":"http:\/\/handan.com.vn\/en\/wp-json\/wp\/v2\/users\/1"}],"replies":[{"embeddable":true,"href":"http:\/\/handan.com.vn\/en\/wp-json\/wp\/v2\/comments?post=31046"}],"version-history":[{"count":2,"href":"http:\/\/handan.com.vn\/en\/wp-json\/wp\/v2\/pages\/31046\/revisions"}],"predecessor-version":[{"id":31061,"href":"http:\/\/handan.com.vn\/en\/wp-json\/wp\/v2\/pages\/31046\/revisions\/31061"}],"wp:attachment":[{"href":"http:\/\/handan.com.vn\/en\/wp-json\/wp\/v2\/media?parent=31046"}],"curies":[{"name":"wp","href":"https:\/\/api.w.org\/{rel}","templated":true}]}}