{"id":31045,"date":"2025-12-24T15:24:31","date_gmt":"2025-12-24T08:24:31","guid":{"rendered":"http:\/\/handan.com.vn\/?page_id=31045"},"modified":"2025-12-24T15:24:31","modified_gmt":"2025-12-24T08:24:31","slug":"thong-tin-ve-gia-san-pham","status":"publish","type":"page","link":"http:\/\/handan.com.vn\/en\/thong-tin-ve-gia-san-pham\/","title":{"rendered":"Th\u00f4ng tin v\u1ec1 gi\u00e1 s\u1ea3n ph\u1ea9m"},"content":{"rendered":"<p>T\u1ed5ng s\u1ed1 ti\u1ec1n thanh to\u00e1n tr\u00ean website \u0111\u00e3 bao g\u1ed3m c\u00e1c thu\u1ebf, ph\u00ed \u0111\u00f3ng g\u00f3i. V\u00e0 ch\u01b0a bao g\u1ed3m ph\u00ed v\u1eadn chuy\u1ec3n v\u00e0 c\u00e1c chi ph\u00ed ph\u00e1t sinh kh\u00e1c<br \/>\n(C\u00e1c ph\u00ed ch\u01b0a bao g\u1ed3m s\u1ebd \u0111\u01b0\u1ee3c th\u00f4ng b\u00e1o \u0111\u1ebfn kh\u00e1ch h\u00e0ng trong qu\u00e1 tr\u00ecnh nh\u00e2n vi\u00ean Handan.com.vn ti\u1ebfn h\u00e0nh x\u00e1c nh\u1eadn \u0111\u01a1n h\u00e0ng v\u1edbi qu\u00fd kh\u00e1ch. )<br \/>\nNgo\u00e0i ra, Handan.com.vn kh\u00f4ng ch\u1ecbu tr\u00e1ch nhi\u1ec7m \u0111\u1ed1i v\u1edbi c\u00e1c kho\u1ea3n ph\u00ed c\u00f3 th\u1ec3 ph\u00e1t sinh theo ch\u00ednh s\u00e1ch c\u1ee7a ng\u00e2n h\u00e0nh ph\u00e1t h\u00e0nh th\u1ebb (N\u1ebfu kh\u00e1ch h\u00e0ng l\u1ef1a ch\u1ecdn ch\u1ee9c n\u0103ng thanh to\u00e1n b\u1eb1ng ph\u01b0\u01a1ng th\u1ee9c chuy\u1ec3n kho\u1ea3n qua Ng\u00e2n h\u00e0ng)<\/p>\n<p>Gi\u00e1 b\u00e1n ni\u00eam y\u1ebft t\u1ea1i website l\u00e0 gi\u00e1 b\u00e1n ch\u00ednh th\u1ee9c \u0111\u01b0\u1ee3c Handan.com.vn \u0111\u01b0a ra cho ng\u01b0\u1eddi ti\u00eau d\u00f9ng tham kh\u1ea3o v\u00e0 giao d\u1ecbch ngay tr\u00ean website ho\u1eb7c mua b\u00e1n t\u1ea1i c\u1eeda h\u00e0ng.<br \/>\nHandan.com.vn c\u00f3 th\u1ec3 thay \u0111\u1ed5i gi\u00e1 b\u00e1n s\u1ea3n ph\u1ea9m tr\u00ean website Handan.com.vn ho\u1eb7c ng\u01b0ng b\u00e1n m\u1ed9t hay nhi\u1ec1u s\u1ea3n ph\u1ea9m v\u00e0o b\u1ea5t k\u1ef3 th\u1eddi \u0111i\u1ec3m n\u00e0o m\u00e0 kh\u00f4ng c\u1ea7n b\u00e1o tr\u01b0\u1edbc (tr\u1eeb tr\u01b0\u1eddng h\u1ee3p \u0111\u00e3 thanh to\u00e1n ho\u1eb7c \u0111\u00e3 mua b\u00e1n t\u1ea1i c\u1eeda h\u00e0ng).<\/p>\n<p>&nbsp;<\/p>","protected":false},"excerpt":{"rendered":"<p>T\u1ed5ng s\u1ed1 ti\u1ec1n thanh to\u00e1n tr\u00ean website \u0111\u00e3 bao g\u1ed3m c\u00e1c thu\u1ebf, ph\u00ed \u0111\u00f3ng g\u00f3i. V\u00e0 ch\u01b0a bao g\u1ed3m ph\u00ed v\u1eadn chuy\u1ec3n v\u00e0 c\u00e1c chi ph\u00ed ph\u00e1t sinh kh\u00e1c (C\u00e1c ph\u00ed ch\u01b0a bao g\u1ed3m s\u1ebd \u0111\u01b0\u1ee3c th\u00f4ng b\u00e1o \u0111\u1ebfn kh\u00e1ch h\u00e0ng trong qu\u00e1 tr\u00ecnh nh\u00e2n vi\u00ean Handan.com.vn ti\u1ebfn h\u00e0nh x\u00e1c nh\u1eadn \u0111\u01a1n h\u00e0ng v\u1edbi qu\u00fd [&#8230;]","protected":false},"author":1,"featured_media":0,"parent":0,"menu_order":0,"comment_status":"closed","ping_status":"closed","template":"","meta":[],"_links":{"self":[{"href":"http:\/\/handan.com.vn\/en\/wp-json\/wp\/v2\/pages\/31045"}],"collection":[{"href":"http:\/\/handan.com.vn\/en\/wp-json\/wp\/v2\/pages"}],"about":[{"href":"http:\/\/handan.com.vn\/en\/wp-json\/wp\/v2\/types\/page"}],"author":[{"embeddable":true,"href":"http:\/\/handan.com.vn\/en\/wp-json\/wp\/v2\/users\/1"}],"replies":[{"embeddable":true,"href":"http:\/\/handan.com.vn\/en\/wp-json\/wp\/v2\/comments?post=31045"}],"version-history":[{"count":1,"href":"http:\/\/handan.com.vn\/en\/wp-json\/wp\/v2\/pages\/31045\/revisions"}],"predecessor-version":[{"id":31051,"href":"http:\/\/handan.com.vn\/en\/wp-json\/wp\/v2\/pages\/31045\/revisions\/31051"}],"wp:attachment":[{"href":"http:\/\/handan.com.vn\/en\/wp-json\/wp\/v2\/media?parent=31045"}],"curies":[{"name":"wp","href":"https:\/\/api.w.org\/{rel}","templated":true}]}}