{"id":22746,"date":"2024-02-19T14:48:48","date_gmt":"2024-02-19T07:48:48","guid":{"rendered":"https:\/\/handan.com.vn\/?page_id=22746"},"modified":"2024-12-11T10:57:17","modified_gmt":"2024-12-11T03:57:17","slug":"lien-he-2","status":"publish","type":"page","link":"http:\/\/handan.com.vn\/en\/lien-he-2\/","title":{"rendered":"CONTACT"},"content":{"rendered":"<p class=\"has-large-font-size\">C\u00d4NG TY TNHH HANDAN<\/p>\n\n<ul><li><strong>Address:\u00a0 \u00a0<\/strong>L\u00f4 8, D\u1ecbch v\u1ee5 16, Khu \u0110\u00f4 Th\u1ecb T\u00e2y Nam Linh \u0110\u00e0m, Ph\u01b0\u1eddng Ho\u00e0ng Li\u1ec7t, Qu\u1eadn Ho\u00e0ng Mai, Th\u00e0nh Ph\u1ed1 H\u00e0 N\u1ed9i.<\/li><li><strong>Phone:<\/strong> 0984672555 |Zalo-Wechat-Skype<\/li><li><strong>Email:<\/strong>\u00a0sales.olivia@handan.com.vn<\/li><\/ul>\n\n<p><\/p>\n\n<p><\/p>","protected":false},"excerpt":{"rendered":"<p>C\u00d4NG TY TNHH HANDAN \u0110\u1ecba ch\u1ec9:\u00a0 \u00a0L\u00f4 8, D\u1ecbch v\u1ee5 16, Khu \u0110\u00f4 Th\u1ecb T\u00e2y Nam Linh \u0110\u00e0m, Ph\u01b0\u1eddng Ho\u00e0ng Li\u1ec7t, Qu\u1eadn Ho\u00e0ng Mai, Th\u00e0nh Ph\u1ed1 H\u00e0 N\u1ed9i. \u0110i\u1ec7n tho\u1ea1i: 0984672555 |Zalo-Wechat-Skype Email:\u00a0sales.olivia@handan.com.vn<\/p>","protected":false},"author":1,"featured_media":0,"parent":0,"menu_order":0,"comment_status":"closed","ping_status":"closed","template":"page-blank-title-center.php","meta":[],"_links":{"self":[{"href":"http:\/\/handan.com.vn\/en\/wp-json\/wp\/v2\/pages\/22746"}],"collection":[{"href":"http:\/\/handan.com.vn\/en\/wp-json\/wp\/v2\/pages"}],"about":[{"href":"http:\/\/handan.com.vn\/en\/wp-json\/wp\/v2\/types\/page"}],"author":[{"embeddable":true,"href":"http:\/\/handan.com.vn\/en\/wp-json\/wp\/v2\/users\/1"}],"replies":[{"embeddable":true,"href":"http:\/\/handan.com.vn\/en\/wp-json\/wp\/v2\/comments?post=22746"}],"version-history":[{"count":5,"href":"http:\/\/handan.com.vn\/en\/wp-json\/wp\/v2\/pages\/22746\/revisions"}],"predecessor-version":[{"id":30399,"href":"http:\/\/handan.com.vn\/en\/wp-json\/wp\/v2\/pages\/22746\/revisions\/30399"}],"wp:attachment":[{"href":"http:\/\/handan.com.vn\/en\/wp-json\/wp\/v2\/media?parent=22746"}],"curies":[{"name":"wp","href":"https:\/\/api.w.org\/{rel}","templated":true}]}}